{"id":28243,"date":"2021-08-21T13:55:30","date_gmt":"2021-08-21T10:55:30","guid":{"rendered":"http:\/\/rmaplastik.com\/?post_type=product&#038;p=28243"},"modified":"2021-08-21T13:55:30","modified_gmt":"2021-08-21T10:55:30","slug":"agzi-acik-karistiricili-tanklar","status":"publish","type":"product","link":"https:\/\/rmaplastik.com\/en\/urun\/agzi-acik-karistiricili-tanklar\/","title":{"rendered":"A\u011eZI A\u00c7IK KARI\u015eTIRICILI TANKLAR"},"content":{"rendered":"<p>Silo \u015feklinde ve benzeri kar\u015f\u0131m\u0131za \u00e7\u0131kan a\u011fz\u0131 a\u00e7\u0131k kar\u0131\u015ft\u0131r\u0131c\u0131l\u0131 tanklar, bir\u00e7ok sekt\u00f6rde kaliteli ve sa\u011flam malzeme altyap\u0131s\u0131 olarak dikkat \u00e7ekmektedir. \u00d6zellikle tank ve silo i\u00e7erisinde bekletilen \u00fcr\u00fcn\u00fcn kar\u0131\u015ft\u0131r\u0131lmas\u0131 gerekti\u011finde buna olanak sa\u011flayan sistem, pek \u00e7ok i\u015fletmenin tam da istedi\u011fi \u00fcr\u00fcn ve teknolojiyi temsil etmektedir.<\/p>\n<p>\u00dcretti\u011fimiz kaliteli dayan\u0131kl\u0131 ve sa\u011flam modellerin yan\u0131 s\u0131ra, fonksiyonel yap\u0131s\u0131yla ve kar\u0131\u015ft\u0131r\u0131c\u0131 etkisiyle \u00e7ok \u00f6zel tanklar \u00fcretmekteyiz. Malzeme noktas\u0131nda standart ayarlar kesinlikle bozulmad\u0131\u011f\u0131 gibi, dayan\u0131kl\u0131l\u0131k her zaman en \u00fcst d\u00fczeydedir.<\/p>\n<p>Kar\u0131\u015ft\u0131r\u0131c\u0131l\u0131 Silo<\/p>\n<p>\u0130htiya\u00e7lar\u0131n\u0131z\u0131 kar\u015f\u0131lamak \u00fczere kurulan pek \u00e7ok sekt\u00f6r\u00fcn, polietilen tabanl\u0131 ihtiya\u00e7lar\u0131n\u0131 en kaliteli \u015fekilde kar\u015f\u0131l\u0131yoruz. Sa\u011flam altyap\u0131l\u0131 depo, silo ve muhafaza edici y\u00fcksek alternatiflerle, \u00f6zellikle kimyasallar\u0131 ve g\u0131da gibi benzer unsurlar\u0131 saklama ve \u00fcretme noktas\u0131nda yard\u0131mc\u0131 oluyoruz.<\/p>\n<p>A\u011fz\u0131 a\u00e7\u0131k ve kar\u0131\u015ft\u0131r\u0131c\u0131 etkisinin yan\u0131 s\u0131ra genellikle salamura tank\u0131 olarak kullan\u0131lan modeller, g\u0131da sekt\u00f6r\u00fcne kaliteli malzeme altyap\u0131s\u0131 olarak destek sa\u011flamaktad\u0131r. \u00dcretimde her zaman kalite anlay\u0131\u015f\u0131n\u0131 \u00f6n planda tutmaktay\u0131z. Bu durumu, tercih etti\u011fimiz kaliteli malzeme ve \u00fcst d\u00fczey \u00fcretim unsurlar\u0131 ile daha yak\u0131ndan g\u00f6rmeniz m\u00fcmk\u00fcnd\u00fcr.<\/p>\n","protected":false},"excerpt":{"rendered":"<p>Silo \u015feklinde ve benzeri kar\u015f\u0131m\u0131za \u00e7\u0131kan a\u011fz\u0131 a\u00e7\u0131k kar\u0131\u015ft\u0131r\u0131c\u0131l\u0131 tanklar, bir\u00e7ok sekt\u00f6rde kaliteli ve sa\u011flam malzeme altyap\u0131s\u0131 olarak dikkat \u00e7ekmektedir&#8230;.<\/p>\n","protected":false},"featured_media":27481,"comment_status":"closed","ping_status":"closed","template":"","meta":[],"product_cat":[308,306],"product_tag":[],"yoast_head":"<!-- This site is optimized with the Yoast SEO plugin v20.1 - https:\/\/yoast.com\/wordpress\/plugins\/seo\/ -->\n<title>A\u011eZI A\u00c7IK KARI\u015eTIRICILI TANKLAR - RMA Plastik<\/title>\n<meta name=\"robots\" content=\"index, follow, max-snippet:-1, max-image-preview:large, max-video-preview:-1\" \/>\n<link rel=\"canonical\" href=\"https:\/\/rmaplastik.com\/urun\/agzi-acik-karistiricili-tanklar\/\" \/>\n<meta property=\"og:locale\" content=\"en_US\" \/>\n<meta property=\"og:type\" content=\"article\" \/>\n<meta property=\"og:title\" content=\"A\u011eZI A\u00c7IK KARI\u015eTIRICILI TANKLAR - RMA Plastik\" \/>\n<meta property=\"og:description\" content=\"Silo \u015feklinde ve benzeri kar\u015f\u0131m\u0131za \u00e7\u0131kan a\u011fz\u0131 a\u00e7\u0131k kar\u0131\u015ft\u0131r\u0131c\u0131l\u0131 tanklar, bir\u00e7ok sekt\u00f6rde kaliteli ve sa\u011flam malzeme altyap\u0131s\u0131 olarak dikkat \u00e7ekmektedir....\" \/>\n<meta property=\"og:url\" content=\"https:\/\/rmaplastik.com\/urun\/agzi-acik-karistiricili-tanklar\/\" \/>\n<meta property=\"og:site_name\" content=\"RMA Plastik\" \/>\n<meta property=\"article:publisher\" content=\"https:\/\/www.facebook.com\/rmaplastik\" \/>\n<meta property=\"og:image\" content=\"https:\/\/rmaplastik.com\/wp-content\/uploads\/2017\/05\/agzi-acik-karistiricilar-10.jpg\" \/>\n\t<meta property=\"og:image:width\" content=\"1024\" \/>\n\t<meta property=\"og:image:height\" content=\"768\" \/>\n\t<meta property=\"og:image:type\" content=\"image\/jpeg\" \/>\n<meta name=\"twitter:card\" content=\"summary_large_image\" \/>\n<meta name=\"twitter:label1\" content=\"Est. reading time\" \/>\n\t<meta name=\"twitter:data1\" content=\"1 minute\" \/>\n<script type=\"application\/ld+json\" class=\"yoast-schema-graph\">{\"@context\":\"https:\/\/schema.org\",\"@graph\":[{\"@type\":\"WebPage\",\"@id\":\"https:\/\/rmaplastik.com\/urun\/agzi-acik-karistiricili-tanklar\/\",\"url\":\"https:\/\/rmaplastik.com\/urun\/agzi-acik-karistiricili-tanklar\/\",\"name\":\"A\u011eZI A\u00c7IK KARI\u015eTIRICILI TANKLAR - RMA Plastik\",\"isPartOf\":{\"@id\":\"https:\/\/rmaplastik.com\/en\/#website\"},\"datePublished\":\"2021-08-21T10:55:30+00:00\",\"dateModified\":\"2021-08-21T10:55:30+00:00\",\"breadcrumb\":{\"@id\":\"https:\/\/rmaplastik.com\/urun\/agzi-acik-karistiricili-tanklar\/#breadcrumb\"},\"inLanguage\":\"en-US\",\"potentialAction\":[{\"@type\":\"ReadAction\",\"target\":[\"https:\/\/rmaplastik.com\/urun\/agzi-acik-karistiricili-tanklar\/\"]}]},{\"@type\":\"BreadcrumbList\",\"@id\":\"https:\/\/rmaplastik.com\/urun\/agzi-acik-karistiricili-tanklar\/#breadcrumb\",\"itemListElement\":[{\"@type\":\"ListItem\",\"position\":1,\"name\":\"Anasayfa\",\"item\":\"https:\/\/rmaplastik.com\/en\/\"},{\"@type\":\"ListItem\",\"position\":2,\"name\":\"\u00dcr\u00fcnler\",\"item\":\"https:\/\/rmaplastik.com\/en\/urunler\/\"},{\"@type\":\"ListItem\",\"position\":3,\"name\":\"A\u011eZI A\u00c7IK KARI\u015eTIRICILI TANKLAR\"}]},{\"@type\":\"WebSite\",\"@id\":\"https:\/\/rmaplastik.com\/en\/#website\",\"url\":\"https:\/\/rmaplastik.com\/en\/\",\"name\":\"RMA Plastik\",\"description\":\"\",\"publisher\":{\"@id\":\"https:\/\/rmaplastik.com\/en\/#organization\"},\"potentialAction\":[{\"@type\":\"SearchAction\",\"target\":{\"@type\":\"EntryPoint\",\"urlTemplate\":\"https:\/\/rmaplastik.com\/en\/?s={search_term_string}\"},\"query-input\":\"required name=search_term_string\"}],\"inLanguage\":\"en-US\"},{\"@type\":\"Organization\",\"@id\":\"https:\/\/rmaplastik.com\/en\/#organization\",\"name\":\"RMA Plastik\",\"url\":\"https:\/\/rmaplastik.com\/en\/\",\"logo\":{\"@type\":\"ImageObject\",\"inLanguage\":\"en-US\",\"@id\":\"https:\/\/rmaplastik.com\/en\/#\/schema\/logo\/image\/\",\"url\":\"https:\/\/rmaplastik.com\/wp-content\/uploads\/1.png\",\"contentUrl\":\"https:\/\/rmaplastik.com\/wp-content\/uploads\/1.png\",\"width\":179,\"height\":62,\"caption\":\"RMA Plastik\"},\"image\":{\"@id\":\"https:\/\/rmaplastik.com\/en\/#\/schema\/logo\/image\/\"},\"sameAs\":[\"https:\/\/www.facebook.com\/rmaplastik\",\"https:\/\/www.youtube.com\/channel\/UCXO7Np-P9Sp1mq1dMr6342w\"]}]}<\/script>\n<!-- \/ Yoast SEO plugin. -->","yoast_head_json":{"title":"A\u011eZI A\u00c7IK KARI\u015eTIRICILI TANKLAR - RMA Plastik","robots":{"index":"index","follow":"follow","max-snippet":"max-snippet:-1","max-image-preview":"max-image-preview:large","max-video-preview":"max-video-preview:-1"},"canonical":"https:\/\/rmaplastik.com\/urun\/agzi-acik-karistiricili-tanklar\/","og_locale":"en_US","og_type":"article","og_title":"A\u011eZI A\u00c7IK KARI\u015eTIRICILI TANKLAR - RMA Plastik","og_description":"Silo \u015feklinde ve benzeri kar\u015f\u0131m\u0131za \u00e7\u0131kan a\u011fz\u0131 a\u00e7\u0131k kar\u0131\u015ft\u0131r\u0131c\u0131l\u0131 tanklar, bir\u00e7ok sekt\u00f6rde kaliteli ve sa\u011flam malzeme altyap\u0131s\u0131 olarak dikkat \u00e7ekmektedir....","og_url":"https:\/\/rmaplastik.com\/urun\/agzi-acik-karistiricili-tanklar\/","og_site_name":"RMA Plastik","article_publisher":"https:\/\/www.facebook.com\/rmaplastik","og_image":[{"width":1024,"height":768,"url":"https:\/\/rmaplastik.com\/wp-content\/uploads\/2017\/05\/agzi-acik-karistiricilar-10.jpg","type":"image\/jpeg"}],"twitter_card":"summary_large_image","twitter_misc":{"Est. reading time":"1 minute"},"schema":{"@context":"https:\/\/schema.org","@graph":[{"@type":"WebPage","@id":"https:\/\/rmaplastik.com\/urun\/agzi-acik-karistiricili-tanklar\/","url":"https:\/\/rmaplastik.com\/urun\/agzi-acik-karistiricili-tanklar\/","name":"A\u011eZI A\u00c7IK KARI\u015eTIRICILI TANKLAR - RMA Plastik","isPartOf":{"@id":"https:\/\/rmaplastik.com\/en\/#website"},"datePublished":"2021-08-21T10:55:30+00:00","dateModified":"2021-08-21T10:55:30+00:00","breadcrumb":{"@id":"https:\/\/rmaplastik.com\/urun\/agzi-acik-karistiricili-tanklar\/#breadcrumb"},"inLanguage":"en-US","potentialAction":[{"@type":"ReadAction","target":["https:\/\/rmaplastik.com\/urun\/agzi-acik-karistiricili-tanklar\/"]}]},{"@type":"BreadcrumbList","@id":"https:\/\/rmaplastik.com\/urun\/agzi-acik-karistiricili-tanklar\/#breadcrumb","itemListElement":[{"@type":"ListItem","position":1,"name":"Anasayfa","item":"https:\/\/rmaplastik.com\/en\/"},{"@type":"ListItem","position":2,"name":"\u00dcr\u00fcnler","item":"https:\/\/rmaplastik.com\/en\/urunler\/"},{"@type":"ListItem","position":3,"name":"A\u011eZI A\u00c7IK KARI\u015eTIRICILI TANKLAR"}]},{"@type":"WebSite","@id":"https:\/\/rmaplastik.com\/en\/#website","url":"https:\/\/rmaplastik.com\/en\/","name":"RMA Plastik","description":"","publisher":{"@id":"https:\/\/rmaplastik.com\/en\/#organization"},"potentialAction":[{"@type":"SearchAction","target":{"@type":"EntryPoint","urlTemplate":"https:\/\/rmaplastik.com\/en\/?s={search_term_string}"},"query-input":"required name=search_term_string"}],"inLanguage":"en-US"},{"@type":"Organization","@id":"https:\/\/rmaplastik.com\/en\/#organization","name":"RMA Plastik","url":"https:\/\/rmaplastik.com\/en\/","logo":{"@type":"ImageObject","inLanguage":"en-US","@id":"https:\/\/rmaplastik.com\/en\/#\/schema\/logo\/image\/","url":"https:\/\/rmaplastik.com\/wp-content\/uploads\/1.png","contentUrl":"https:\/\/rmaplastik.com\/wp-content\/uploads\/1.png","width":179,"height":62,"caption":"RMA Plastik"},"image":{"@id":"https:\/\/rmaplastik.com\/en\/#\/schema\/logo\/image\/"},"sameAs":["https:\/\/www.facebook.com\/rmaplastik","https:\/\/www.youtube.com\/channel\/UCXO7Np-P9Sp1mq1dMr6342w"]}]}},"_links":{"self":[{"href":"https:\/\/rmaplastik.com\/en\/wp-json\/wp\/v2\/product\/28243"}],"collection":[{"href":"https:\/\/rmaplastik.com\/en\/wp-json\/wp\/v2\/product"}],"about":[{"href":"https:\/\/rmaplastik.com\/en\/wp-json\/wp\/v2\/types\/product"}],"replies":[{"embeddable":true,"href":"https:\/\/rmaplastik.com\/en\/wp-json\/wp\/v2\/comments?post=28243"}],"wp:featuredmedia":[{"embeddable":true,"href":"https:\/\/rmaplastik.com\/en\/wp-json\/wp\/v2\/media\/27481"}],"wp:attachment":[{"href":"https:\/\/rmaplastik.com\/en\/wp-json\/wp\/v2\/media?parent=28243"}],"wp:term":[{"taxonomy":"product_cat","embeddable":true,"href":"https:\/\/rmaplastik.com\/en\/wp-json\/wp\/v2\/product_cat?post=28243"},{"taxonomy":"product_tag","embeddable":true,"href":"https:\/\/rmaplastik.com\/en\/wp-json\/wp\/v2\/product_tag?post=28243"}],"curies":[{"name":"wp","href":"https:\/\/api.w.org\/{rel}","templated":true}]}}