{"id":26320,"date":"2017-02-06T22:39:24","date_gmt":"2017-02-06T20:39:24","guid":{"rendered":"http:\/\/rmaplastik.com\/urun\/telef-kovasi-rtlf-75-mersin\/"},"modified":"2017-03-29T11:33:04","modified_gmt":"2017-03-29T08:33:04","slug":"rtlf-75-telef-kovasi-mersin","status":"publish","type":"product","link":"https:\/\/rmaplastik.com\/en\/urun\/rtlf-75-telef-kovasi-mersin\/","title":{"rendered":"RTLF 75 &#8211; Telef Kovas\u0131"},"content":{"rendered":"<ul>\n<li>\u0130stenilen renk ve boyutta \u00fcretim yap\u0131l\u0131r.<\/li>\n<li>\u00dcst \u00fcste kullan\u0131m kolayl\u0131\u011f\u0131 vard\u0131r.<\/li>\n<li>Uzun \u00f6m\u00fcrl\u00fc ve darbelere dayan\u0131kl\u0131.<\/li>\n<\/ul>\n","protected":false},"excerpt":{"rendered":"<table class=\"urunOzellik\">\n<thead>\n<tr>\n<th>\u00dcr\u00fcn Kodu<\/th>\n<td>RLTF 75<\/td>\n<\/tr>\n<tr>\n<th>Uzunluk<\/th>\n<td>75 cm<\/td>\n<\/tr>\n<tr>\n<th>Geni\u015flik<\/th>\n<td>50 cm<\/td>\n<\/tr>\n<tr>\n<th>Y\u00fckseklik<\/th>\n<td>90\/75 cm<\/td>\n<\/tr>\n<\/thead>\n<\/table>\n","protected":false},"featured_media":25438,"comment_status":"closed","ping_status":"closed","template":"","meta":[],"product_cat":[263],"product_tag":[],"yoast_head":"<!-- This site is optimized with the Yoast SEO plugin v20.1 - https:\/\/yoast.com\/wordpress\/plugins\/seo\/ -->\n<title>RTLF 75 - Telef Kovas\u0131 - RMA Plastik<\/title>\n<meta name=\"robots\" content=\"index, follow, max-snippet:-1, max-image-preview:large, max-video-preview:-1\" \/>\n<link rel=\"canonical\" href=\"https:\/\/rmaplastik.com\/urun\/rtlf-75-telef-kovasi-mersin\/\" \/>\n<meta property=\"og:locale\" content=\"en_US\" \/>\n<meta property=\"og:type\" content=\"article\" \/>\n<meta property=\"og:title\" content=\"RTLF 75 - Telef Kovas\u0131 - RMA Plastik\" \/>\n<meta property=\"og:description\" content=\"\u00dcr\u00fcn Kodu RLTF 75   Uzunluk 75 cm   Geni\u015flik 50 cm   Y\u00fckseklik 90\/75 cm\" \/>\n<meta property=\"og:url\" content=\"https:\/\/rmaplastik.com\/urun\/rtlf-75-telef-kovasi-mersin\/\" \/>\n<meta property=\"og:site_name\" content=\"RMA Plastik\" \/>\n<meta property=\"article:publisher\" content=\"https:\/\/www.facebook.com\/rmaplastik\" \/>\n<meta property=\"article:modified_time\" content=\"2017-03-29T08:33:04+00:00\" \/>\n<meta property=\"og:image\" content=\"https:\/\/rmaplastik.com\/wp-content\/uploads\/2017\/02\/telef1.png\" \/>\n\t<meta property=\"og:image:width\" content=\"642\" \/>\n\t<meta property=\"og:image:height\" content=\"428\" \/>\n\t<meta property=\"og:image:type\" content=\"image\/png\" \/>\n<meta name=\"twitter:card\" content=\"summary_large_image\" \/>\n<script type=\"application\/ld+json\" class=\"yoast-schema-graph\">{\"@context\":\"https:\/\/schema.org\",\"@graph\":[{\"@type\":\"WebPage\",\"@id\":\"https:\/\/rmaplastik.com\/urun\/rtlf-75-telef-kovasi-mersin\/\",\"url\":\"https:\/\/rmaplastik.com\/urun\/rtlf-75-telef-kovasi-mersin\/\",\"name\":\"RTLF 75 - Telef Kovas\u0131 - RMA Plastik\",\"isPartOf\":{\"@id\":\"https:\/\/rmaplastik.com\/en\/#website\"},\"datePublished\":\"2017-02-06T20:39:24+00:00\",\"dateModified\":\"2017-03-29T08:33:04+00:00\",\"breadcrumb\":{\"@id\":\"https:\/\/rmaplastik.com\/urun\/rtlf-75-telef-kovasi-mersin\/#breadcrumb\"},\"inLanguage\":\"en-US\",\"potentialAction\":[{\"@type\":\"ReadAction\",\"target\":[\"https:\/\/rmaplastik.com\/urun\/rtlf-75-telef-kovasi-mersin\/\"]}]},{\"@type\":\"BreadcrumbList\",\"@id\":\"https:\/\/rmaplastik.com\/urun\/rtlf-75-telef-kovasi-mersin\/#breadcrumb\",\"itemListElement\":[{\"@type\":\"ListItem\",\"position\":1,\"name\":\"Anasayfa\",\"item\":\"https:\/\/rmaplastik.com\/en\/\"},{\"@type\":\"ListItem\",\"position\":2,\"name\":\"\u00dcr\u00fcnler\",\"item\":\"https:\/\/rmaplastik.com\/en\/urunler\/\"},{\"@type\":\"ListItem\",\"position\":3,\"name\":\"RTLF 75 &#8211; Telef Kovas\u0131\"}]},{\"@type\":\"WebSite\",\"@id\":\"https:\/\/rmaplastik.com\/en\/#website\",\"url\":\"https:\/\/rmaplastik.com\/en\/\",\"name\":\"RMA Plastik\",\"description\":\"\",\"publisher\":{\"@id\":\"https:\/\/rmaplastik.com\/en\/#organization\"},\"potentialAction\":[{\"@type\":\"SearchAction\",\"target\":{\"@type\":\"EntryPoint\",\"urlTemplate\":\"https:\/\/rmaplastik.com\/en\/?s={search_term_string}\"},\"query-input\":\"required name=search_term_string\"}],\"inLanguage\":\"en-US\"},{\"@type\":\"Organization\",\"@id\":\"https:\/\/rmaplastik.com\/en\/#organization\",\"name\":\"RMA Plastik\",\"url\":\"https:\/\/rmaplastik.com\/en\/\",\"logo\":{\"@type\":\"ImageObject\",\"inLanguage\":\"en-US\",\"@id\":\"https:\/\/rmaplastik.com\/en\/#\/schema\/logo\/image\/\",\"url\":\"https:\/\/rmaplastik.com\/wp-content\/uploads\/1.png\",\"contentUrl\":\"https:\/\/rmaplastik.com\/wp-content\/uploads\/1.png\",\"width\":179,\"height\":62,\"caption\":\"RMA Plastik\"},\"image\":{\"@id\":\"https:\/\/rmaplastik.com\/en\/#\/schema\/logo\/image\/\"},\"sameAs\":[\"https:\/\/www.facebook.com\/rmaplastik\",\"https:\/\/www.youtube.com\/channel\/UCXO7Np-P9Sp1mq1dMr6342w\"]}]}<\/script>\n<!-- \/ Yoast SEO plugin. -->","yoast_head_json":{"title":"RTLF 75 - Telef Kovas\u0131 - RMA Plastik","robots":{"index":"index","follow":"follow","max-snippet":"max-snippet:-1","max-image-preview":"max-image-preview:large","max-video-preview":"max-video-preview:-1"},"canonical":"https:\/\/rmaplastik.com\/urun\/rtlf-75-telef-kovasi-mersin\/","og_locale":"en_US","og_type":"article","og_title":"RTLF 75 - Telef Kovas\u0131 - RMA Plastik","og_description":"\u00dcr\u00fcn Kodu RLTF 75   Uzunluk 75 cm   Geni\u015flik 50 cm   Y\u00fckseklik 90\/75 cm","og_url":"https:\/\/rmaplastik.com\/urun\/rtlf-75-telef-kovasi-mersin\/","og_site_name":"RMA Plastik","article_publisher":"https:\/\/www.facebook.com\/rmaplastik","article_modified_time":"2017-03-29T08:33:04+00:00","og_image":[{"width":642,"height":428,"url":"https:\/\/rmaplastik.com\/wp-content\/uploads\/2017\/02\/telef1.png","type":"image\/png"}],"twitter_card":"summary_large_image","schema":{"@context":"https:\/\/schema.org","@graph":[{"@type":"WebPage","@id":"https:\/\/rmaplastik.com\/urun\/rtlf-75-telef-kovasi-mersin\/","url":"https:\/\/rmaplastik.com\/urun\/rtlf-75-telef-kovasi-mersin\/","name":"RTLF 75 - Telef Kovas\u0131 - RMA Plastik","isPartOf":{"@id":"https:\/\/rmaplastik.com\/en\/#website"},"datePublished":"2017-02-06T20:39:24+00:00","dateModified":"2017-03-29T08:33:04+00:00","breadcrumb":{"@id":"https:\/\/rmaplastik.com\/urun\/rtlf-75-telef-kovasi-mersin\/#breadcrumb"},"inLanguage":"en-US","potentialAction":[{"@type":"ReadAction","target":["https:\/\/rmaplastik.com\/urun\/rtlf-75-telef-kovasi-mersin\/"]}]},{"@type":"BreadcrumbList","@id":"https:\/\/rmaplastik.com\/urun\/rtlf-75-telef-kovasi-mersin\/#breadcrumb","itemListElement":[{"@type":"ListItem","position":1,"name":"Anasayfa","item":"https:\/\/rmaplastik.com\/en\/"},{"@type":"ListItem","position":2,"name":"\u00dcr\u00fcnler","item":"https:\/\/rmaplastik.com\/en\/urunler\/"},{"@type":"ListItem","position":3,"name":"RTLF 75 &#8211; Telef Kovas\u0131"}]},{"@type":"WebSite","@id":"https:\/\/rmaplastik.com\/en\/#website","url":"https:\/\/rmaplastik.com\/en\/","name":"RMA Plastik","description":"","publisher":{"@id":"https:\/\/rmaplastik.com\/en\/#organization"},"potentialAction":[{"@type":"SearchAction","target":{"@type":"EntryPoint","urlTemplate":"https:\/\/rmaplastik.com\/en\/?s={search_term_string}"},"query-input":"required name=search_term_string"}],"inLanguage":"en-US"},{"@type":"Organization","@id":"https:\/\/rmaplastik.com\/en\/#organization","name":"RMA Plastik","url":"https:\/\/rmaplastik.com\/en\/","logo":{"@type":"ImageObject","inLanguage":"en-US","@id":"https:\/\/rmaplastik.com\/en\/#\/schema\/logo\/image\/","url":"https:\/\/rmaplastik.com\/wp-content\/uploads\/1.png","contentUrl":"https:\/\/rmaplastik.com\/wp-content\/uploads\/1.png","width":179,"height":62,"caption":"RMA Plastik"},"image":{"@id":"https:\/\/rmaplastik.com\/en\/#\/schema\/logo\/image\/"},"sameAs":["https:\/\/www.facebook.com\/rmaplastik","https:\/\/www.youtube.com\/channel\/UCXO7Np-P9Sp1mq1dMr6342w"]}]}},"_links":{"self":[{"href":"https:\/\/rmaplastik.com\/en\/wp-json\/wp\/v2\/product\/26320"}],"collection":[{"href":"https:\/\/rmaplastik.com\/en\/wp-json\/wp\/v2\/product"}],"about":[{"href":"https:\/\/rmaplastik.com\/en\/wp-json\/wp\/v2\/types\/product"}],"replies":[{"embeddable":true,"href":"https:\/\/rmaplastik.com\/en\/wp-json\/wp\/v2\/comments?post=26320"}],"wp:featuredmedia":[{"embeddable":true,"href":"https:\/\/rmaplastik.com\/en\/wp-json\/wp\/v2\/media\/25438"}],"wp:attachment":[{"href":"https:\/\/rmaplastik.com\/en\/wp-json\/wp\/v2\/media?parent=26320"}],"wp:term":[{"taxonomy":"product_cat","embeddable":true,"href":"https:\/\/rmaplastik.com\/en\/wp-json\/wp\/v2\/product_cat?post=26320"},{"taxonomy":"product_tag","embeddable":true,"href":"https:\/\/rmaplastik.com\/en\/wp-json\/wp\/v2\/product_tag?post=26320"}],"curies":[{"name":"wp","href":"https:\/\/api.w.org\/{rel}","templated":true}]}}