{"id":26073,"date":"2017-02-05T18:55:29","date_gmt":"2017-02-05T16:55:29","guid":{"rendered":"http:\/\/rmaplastik.com\/urun\/2500-lt-polietilen-kure-su-deposu-mersin\/"},"modified":"2017-05-01T12:14:15","modified_gmt":"2017-05-01T09:14:15","slug":"kure-2500-2500-lt-polietilen-kure-su-deposu-mersin","status":"publish","type":"product","link":"https:\/\/rmaplastik.com\/en\/urun\/kure-2500-2500-lt-polietilen-kure-su-deposu-mersin\/","title":{"rendered":"K\u00dcRE 2500 &#8211; 2500 LT Polietilen K\u00fcre Su Deposu"},"content":{"rendered":"<ul>\n<li class=\"li2\"><span class=\"s3\">K\u00fcre depolar \u015fekli sebebiyle \u00f6zellikle G\u00fcney Do\u011fu ve Do\u011fu Anadolu b\u00f6lgelerinde tercih edilir.<span class=\"Apple-converted-space\">\u00a0 \u00a0<\/span><\/span><\/li>\n<li class=\"li2\"><span class=\"s3\">G\u0131daya uygunluk sertifikal\u0131d\u0131r. <\/span><\/li>\n<li class=\"li3\"><span class=\"s3\">Kimyasallarla reaksiyona girmez ve m\u00fckemmel kimyasal dayan\u0131kl\u0131l\u0131\u011f\u0131 vard\u0131r.<\/span><\/li>\n<li class=\"li3\"><span class=\"s3\">G\u00fcne\u015f \u0131\u015f\u0131\u011f\u0131ndan etkilenmez. UV katk\u0131l\u0131d\u0131r. <\/span><\/li>\n<li class=\"li3\"><span class=\"s3\">Tat, koku de\u011fi\u015fikli\u011fi olu\u015fmaz.<\/span><\/li>\n<li class=\"li3\"><span class=\"s3\">D\u00fc\u015f\u00fck yo\u011funlukta oldu\u011fu i\u00e7in esnek bir yap\u0131ya sahiptir.<\/span><\/li>\n<li class=\"li3\"><span class=\"s3\">Hijyeniktir, kanserojen madde i\u00e7ermez.<\/span><\/li>\n<li class=\"li3\"><span class=\"s3\">Ekonomik ve uzun \u00f6m\u00fcrl\u00fcd\u00fcr.<\/span><\/li>\n<li class=\"li3\"><span class=\"s3\">Monoblok tek par\u00e7a olup, kaynak, per\u00e7in, punta, lehim gibi birle\u015ftirme yoktur.<\/span><\/li>\n<li class=\"li3\"><span class=\"s3\">G\u00f6zeneksiz ve emmeye kar\u015f\u0131 dayan\u0131kl\u0131 oldu\u011fu i\u00e7in yosun tutmaz, mantar ve k\u00fcf olu\u015fmaz.<\/span><\/li>\n<li class=\"li3\"><span class=\"s3\">\u00c7\u00fcr\u00fcmez, \u00e7atlamaz, e\u011filmez, par\u00e7alanmaz ve bozulmaz.<\/span><\/li>\n<li class=\"li3\"><span class=\"s3\">Darbelere kar\u015f\u0131 dayan\u0131kl\u0131d\u0131r.<\/span><\/li>\n<li class=\"li3\"><span class=\"s3\">Korozif maddelere, ya\u011f ve petrole, ha\u015ferelere, deniz tuzu ile di\u011fer \u00e7evresel etkenlere kar\u015f\u0131 dayan\u0131kl\u0131d\u0131r.<\/span><\/li>\n<li class=\"li3\"><span class=\"s3\">Talep edilen b\u00fcy\u00fckl\u00fckte polietilen, PVC, pirin\u00e7 veya krom giri\u015f \u00e7\u0131k\u0131\u015f tak\u0131l\u0131r.<\/span><\/li>\n<li class=\"li3\"><span class=\"s3\">\u00c7ift renk \u00fcretilebilir.<\/span><\/li>\n<li class=\"li4\"><span class=\"s3\">Su, \u015falgam, meyve suyu, tur\u015fu, pekmez, sirke, s\u00fct, \u015farap, s\u0131v\u0131 ya\u011flar, glikoz gibi g\u0131dasal \u00fcr\u00fcnlerin, s\u00fclfrik asit, kostik, nitrik, lapsa, tuz ruhu, deterjan, s\u0131v\u0131 sabun gibi \u00e7e\u015fitli asit ve kimyasallar\u0131n ve mazot stoklanmas\u0131nda g\u00fcvenle kullan\u0131l\u0131r. <\/span><\/li>\n<\/ul>\n","protected":false},"excerpt":{"rendered":"<table class=\"urunOzellik\">\n<thead>\n<tr>\n<th>\u00dcr\u00fcn Kodu<\/th>\n<td>K\u00dcRE 2500<\/td>\n<\/tr>\n<tr>\n<th>Hacim<\/th>\n<td>2500 lt<\/td>\n<\/tr>\n<tr>\n<th>\u00c7ap\/Geni\u015flik<\/th>\n<td>150 cm<\/td>\n<\/tr>\n<tr>\n<th>Y\u00fckseklik<\/th>\n<td>215 cm<\/td>\n<\/tr>\n<tr>\n<th>Kapak \u00c7ap\u0131<\/th>\n<td>40 cm<\/td>\n<\/tr>\n<\/thead>\n<\/table>\n","protected":false},"featured_media":27433,"comment_status":"closed","ping_status":"closed","template":"","meta":[],"product_cat":[244],"product_tag":[],"yoast_head":"<!-- This site is optimized with the Yoast SEO plugin v20.1 - https:\/\/yoast.com\/wordpress\/plugins\/seo\/ -->\n<title>K\u00dcRE 2500 - 2500 LT Polietilen K\u00fcre Su Deposu - RMA Plastik<\/title>\n<meta name=\"robots\" content=\"index, follow, max-snippet:-1, max-image-preview:large, max-video-preview:-1\" \/>\n<link rel=\"canonical\" href=\"https:\/\/rmaplastik.com\/en\/product\/kure-2500-2500-lt-polietilen-kure-su-deposu-mersin\/\" \/>\n<meta property=\"og:locale\" content=\"en_US\" \/>\n<meta property=\"og:type\" content=\"article\" \/>\n<meta property=\"og:title\" content=\"K\u00dcRE 2500 - 2500 LT Polietilen K\u00fcre Su Deposu - RMA Plastik\" \/>\n<meta property=\"og:description\" content=\"\u00dcr\u00fcn Kodu K\u00dcRE 2500   Hacim 2500 lt   \u00c7ap\/Geni\u015flik 150 cm   Y\u00fckseklik 215 cm   Kapak \u00c7ap\u0131 40 cm\" \/>\n<meta property=\"og:url\" content=\"https:\/\/rmaplastik.com\/en\/product\/kure-2500-2500-lt-polietilen-kure-su-deposu-mersin\/\" \/>\n<meta property=\"og:site_name\" content=\"RMA Plastik\" \/>\n<meta property=\"article:publisher\" content=\"https:\/\/www.facebook.com\/rmaplastik\" \/>\n<meta property=\"article:modified_time\" content=\"2017-05-01T09:14:15+00:00\" \/>\n<meta property=\"og:image\" content=\"https:\/\/rmaplastik.com\/wp-content\/uploads\/2017\/02\/mersin-kure-1.jpg\" \/>\n\t<meta property=\"og:image:width\" content=\"769\" \/>\n\t<meta property=\"og:image:height\" content=\"1025\" \/>\n\t<meta property=\"og:image:type\" content=\"image\/jpeg\" \/>\n<meta name=\"twitter:card\" content=\"summary_large_image\" \/>\n<meta name=\"twitter:label1\" content=\"Est. reading time\" \/>\n\t<meta name=\"twitter:data1\" content=\"1 minute\" \/>\n<script type=\"application\/ld+json\" class=\"yoast-schema-graph\">{\"@context\":\"https:\/\/schema.org\",\"@graph\":[{\"@type\":\"WebPage\",\"@id\":\"https:\/\/rmaplastik.com\/en\/product\/kure-2500-2500-lt-polietilen-kure-su-deposu-mersin\/\",\"url\":\"https:\/\/rmaplastik.com\/en\/product\/kure-2500-2500-lt-polietilen-kure-su-deposu-mersin\/\",\"name\":\"K\u00dcRE 2500 - 2500 LT Polietilen K\u00fcre Su Deposu - RMA Plastik\",\"isPartOf\":{\"@id\":\"https:\/\/rmaplastik.com\/en\/#website\"},\"datePublished\":\"2017-02-05T16:55:29+00:00\",\"dateModified\":\"2017-05-01T09:14:15+00:00\",\"breadcrumb\":{\"@id\":\"https:\/\/rmaplastik.com\/en\/product\/kure-2500-2500-lt-polietilen-kure-su-deposu-mersin\/#breadcrumb\"},\"inLanguage\":\"en-US\",\"potentialAction\":[{\"@type\":\"ReadAction\",\"target\":[\"https:\/\/rmaplastik.com\/en\/product\/kure-2500-2500-lt-polietilen-kure-su-deposu-mersin\/\"]}]},{\"@type\":\"BreadcrumbList\",\"@id\":\"https:\/\/rmaplastik.com\/en\/product\/kure-2500-2500-lt-polietilen-kure-su-deposu-mersin\/#breadcrumb\",\"itemListElement\":[{\"@type\":\"ListItem\",\"position\":1,\"name\":\"Anasayfa\",\"item\":\"https:\/\/rmaplastik.com\/en\/\"},{\"@type\":\"ListItem\",\"position\":2,\"name\":\"\u00dcr\u00fcnler\",\"item\":\"https:\/\/rmaplastik.com\/en\/urunler\/\"},{\"@type\":\"ListItem\",\"position\":3,\"name\":\"K\u00dcRE 2500 &#8211; 2500 LT Polietilen K\u00fcre Su Deposu\"}]},{\"@type\":\"WebSite\",\"@id\":\"https:\/\/rmaplastik.com\/en\/#website\",\"url\":\"https:\/\/rmaplastik.com\/en\/\",\"name\":\"RMA Plastik\",\"description\":\"\",\"publisher\":{\"@id\":\"https:\/\/rmaplastik.com\/en\/#organization\"},\"potentialAction\":[{\"@type\":\"SearchAction\",\"target\":{\"@type\":\"EntryPoint\",\"urlTemplate\":\"https:\/\/rmaplastik.com\/en\/?s={search_term_string}\"},\"query-input\":\"required name=search_term_string\"}],\"inLanguage\":\"en-US\"},{\"@type\":\"Organization\",\"@id\":\"https:\/\/rmaplastik.com\/en\/#organization\",\"name\":\"RMA Plastik\",\"url\":\"https:\/\/rmaplastik.com\/en\/\",\"logo\":{\"@type\":\"ImageObject\",\"inLanguage\":\"en-US\",\"@id\":\"https:\/\/rmaplastik.com\/en\/#\/schema\/logo\/image\/\",\"url\":\"https:\/\/rmaplastik.com\/wp-content\/uploads\/1.png\",\"contentUrl\":\"https:\/\/rmaplastik.com\/wp-content\/uploads\/1.png\",\"width\":179,\"height\":62,\"caption\":\"RMA Plastik\"},\"image\":{\"@id\":\"https:\/\/rmaplastik.com\/en\/#\/schema\/logo\/image\/\"},\"sameAs\":[\"https:\/\/www.facebook.com\/rmaplastik\",\"https:\/\/www.youtube.com\/channel\/UCXO7Np-P9Sp1mq1dMr6342w\"]}]}<\/script>\n<!-- \/ Yoast SEO plugin. -->","yoast_head_json":{"title":"K\u00dcRE 2500 - 2500 LT Polietilen K\u00fcre Su Deposu - RMA Plastik","robots":{"index":"index","follow":"follow","max-snippet":"max-snippet:-1","max-image-preview":"max-image-preview:large","max-video-preview":"max-video-preview:-1"},"canonical":"https:\/\/rmaplastik.com\/en\/product\/kure-2500-2500-lt-polietilen-kure-su-deposu-mersin\/","og_locale":"en_US","og_type":"article","og_title":"K\u00dcRE 2500 - 2500 LT Polietilen K\u00fcre Su Deposu - RMA Plastik","og_description":"\u00dcr\u00fcn Kodu K\u00dcRE 2500   Hacim 2500 lt   \u00c7ap\/Geni\u015flik 150 cm   Y\u00fckseklik 215 cm   Kapak \u00c7ap\u0131 40 cm","og_url":"https:\/\/rmaplastik.com\/en\/product\/kure-2500-2500-lt-polietilen-kure-su-deposu-mersin\/","og_site_name":"RMA Plastik","article_publisher":"https:\/\/www.facebook.com\/rmaplastik","article_modified_time":"2017-05-01T09:14:15+00:00","og_image":[{"width":769,"height":1025,"url":"https:\/\/rmaplastik.com\/wp-content\/uploads\/2017\/02\/mersin-kure-1.jpg","type":"image\/jpeg"}],"twitter_card":"summary_large_image","twitter_misc":{"Est. reading time":"1 minute"},"schema":{"@context":"https:\/\/schema.org","@graph":[{"@type":"WebPage","@id":"https:\/\/rmaplastik.com\/en\/product\/kure-2500-2500-lt-polietilen-kure-su-deposu-mersin\/","url":"https:\/\/rmaplastik.com\/en\/product\/kure-2500-2500-lt-polietilen-kure-su-deposu-mersin\/","name":"K\u00dcRE 2500 - 2500 LT Polietilen K\u00fcre Su Deposu - RMA Plastik","isPartOf":{"@id":"https:\/\/rmaplastik.com\/en\/#website"},"datePublished":"2017-02-05T16:55:29+00:00","dateModified":"2017-05-01T09:14:15+00:00","breadcrumb":{"@id":"https:\/\/rmaplastik.com\/en\/product\/kure-2500-2500-lt-polietilen-kure-su-deposu-mersin\/#breadcrumb"},"inLanguage":"en-US","potentialAction":[{"@type":"ReadAction","target":["https:\/\/rmaplastik.com\/en\/product\/kure-2500-2500-lt-polietilen-kure-su-deposu-mersin\/"]}]},{"@type":"BreadcrumbList","@id":"https:\/\/rmaplastik.com\/en\/product\/kure-2500-2500-lt-polietilen-kure-su-deposu-mersin\/#breadcrumb","itemListElement":[{"@type":"ListItem","position":1,"name":"Anasayfa","item":"https:\/\/rmaplastik.com\/en\/"},{"@type":"ListItem","position":2,"name":"\u00dcr\u00fcnler","item":"https:\/\/rmaplastik.com\/en\/urunler\/"},{"@type":"ListItem","position":3,"name":"K\u00dcRE 2500 &#8211; 2500 LT Polietilen K\u00fcre Su Deposu"}]},{"@type":"WebSite","@id":"https:\/\/rmaplastik.com\/en\/#website","url":"https:\/\/rmaplastik.com\/en\/","name":"RMA Plastik","description":"","publisher":{"@id":"https:\/\/rmaplastik.com\/en\/#organization"},"potentialAction":[{"@type":"SearchAction","target":{"@type":"EntryPoint","urlTemplate":"https:\/\/rmaplastik.com\/en\/?s={search_term_string}"},"query-input":"required name=search_term_string"}],"inLanguage":"en-US"},{"@type":"Organization","@id":"https:\/\/rmaplastik.com\/en\/#organization","name":"RMA Plastik","url":"https:\/\/rmaplastik.com\/en\/","logo":{"@type":"ImageObject","inLanguage":"en-US","@id":"https:\/\/rmaplastik.com\/en\/#\/schema\/logo\/image\/","url":"https:\/\/rmaplastik.com\/wp-content\/uploads\/1.png","contentUrl":"https:\/\/rmaplastik.com\/wp-content\/uploads\/1.png","width":179,"height":62,"caption":"RMA Plastik"},"image":{"@id":"https:\/\/rmaplastik.com\/en\/#\/schema\/logo\/image\/"},"sameAs":["https:\/\/www.facebook.com\/rmaplastik","https:\/\/www.youtube.com\/channel\/UCXO7Np-P9Sp1mq1dMr6342w"]}]}},"_links":{"self":[{"href":"https:\/\/rmaplastik.com\/en\/wp-json\/wp\/v2\/product\/26073"}],"collection":[{"href":"https:\/\/rmaplastik.com\/en\/wp-json\/wp\/v2\/product"}],"about":[{"href":"https:\/\/rmaplastik.com\/en\/wp-json\/wp\/v2\/types\/product"}],"replies":[{"embeddable":true,"href":"https:\/\/rmaplastik.com\/en\/wp-json\/wp\/v2\/comments?post=26073"}],"wp:featuredmedia":[{"embeddable":true,"href":"https:\/\/rmaplastik.com\/en\/wp-json\/wp\/v2\/media\/27433"}],"wp:attachment":[{"href":"https:\/\/rmaplastik.com\/en\/wp-json\/wp\/v2\/media?parent=26073"}],"wp:term":[{"taxonomy":"product_cat","embeddable":true,"href":"https:\/\/rmaplastik.com\/en\/wp-json\/wp\/v2\/product_cat?post=26073"},{"taxonomy":"product_tag","embeddable":true,"href":"https:\/\/rmaplastik.com\/en\/wp-json\/wp\/v2\/product_tag?post=26073"}],"curies":[{"name":"wp","href":"https:\/\/api.w.org\/{rel}","templated":true}]}}