{"id":25981,"date":"2017-02-03T17:42:09","date_gmt":"2017-02-03T15:42:09","guid":{"rendered":"http:\/\/rmaplastik.com\/urun\/500-lt-yatay-cift-katmanli-su-deposu-mersin\/"},"modified":"2017-04-26T14:10:53","modified_gmt":"2017-04-26T11:10:53","slug":"sy-500-500-lt-yatay-cift-katmanli-su-deposu-mersin","status":"publish","type":"product","link":"https:\/\/rmaplastik.com\/en\/urun\/sy-500-500-lt-yatay-cift-katmanli-su-deposu-mersin\/","title":{"rendered":"SY 500 &#8211; 500 LT Yatay \u00c7ift Katmanl\u0131 Su Deposu"},"content":{"rendered":"<ul>\n<li>Su depolar\u0131 \u00e7ift katmanl\u0131, iki renk \u00fcretiliyor olup g\u00fcne\u015fe dayan\u0131kl\u0131d\u0131r (UV katk\u0131l\u0131d\u0131r).<\/li>\n<li>G\u0131daya uygunluk sertifikal\u0131d\u0131r.<\/li>\n<li>Hijyeniktir, kanserojen madde i\u00e7ermez.<\/li>\n<li>Ekonomik ve uzun \u00f6m\u00fcrl\u00fcd\u00fcr.<\/li>\n<li>Monoblok tek par\u00e7a olup, kaynak, per\u00e7in, punta, lehim gibi birle\u015ftirme yoktur.<\/li>\n<li>Darbelere kar\u015f\u0131 dayan\u0131kl\u0131d\u0131r.<\/li>\n<li>G\u00f6zeneksiz ve emmeye kar\u015f\u0131 dayan\u0131kl\u0131 oldu\u011fu i\u00e7in yosun tutmaz, mantar ve k\u00fcf olu\u015fmaz.<\/li>\n<li>\u00c7\u00fcr\u00fcmez, \u00e7atlamaz, e\u011filmez, par\u00e7alanmaz ve bozulmaz.<\/li>\n<li>Korozif maddelere, ya\u011f ve petrole, ha\u015ferelere, deniz tuzu ile di\u011fer \u00e7evresel etkenlere kar\u015f\u0131 dayan\u0131kl\u0131d\u0131r.<\/li>\n<li>Tat, koku de\u011fi\u015fikli\u011fi olu\u015fmaz.<\/li>\n<li>G\u00fcnde 200 adet \u00fcretim kapasitesiyle, h\u0131zl\u0131 teslimat yap\u0131yoruz.<\/li>\n<\/ul>\n","protected":false},"excerpt":{"rendered":"<table class=\"urunOzellik\">\n<thead>\n<tr>\n<th>\u00dcr\u00fcn Kodu<\/th>\n<td>SY 500<\/td>\n<\/tr>\n<tr>\n<th>Hacim<\/th>\n<td>500 lt<\/td>\n<\/tr>\n<tr>\n<th>\u00c7ap<\/th>\n<td>74 cm<\/td>\n<\/tr>\n<tr>\n<th>Y\u00fckseklik<\/th>\n<td>73 cm<\/td>\n<\/tr>\n<tr>\n<th>Uzunluk<\/th>\n<td>135 cm<\/td>\n<\/tr>\n<tr>\n<th>Kapak \u00c7ap\u0131<\/th>\n<td>25 cm<\/td>\n<\/tr>\n<\/thead>\n<\/table>\n","protected":false},"featured_media":25210,"comment_status":"closed","ping_status":"closed","template":"","meta":[],"product_cat":[240],"product_tag":[],"yoast_head":"<!-- This site is optimized with the Yoast SEO plugin v20.1 - https:\/\/yoast.com\/wordpress\/plugins\/seo\/ -->\n<title>SY 500 - 500 LT Yatay \u00c7ift Katmanl\u0131 Su Deposu - RMA Plastik<\/title>\n<meta name=\"robots\" content=\"index, follow, max-snippet:-1, max-image-preview:large, max-video-preview:-1\" \/>\n<link rel=\"canonical\" href=\"https:\/\/rmaplastik.com\/en\/product\/sy-500-500-lt-yatay-cift-katmanli-su-deposu-mersin\/\" \/>\n<meta property=\"og:locale\" content=\"en_US\" \/>\n<meta property=\"og:type\" content=\"article\" \/>\n<meta property=\"og:title\" content=\"SY 500 - 500 LT Yatay \u00c7ift Katmanl\u0131 Su Deposu - RMA Plastik\" \/>\n<meta property=\"og:description\" content=\"\u00dcr\u00fcn Kodu SY 500   Hacim 500 lt   \u00c7ap 74 cm   Y\u00fckseklik 73 cm   Uzunluk 135 cm   Kapak \u00c7ap\u0131 25 cm\" \/>\n<meta property=\"og:url\" content=\"https:\/\/rmaplastik.com\/en\/product\/sy-500-500-lt-yatay-cift-katmanli-su-deposu-mersin\/\" \/>\n<meta property=\"og:site_name\" content=\"RMA Plastik\" \/>\n<meta property=\"article:publisher\" content=\"https:\/\/www.facebook.com\/rmaplastik\" \/>\n<meta property=\"article:modified_time\" content=\"2017-04-26T11:10:53+00:00\" \/>\n<meta property=\"og:image\" content=\"https:\/\/rmaplastik.com\/wp-content\/uploads\/2017\/01\/sy-500.png\" \/>\n\t<meta property=\"og:image:width\" content=\"337\" \/>\n\t<meta property=\"og:image:height\" content=\"241\" \/>\n\t<meta property=\"og:image:type\" content=\"image\/png\" \/>\n<meta name=\"twitter:card\" content=\"summary_large_image\" \/>\n<meta name=\"twitter:label1\" content=\"Est. reading time\" \/>\n\t<meta name=\"twitter:data1\" content=\"1 minute\" \/>\n<script type=\"application\/ld+json\" class=\"yoast-schema-graph\">{\"@context\":\"https:\/\/schema.org\",\"@graph\":[{\"@type\":\"WebPage\",\"@id\":\"https:\/\/rmaplastik.com\/en\/product\/sy-500-500-lt-yatay-cift-katmanli-su-deposu-mersin\/\",\"url\":\"https:\/\/rmaplastik.com\/en\/product\/sy-500-500-lt-yatay-cift-katmanli-su-deposu-mersin\/\",\"name\":\"SY 500 - 500 LT Yatay \u00c7ift Katmanl\u0131 Su Deposu - RMA Plastik\",\"isPartOf\":{\"@id\":\"https:\/\/rmaplastik.com\/en\/#website\"},\"datePublished\":\"2017-02-03T15:42:09+00:00\",\"dateModified\":\"2017-04-26T11:10:53+00:00\",\"breadcrumb\":{\"@id\":\"https:\/\/rmaplastik.com\/en\/product\/sy-500-500-lt-yatay-cift-katmanli-su-deposu-mersin\/#breadcrumb\"},\"inLanguage\":\"en-US\",\"potentialAction\":[{\"@type\":\"ReadAction\",\"target\":[\"https:\/\/rmaplastik.com\/en\/product\/sy-500-500-lt-yatay-cift-katmanli-su-deposu-mersin\/\"]}]},{\"@type\":\"BreadcrumbList\",\"@id\":\"https:\/\/rmaplastik.com\/en\/product\/sy-500-500-lt-yatay-cift-katmanli-su-deposu-mersin\/#breadcrumb\",\"itemListElement\":[{\"@type\":\"ListItem\",\"position\":1,\"name\":\"Anasayfa\",\"item\":\"https:\/\/rmaplastik.com\/en\/\"},{\"@type\":\"ListItem\",\"position\":2,\"name\":\"\u00dcr\u00fcnler\",\"item\":\"https:\/\/rmaplastik.com\/en\/urunler\/\"},{\"@type\":\"ListItem\",\"position\":3,\"name\":\"SY 500 &#8211; 500 LT Yatay \u00c7ift Katmanl\u0131 Su Deposu\"}]},{\"@type\":\"WebSite\",\"@id\":\"https:\/\/rmaplastik.com\/en\/#website\",\"url\":\"https:\/\/rmaplastik.com\/en\/\",\"name\":\"RMA Plastik\",\"description\":\"\",\"publisher\":{\"@id\":\"https:\/\/rmaplastik.com\/en\/#organization\"},\"potentialAction\":[{\"@type\":\"SearchAction\",\"target\":{\"@type\":\"EntryPoint\",\"urlTemplate\":\"https:\/\/rmaplastik.com\/en\/?s={search_term_string}\"},\"query-input\":\"required name=search_term_string\"}],\"inLanguage\":\"en-US\"},{\"@type\":\"Organization\",\"@id\":\"https:\/\/rmaplastik.com\/en\/#organization\",\"name\":\"RMA Plastik\",\"url\":\"https:\/\/rmaplastik.com\/en\/\",\"logo\":{\"@type\":\"ImageObject\",\"inLanguage\":\"en-US\",\"@id\":\"https:\/\/rmaplastik.com\/en\/#\/schema\/logo\/image\/\",\"url\":\"https:\/\/rmaplastik.com\/wp-content\/uploads\/1.png\",\"contentUrl\":\"https:\/\/rmaplastik.com\/wp-content\/uploads\/1.png\",\"width\":179,\"height\":62,\"caption\":\"RMA Plastik\"},\"image\":{\"@id\":\"https:\/\/rmaplastik.com\/en\/#\/schema\/logo\/image\/\"},\"sameAs\":[\"https:\/\/www.facebook.com\/rmaplastik\",\"https:\/\/www.youtube.com\/channel\/UCXO7Np-P9Sp1mq1dMr6342w\"]}]}<\/script>\n<!-- \/ Yoast SEO plugin. -->","yoast_head_json":{"title":"SY 500 - 500 LT Yatay \u00c7ift Katmanl\u0131 Su Deposu - RMA Plastik","robots":{"index":"index","follow":"follow","max-snippet":"max-snippet:-1","max-image-preview":"max-image-preview:large","max-video-preview":"max-video-preview:-1"},"canonical":"https:\/\/rmaplastik.com\/en\/product\/sy-500-500-lt-yatay-cift-katmanli-su-deposu-mersin\/","og_locale":"en_US","og_type":"article","og_title":"SY 500 - 500 LT Yatay \u00c7ift Katmanl\u0131 Su Deposu - RMA Plastik","og_description":"\u00dcr\u00fcn Kodu SY 500   Hacim 500 lt   \u00c7ap 74 cm   Y\u00fckseklik 73 cm   Uzunluk 135 cm   Kapak \u00c7ap\u0131 25 cm","og_url":"https:\/\/rmaplastik.com\/en\/product\/sy-500-500-lt-yatay-cift-katmanli-su-deposu-mersin\/","og_site_name":"RMA Plastik","article_publisher":"https:\/\/www.facebook.com\/rmaplastik","article_modified_time":"2017-04-26T11:10:53+00:00","og_image":[{"width":337,"height":241,"url":"https:\/\/rmaplastik.com\/wp-content\/uploads\/2017\/01\/sy-500.png","type":"image\/png"}],"twitter_card":"summary_large_image","twitter_misc":{"Est. reading time":"1 minute"},"schema":{"@context":"https:\/\/schema.org","@graph":[{"@type":"WebPage","@id":"https:\/\/rmaplastik.com\/en\/product\/sy-500-500-lt-yatay-cift-katmanli-su-deposu-mersin\/","url":"https:\/\/rmaplastik.com\/en\/product\/sy-500-500-lt-yatay-cift-katmanli-su-deposu-mersin\/","name":"SY 500 - 500 LT Yatay \u00c7ift Katmanl\u0131 Su Deposu - RMA Plastik","isPartOf":{"@id":"https:\/\/rmaplastik.com\/en\/#website"},"datePublished":"2017-02-03T15:42:09+00:00","dateModified":"2017-04-26T11:10:53+00:00","breadcrumb":{"@id":"https:\/\/rmaplastik.com\/en\/product\/sy-500-500-lt-yatay-cift-katmanli-su-deposu-mersin\/#breadcrumb"},"inLanguage":"en-US","potentialAction":[{"@type":"ReadAction","target":["https:\/\/rmaplastik.com\/en\/product\/sy-500-500-lt-yatay-cift-katmanli-su-deposu-mersin\/"]}]},{"@type":"BreadcrumbList","@id":"https:\/\/rmaplastik.com\/en\/product\/sy-500-500-lt-yatay-cift-katmanli-su-deposu-mersin\/#breadcrumb","itemListElement":[{"@type":"ListItem","position":1,"name":"Anasayfa","item":"https:\/\/rmaplastik.com\/en\/"},{"@type":"ListItem","position":2,"name":"\u00dcr\u00fcnler","item":"https:\/\/rmaplastik.com\/en\/urunler\/"},{"@type":"ListItem","position":3,"name":"SY 500 &#8211; 500 LT Yatay \u00c7ift Katmanl\u0131 Su Deposu"}]},{"@type":"WebSite","@id":"https:\/\/rmaplastik.com\/en\/#website","url":"https:\/\/rmaplastik.com\/en\/","name":"RMA Plastik","description":"","publisher":{"@id":"https:\/\/rmaplastik.com\/en\/#organization"},"potentialAction":[{"@type":"SearchAction","target":{"@type":"EntryPoint","urlTemplate":"https:\/\/rmaplastik.com\/en\/?s={search_term_string}"},"query-input":"required name=search_term_string"}],"inLanguage":"en-US"},{"@type":"Organization","@id":"https:\/\/rmaplastik.com\/en\/#organization","name":"RMA Plastik","url":"https:\/\/rmaplastik.com\/en\/","logo":{"@type":"ImageObject","inLanguage":"en-US","@id":"https:\/\/rmaplastik.com\/en\/#\/schema\/logo\/image\/","url":"https:\/\/rmaplastik.com\/wp-content\/uploads\/1.png","contentUrl":"https:\/\/rmaplastik.com\/wp-content\/uploads\/1.png","width":179,"height":62,"caption":"RMA Plastik"},"image":{"@id":"https:\/\/rmaplastik.com\/en\/#\/schema\/logo\/image\/"},"sameAs":["https:\/\/www.facebook.com\/rmaplastik","https:\/\/www.youtube.com\/channel\/UCXO7Np-P9Sp1mq1dMr6342w"]}]}},"_links":{"self":[{"href":"https:\/\/rmaplastik.com\/en\/wp-json\/wp\/v2\/product\/25981"}],"collection":[{"href":"https:\/\/rmaplastik.com\/en\/wp-json\/wp\/v2\/product"}],"about":[{"href":"https:\/\/rmaplastik.com\/en\/wp-json\/wp\/v2\/types\/product"}],"replies":[{"embeddable":true,"href":"https:\/\/rmaplastik.com\/en\/wp-json\/wp\/v2\/comments?post=25981"}],"wp:featuredmedia":[{"embeddable":true,"href":"https:\/\/rmaplastik.com\/en\/wp-json\/wp\/v2\/media\/25210"}],"wp:attachment":[{"href":"https:\/\/rmaplastik.com\/en\/wp-json\/wp\/v2\/media?parent=25981"}],"wp:term":[{"taxonomy":"product_cat","embeddable":true,"href":"https:\/\/rmaplastik.com\/en\/wp-json\/wp\/v2\/product_cat?post=25981"},{"taxonomy":"product_tag","embeddable":true,"href":"https:\/\/rmaplastik.com\/en\/wp-json\/wp\/v2\/product_tag?post=25981"}],"curies":[{"name":"wp","href":"https:\/\/api.w.org\/{rel}","templated":true}]}}