{"id":25926,"date":"2017-02-03T14:38:46","date_gmt":"2017-02-03T12:38:46","guid":{"rendered":"http:\/\/rmaplastik.com\/urun\/1230-lt-silindir-tekstil-arabasi-kopya\/"},"modified":"2017-05-01T13:30:51","modified_gmt":"2017-05-01T10:30:51","slug":"rts-140-mt-1230-lt-silindir-tekstil-arabasi-mersin","status":"publish","type":"product","link":"https:\/\/rmaplastik.com\/en\/urun\/rts-140-mt-1230-lt-silindir-tekstil-arabasi-mersin\/","title":{"rendered":"RTS 140 MT &#8211; 1230 LT Silindir Tekstil Arabas\u0131"},"content":{"rendered":"<ul>\n<li class=\"p3\"><span class=\"s1\">Kullan\u0131\u015fl\u0131, hafif, esnek, ekonomik ve uzun \u00f6m\u00fcrl\u00fcd\u00fcr. <\/span><\/li>\n<li class=\"p3\"><span class=\"s1\">Hijyeniktir, kanserojen madde i\u00e7ermez.<\/span><\/li>\n<li class=\"p3\"><span class=\"s1\">Darbelere kar\u015f\u0131 dayan\u0131kl\u0131d\u0131r. <\/span><\/li>\n<li class=\"p3\"><span class=\"s1\">\u00c7\u00fcr\u00fcmez, \u00e7atlamaz, e\u011filmez, par\u00e7alanmaz ve bozulmaz. <\/span><\/li>\n<li class=\"p3\"><span class=\"s1\">UV katk\u0131l\u0131d\u0131r.<\/span><\/li>\n<li class=\"p3\"><span class=\"s1\">Kimyasallarla (tekstil boyalar\u0131yla vs) reaksiyona girmez ve m\u00fckemmel dayan\u0131kl\u0131l\u0131\u011f\u0131 vard\u0131r.<\/span><\/li>\n<li class=\"p3\"><span class=\"s1\">G\u00f6zeneksiz ve emmeye kar\u015f\u0131 dayan\u0131kl\u0131 oldu\u011fu i\u00e7in yosun tutmaz, mantar ve k\u00fcf olu\u015fmaz. <\/span><\/li>\n<li class=\"p3\"><span class=\"s1\">Plastik g\u00f6vde monoblok yani tek par\u00e7a olup, kaynak, per\u00e7in, punta, lehim gibi birle\u015ftirme yoktur.<span class=\"Apple-converted-space\">\u00a0 <\/span>Dolay\u0131s\u0131yla i\u00e7erisine konulan kuma\u015fa zarar vermez. <\/span><\/li>\n<li class=\"p3\"><span class=\"s1\">Korozif maddelere, ya\u011f ve petrole, ha\u015ferelere, deniz tuzu ile di\u011fer \u00e7evresel etkenlere kar\u015f\u0131 dayan\u0131kl\u0131d\u0131r.<\/span><\/li>\n<\/ul>\n","protected":false},"excerpt":{"rendered":"<table class=\"urunOzellik\">\n<thead>\n<tr>\n<th>\u00dcr\u00fcn Kodu<\/th>\n<td>RTS 140 MT<\/td>\n<\/tr>\n<tr>\n<th>Hacim<\/th>\n<td>1230\u00a0lt<\/td>\n<\/tr>\n<tr>\n<th>Geni\u015flik<\/th>\n<td>140 cm<\/td>\n<\/tr>\n<tr>\n<th>Y\u00fckseklik<\/th>\n<td>80 cm<\/td>\n<\/tr>\n<tr>\n<th>Teker<\/th>\n<td>150 mm<\/td>\n<\/tr>\n<\/thead>\n<\/table>\n","protected":false},"featured_media":25396,"comment_status":"closed","ping_status":"closed","template":"","meta":[],"product_cat":[258],"product_tag":[],"yoast_head":"<!-- This site is optimized with the Yoast SEO plugin v20.1 - https:\/\/yoast.com\/wordpress\/plugins\/seo\/ -->\n<title>RTS 140 MT - 1230 LT Silindir Tekstil Arabas\u0131 - RMA Plastik<\/title>\n<meta name=\"robots\" content=\"index, follow, max-snippet:-1, max-image-preview:large, max-video-preview:-1\" \/>\n<link rel=\"canonical\" href=\"https:\/\/rmaplastik.com\/urun\/rts-140-mt-1230-lt-silindir-tekstil-arabasi-mersin\/\" \/>\n<meta property=\"og:locale\" content=\"en_US\" \/>\n<meta property=\"og:type\" content=\"article\" \/>\n<meta property=\"og:title\" content=\"RTS 140 MT - 1230 LT Silindir Tekstil Arabas\u0131 - RMA Plastik\" \/>\n<meta property=\"og:description\" content=\"\u00dcr\u00fcn Kodu RTS 140 MT   Hacim 1230\u00a0lt   Geni\u015flik 140 cm   Y\u00fckseklik 80 cm   Teker 150 mm\" \/>\n<meta property=\"og:url\" content=\"https:\/\/rmaplastik.com\/urun\/rts-140-mt-1230-lt-silindir-tekstil-arabasi-mersin\/\" \/>\n<meta property=\"og:site_name\" content=\"RMA Plastik\" \/>\n<meta property=\"article:publisher\" content=\"https:\/\/www.facebook.com\/rmaplastik\" \/>\n<meta property=\"article:modified_time\" content=\"2017-05-01T10:30:51+00:00\" \/>\n<meta property=\"og:image\" content=\"https:\/\/rmaplastik.com\/wp-content\/uploads\/2017\/02\/rts-160.png\" \/>\n\t<meta property=\"og:image:width\" content=\"642\" \/>\n\t<meta property=\"og:image:height\" content=\"522\" \/>\n\t<meta property=\"og:image:type\" content=\"image\/png\" \/>\n<meta name=\"twitter:card\" content=\"summary_large_image\" \/>\n<meta name=\"twitter:label1\" content=\"Est. reading time\" \/>\n\t<meta name=\"twitter:data1\" content=\"1 minute\" \/>\n<script type=\"application\/ld+json\" class=\"yoast-schema-graph\">{\"@context\":\"https:\/\/schema.org\",\"@graph\":[{\"@type\":\"WebPage\",\"@id\":\"https:\/\/rmaplastik.com\/urun\/rts-140-mt-1230-lt-silindir-tekstil-arabasi-mersin\/\",\"url\":\"https:\/\/rmaplastik.com\/urun\/rts-140-mt-1230-lt-silindir-tekstil-arabasi-mersin\/\",\"name\":\"RTS 140 MT - 1230 LT Silindir Tekstil Arabas\u0131 - RMA Plastik\",\"isPartOf\":{\"@id\":\"https:\/\/rmaplastik.com\/en\/#website\"},\"datePublished\":\"2017-02-03T12:38:46+00:00\",\"dateModified\":\"2017-05-01T10:30:51+00:00\",\"breadcrumb\":{\"@id\":\"https:\/\/rmaplastik.com\/urun\/rts-140-mt-1230-lt-silindir-tekstil-arabasi-mersin\/#breadcrumb\"},\"inLanguage\":\"en-US\",\"potentialAction\":[{\"@type\":\"ReadAction\",\"target\":[\"https:\/\/rmaplastik.com\/urun\/rts-140-mt-1230-lt-silindir-tekstil-arabasi-mersin\/\"]}]},{\"@type\":\"BreadcrumbList\",\"@id\":\"https:\/\/rmaplastik.com\/urun\/rts-140-mt-1230-lt-silindir-tekstil-arabasi-mersin\/#breadcrumb\",\"itemListElement\":[{\"@type\":\"ListItem\",\"position\":1,\"name\":\"Anasayfa\",\"item\":\"https:\/\/rmaplastik.com\/en\/\"},{\"@type\":\"ListItem\",\"position\":2,\"name\":\"\u00dcr\u00fcnler\",\"item\":\"https:\/\/rmaplastik.com\/en\/urunler\/\"},{\"@type\":\"ListItem\",\"position\":3,\"name\":\"RTS 140 MT &#8211; 1230 LT Silindir Tekstil Arabas\u0131\"}]},{\"@type\":\"WebSite\",\"@id\":\"https:\/\/rmaplastik.com\/en\/#website\",\"url\":\"https:\/\/rmaplastik.com\/en\/\",\"name\":\"RMA Plastik\",\"description\":\"\",\"publisher\":{\"@id\":\"https:\/\/rmaplastik.com\/en\/#organization\"},\"potentialAction\":[{\"@type\":\"SearchAction\",\"target\":{\"@type\":\"EntryPoint\",\"urlTemplate\":\"https:\/\/rmaplastik.com\/en\/?s={search_term_string}\"},\"query-input\":\"required name=search_term_string\"}],\"inLanguage\":\"en-US\"},{\"@type\":\"Organization\",\"@id\":\"https:\/\/rmaplastik.com\/en\/#organization\",\"name\":\"RMA Plastik\",\"url\":\"https:\/\/rmaplastik.com\/en\/\",\"logo\":{\"@type\":\"ImageObject\",\"inLanguage\":\"en-US\",\"@id\":\"https:\/\/rmaplastik.com\/en\/#\/schema\/logo\/image\/\",\"url\":\"https:\/\/rmaplastik.com\/wp-content\/uploads\/1.png\",\"contentUrl\":\"https:\/\/rmaplastik.com\/wp-content\/uploads\/1.png\",\"width\":179,\"height\":62,\"caption\":\"RMA Plastik\"},\"image\":{\"@id\":\"https:\/\/rmaplastik.com\/en\/#\/schema\/logo\/image\/\"},\"sameAs\":[\"https:\/\/www.facebook.com\/rmaplastik\",\"https:\/\/www.youtube.com\/channel\/UCXO7Np-P9Sp1mq1dMr6342w\"]}]}<\/script>\n<!-- \/ Yoast SEO plugin. -->","yoast_head_json":{"title":"RTS 140 MT - 1230 LT Silindir Tekstil Arabas\u0131 - RMA Plastik","robots":{"index":"index","follow":"follow","max-snippet":"max-snippet:-1","max-image-preview":"max-image-preview:large","max-video-preview":"max-video-preview:-1"},"canonical":"https:\/\/rmaplastik.com\/urun\/rts-140-mt-1230-lt-silindir-tekstil-arabasi-mersin\/","og_locale":"en_US","og_type":"article","og_title":"RTS 140 MT - 1230 LT Silindir Tekstil Arabas\u0131 - RMA Plastik","og_description":"\u00dcr\u00fcn Kodu RTS 140 MT   Hacim 1230\u00a0lt   Geni\u015flik 140 cm   Y\u00fckseklik 80 cm   Teker 150 mm","og_url":"https:\/\/rmaplastik.com\/urun\/rts-140-mt-1230-lt-silindir-tekstil-arabasi-mersin\/","og_site_name":"RMA Plastik","article_publisher":"https:\/\/www.facebook.com\/rmaplastik","article_modified_time":"2017-05-01T10:30:51+00:00","og_image":[{"width":642,"height":522,"url":"https:\/\/rmaplastik.com\/wp-content\/uploads\/2017\/02\/rts-160.png","type":"image\/png"}],"twitter_card":"summary_large_image","twitter_misc":{"Est. reading time":"1 minute"},"schema":{"@context":"https:\/\/schema.org","@graph":[{"@type":"WebPage","@id":"https:\/\/rmaplastik.com\/urun\/rts-140-mt-1230-lt-silindir-tekstil-arabasi-mersin\/","url":"https:\/\/rmaplastik.com\/urun\/rts-140-mt-1230-lt-silindir-tekstil-arabasi-mersin\/","name":"RTS 140 MT - 1230 LT Silindir Tekstil Arabas\u0131 - RMA Plastik","isPartOf":{"@id":"https:\/\/rmaplastik.com\/en\/#website"},"datePublished":"2017-02-03T12:38:46+00:00","dateModified":"2017-05-01T10:30:51+00:00","breadcrumb":{"@id":"https:\/\/rmaplastik.com\/urun\/rts-140-mt-1230-lt-silindir-tekstil-arabasi-mersin\/#breadcrumb"},"inLanguage":"en-US","potentialAction":[{"@type":"ReadAction","target":["https:\/\/rmaplastik.com\/urun\/rts-140-mt-1230-lt-silindir-tekstil-arabasi-mersin\/"]}]},{"@type":"BreadcrumbList","@id":"https:\/\/rmaplastik.com\/urun\/rts-140-mt-1230-lt-silindir-tekstil-arabasi-mersin\/#breadcrumb","itemListElement":[{"@type":"ListItem","position":1,"name":"Anasayfa","item":"https:\/\/rmaplastik.com\/en\/"},{"@type":"ListItem","position":2,"name":"\u00dcr\u00fcnler","item":"https:\/\/rmaplastik.com\/en\/urunler\/"},{"@type":"ListItem","position":3,"name":"RTS 140 MT &#8211; 1230 LT Silindir Tekstil Arabas\u0131"}]},{"@type":"WebSite","@id":"https:\/\/rmaplastik.com\/en\/#website","url":"https:\/\/rmaplastik.com\/en\/","name":"RMA Plastik","description":"","publisher":{"@id":"https:\/\/rmaplastik.com\/en\/#organization"},"potentialAction":[{"@type":"SearchAction","target":{"@type":"EntryPoint","urlTemplate":"https:\/\/rmaplastik.com\/en\/?s={search_term_string}"},"query-input":"required name=search_term_string"}],"inLanguage":"en-US"},{"@type":"Organization","@id":"https:\/\/rmaplastik.com\/en\/#organization","name":"RMA Plastik","url":"https:\/\/rmaplastik.com\/en\/","logo":{"@type":"ImageObject","inLanguage":"en-US","@id":"https:\/\/rmaplastik.com\/en\/#\/schema\/logo\/image\/","url":"https:\/\/rmaplastik.com\/wp-content\/uploads\/1.png","contentUrl":"https:\/\/rmaplastik.com\/wp-content\/uploads\/1.png","width":179,"height":62,"caption":"RMA Plastik"},"image":{"@id":"https:\/\/rmaplastik.com\/en\/#\/schema\/logo\/image\/"},"sameAs":["https:\/\/www.facebook.com\/rmaplastik","https:\/\/www.youtube.com\/channel\/UCXO7Np-P9Sp1mq1dMr6342w"]}]}},"_links":{"self":[{"href":"https:\/\/rmaplastik.com\/en\/wp-json\/wp\/v2\/product\/25926"}],"collection":[{"href":"https:\/\/rmaplastik.com\/en\/wp-json\/wp\/v2\/product"}],"about":[{"href":"https:\/\/rmaplastik.com\/en\/wp-json\/wp\/v2\/types\/product"}],"replies":[{"embeddable":true,"href":"https:\/\/rmaplastik.com\/en\/wp-json\/wp\/v2\/comments?post=25926"}],"wp:featuredmedia":[{"embeddable":true,"href":"https:\/\/rmaplastik.com\/en\/wp-json\/wp\/v2\/media\/25396"}],"wp:attachment":[{"href":"https:\/\/rmaplastik.com\/en\/wp-json\/wp\/v2\/media?parent=25926"}],"wp:term":[{"taxonomy":"product_cat","embeddable":true,"href":"https:\/\/rmaplastik.com\/en\/wp-json\/wp\/v2\/product_cat?post=25926"},{"taxonomy":"product_tag","embeddable":true,"href":"https:\/\/rmaplastik.com\/en\/wp-json\/wp\/v2\/product_tag?post=25926"}],"curies":[{"name":"wp","href":"https:\/\/api.w.org\/{rel}","templated":true}]}}