{"id":25907,"date":"2017-02-03T14:03:26","date_gmt":"2017-02-03T12:03:26","guid":{"rendered":"http:\/\/rmaplastik.com\/urun\/1000-lt-karistiricili-silo-tank-rs-1001-mersin\/"},"modified":"2017-03-14T12:50:03","modified_gmt":"2017-03-14T10:50:03","slug":"rs-1001-1000-lt-karistiricili-silo-tank","status":"publish","type":"product","link":"https:\/\/rmaplastik.com\/en\/urun\/rs-1001-1000-lt-karistiricili-silo-tank\/","title":{"rendered":"RS 1001 &#8211; 1000 LT Kar\u0131\u015ft\u0131r\u0131c\u0131l\u0131 Silo Tank"},"content":{"rendered":"<ul>\n<li>Kimyasal madde haz\u0131rlama ve stoklama depolar\u0131.<\/li>\n<li>\u0130\u00e7erisine koyulan kimyasal malzeme ile reaksiyona girmez.<\/li>\n<li>Konik \u00f6zelli\u011finden dolay\u0131 s\u0131f\u0131r bo\u015falt\u0131m sa\u011flar<\/li>\n<li>Kullan\u0131m amac\u0131na g\u00f6re depolar\u0131n i\u00e7erisine mikser, haval\u0131 kar\u0131\u015ft\u0131r\u0131c\u0131 monte edilir.<\/li>\n<li>T\u00fcm ba\u011flant\u0131 elemanlar\u0131 polietilendir.<\/li>\n<li>Tanklar\u0131n i\u00e7ine glikoz,lapsa kimyasal konulabilir.<\/li>\n<li>Deponun \u00fczerine istenilen yerden ve b\u00fcy\u00fckl\u00fckte polietilen \u00e7\u0131k\u0131\u015f yap\u0131l\u0131r.<\/li>\n<li>Deponun konik oldu\u011fundan dolay\u0131 metal konstriksiyon ile desteklenmesi gerekiyor.<\/li>\n<li>Metal konik y\u00fcksekli\u011fi iste\u011fe uygun olarak yap\u0131l\u0131r.<\/li>\n<li>Silolara istenilen DK\/dev. redikt\u00f6r tak\u0131l\u0131r.<\/li>\n<li>Krom kanat ve mil monte edilir,polietilen kaplama yap\u0131l\u0131r.<\/li>\n<li>\u00c7ama\u015f\u0131r suyu,tuz ruhu,el sabunu yap\u0131m\u0131nda kullan\u0131l\u0131r.<\/li>\n<li>Tanklar\u0131n i\u00e7erisine rezistans ve \u0131s\u0131tma tertibat\u0131 monte edilir.<\/li>\n<li>Depolara iste\u011fe uygun \u00e7\u0131k\u0131\u015f ve vana monte edilebilir.<\/li>\n<\/ul>\n","protected":false},"excerpt":{"rendered":"<table class=\"urunOzellik\">\n<thead>\n<tr>\n<th>\u00dcr\u00fcn Kodu<\/th>\n<td>RS 1001<\/td>\n<\/tr>\n<tr>\n<th>Hacim<\/th>\n<td>1000 lt<\/td>\n<\/tr>\n<tr>\n<th>\u00c7ap<\/th>\n<td>120\u00a0cm<\/td>\n<\/tr>\n<tr>\n<th>Y\u00fckseklik<\/th>\n<td>160 cm<\/td>\n<\/tr>\n<tr>\n<th>Konik Y\u00fck.<\/th>\n<td>80 cm<\/td>\n<\/tr>\n<tr>\n<th>Kapak \u00c7ap\u0131<\/th>\n<td>40 cm<\/td>\n<\/tr>\n<\/thead>\n<\/table>\n","protected":false},"featured_media":25361,"comment_status":"closed","ping_status":"closed","template":"","meta":[],"product_cat":[252],"product_tag":[],"yoast_head":"<!-- This site is optimized with the Yoast SEO plugin v20.1 - https:\/\/yoast.com\/wordpress\/plugins\/seo\/ -->\n<title>RS 1001 - 1000 LT Kar\u0131\u015ft\u0131r\u0131c\u0131l\u0131 Silo Tank - RMA Plastik<\/title>\n<meta name=\"robots\" content=\"index, follow, max-snippet:-1, max-image-preview:large, max-video-preview:-1\" \/>\n<link rel=\"canonical\" href=\"https:\/\/rmaplastik.com\/urun\/rs-1001-1000-lt-karistiricili-silo-tank\/\" \/>\n<meta property=\"og:locale\" content=\"en_US\" \/>\n<meta property=\"og:type\" content=\"article\" \/>\n<meta property=\"og:title\" content=\"RS 1001 - 1000 LT Kar\u0131\u015ft\u0131r\u0131c\u0131l\u0131 Silo Tank - RMA Plastik\" \/>\n<meta property=\"og:description\" content=\"\u00dcr\u00fcn Kodu RS 1001   Hacim 1000 lt   \u00c7ap 120\u00a0cm   Y\u00fckseklik 160 cm   Konik Y\u00fck. 80 cm   Kapak \u00c7ap\u0131 40 cm\" \/>\n<meta property=\"og:url\" content=\"https:\/\/rmaplastik.com\/urun\/rs-1001-1000-lt-karistiricili-silo-tank\/\" \/>\n<meta property=\"og:site_name\" content=\"RMA Plastik\" \/>\n<meta property=\"article:publisher\" content=\"https:\/\/www.facebook.com\/rmaplastik\" \/>\n<meta property=\"article:modified_time\" content=\"2017-03-14T10:50:03+00:00\" \/>\n<meta property=\"og:image\" content=\"https:\/\/rmaplastik.com\/wp-content\/uploads\/2017\/02\/mikserlisilo.png\" \/>\n\t<meta property=\"og:image:width\" content=\"580\" \/>\n\t<meta property=\"og:image:height\" content=\"522\" \/>\n\t<meta property=\"og:image:type\" content=\"image\/png\" \/>\n<meta name=\"twitter:card\" content=\"summary_large_image\" \/>\n<meta name=\"twitter:label1\" content=\"Est. reading time\" \/>\n\t<meta name=\"twitter:data1\" content=\"1 minute\" \/>\n<script type=\"application\/ld+json\" class=\"yoast-schema-graph\">{\"@context\":\"https:\/\/schema.org\",\"@graph\":[{\"@type\":\"WebPage\",\"@id\":\"https:\/\/rmaplastik.com\/urun\/rs-1001-1000-lt-karistiricili-silo-tank\/\",\"url\":\"https:\/\/rmaplastik.com\/urun\/rs-1001-1000-lt-karistiricili-silo-tank\/\",\"name\":\"RS 1001 - 1000 LT Kar\u0131\u015ft\u0131r\u0131c\u0131l\u0131 Silo Tank - RMA Plastik\",\"isPartOf\":{\"@id\":\"https:\/\/rmaplastik.com\/en\/#website\"},\"datePublished\":\"2017-02-03T12:03:26+00:00\",\"dateModified\":\"2017-03-14T10:50:03+00:00\",\"breadcrumb\":{\"@id\":\"https:\/\/rmaplastik.com\/urun\/rs-1001-1000-lt-karistiricili-silo-tank\/#breadcrumb\"},\"inLanguage\":\"en-US\",\"potentialAction\":[{\"@type\":\"ReadAction\",\"target\":[\"https:\/\/rmaplastik.com\/urun\/rs-1001-1000-lt-karistiricili-silo-tank\/\"]}]},{\"@type\":\"BreadcrumbList\",\"@id\":\"https:\/\/rmaplastik.com\/urun\/rs-1001-1000-lt-karistiricili-silo-tank\/#breadcrumb\",\"itemListElement\":[{\"@type\":\"ListItem\",\"position\":1,\"name\":\"Anasayfa\",\"item\":\"https:\/\/rmaplastik.com\/en\/\"},{\"@type\":\"ListItem\",\"position\":2,\"name\":\"\u00dcr\u00fcnler\",\"item\":\"https:\/\/rmaplastik.com\/en\/urunler\/\"},{\"@type\":\"ListItem\",\"position\":3,\"name\":\"RS 1001 &#8211; 1000 LT Kar\u0131\u015ft\u0131r\u0131c\u0131l\u0131 Silo Tank\"}]},{\"@type\":\"WebSite\",\"@id\":\"https:\/\/rmaplastik.com\/en\/#website\",\"url\":\"https:\/\/rmaplastik.com\/en\/\",\"name\":\"RMA Plastik\",\"description\":\"\",\"publisher\":{\"@id\":\"https:\/\/rmaplastik.com\/en\/#organization\"},\"potentialAction\":[{\"@type\":\"SearchAction\",\"target\":{\"@type\":\"EntryPoint\",\"urlTemplate\":\"https:\/\/rmaplastik.com\/en\/?s={search_term_string}\"},\"query-input\":\"required name=search_term_string\"}],\"inLanguage\":\"en-US\"},{\"@type\":\"Organization\",\"@id\":\"https:\/\/rmaplastik.com\/en\/#organization\",\"name\":\"RMA Plastik\",\"url\":\"https:\/\/rmaplastik.com\/en\/\",\"logo\":{\"@type\":\"ImageObject\",\"inLanguage\":\"en-US\",\"@id\":\"https:\/\/rmaplastik.com\/en\/#\/schema\/logo\/image\/\",\"url\":\"https:\/\/rmaplastik.com\/wp-content\/uploads\/1.png\",\"contentUrl\":\"https:\/\/rmaplastik.com\/wp-content\/uploads\/1.png\",\"width\":179,\"height\":62,\"caption\":\"RMA Plastik\"},\"image\":{\"@id\":\"https:\/\/rmaplastik.com\/en\/#\/schema\/logo\/image\/\"},\"sameAs\":[\"https:\/\/www.facebook.com\/rmaplastik\",\"https:\/\/www.youtube.com\/channel\/UCXO7Np-P9Sp1mq1dMr6342w\"]}]}<\/script>\n<!-- \/ Yoast SEO plugin. -->","yoast_head_json":{"title":"RS 1001 - 1000 LT Kar\u0131\u015ft\u0131r\u0131c\u0131l\u0131 Silo Tank - RMA Plastik","robots":{"index":"index","follow":"follow","max-snippet":"max-snippet:-1","max-image-preview":"max-image-preview:large","max-video-preview":"max-video-preview:-1"},"canonical":"https:\/\/rmaplastik.com\/urun\/rs-1001-1000-lt-karistiricili-silo-tank\/","og_locale":"en_US","og_type":"article","og_title":"RS 1001 - 1000 LT Kar\u0131\u015ft\u0131r\u0131c\u0131l\u0131 Silo Tank - RMA Plastik","og_description":"\u00dcr\u00fcn Kodu RS 1001   Hacim 1000 lt   \u00c7ap 120\u00a0cm   Y\u00fckseklik 160 cm   Konik Y\u00fck. 80 cm   Kapak \u00c7ap\u0131 40 cm","og_url":"https:\/\/rmaplastik.com\/urun\/rs-1001-1000-lt-karistiricili-silo-tank\/","og_site_name":"RMA Plastik","article_publisher":"https:\/\/www.facebook.com\/rmaplastik","article_modified_time":"2017-03-14T10:50:03+00:00","og_image":[{"width":580,"height":522,"url":"https:\/\/rmaplastik.com\/wp-content\/uploads\/2017\/02\/mikserlisilo.png","type":"image\/png"}],"twitter_card":"summary_large_image","twitter_misc":{"Est. reading time":"1 minute"},"schema":{"@context":"https:\/\/schema.org","@graph":[{"@type":"WebPage","@id":"https:\/\/rmaplastik.com\/urun\/rs-1001-1000-lt-karistiricili-silo-tank\/","url":"https:\/\/rmaplastik.com\/urun\/rs-1001-1000-lt-karistiricili-silo-tank\/","name":"RS 1001 - 1000 LT Kar\u0131\u015ft\u0131r\u0131c\u0131l\u0131 Silo Tank - RMA Plastik","isPartOf":{"@id":"https:\/\/rmaplastik.com\/en\/#website"},"datePublished":"2017-02-03T12:03:26+00:00","dateModified":"2017-03-14T10:50:03+00:00","breadcrumb":{"@id":"https:\/\/rmaplastik.com\/urun\/rs-1001-1000-lt-karistiricili-silo-tank\/#breadcrumb"},"inLanguage":"en-US","potentialAction":[{"@type":"ReadAction","target":["https:\/\/rmaplastik.com\/urun\/rs-1001-1000-lt-karistiricili-silo-tank\/"]}]},{"@type":"BreadcrumbList","@id":"https:\/\/rmaplastik.com\/urun\/rs-1001-1000-lt-karistiricili-silo-tank\/#breadcrumb","itemListElement":[{"@type":"ListItem","position":1,"name":"Anasayfa","item":"https:\/\/rmaplastik.com\/en\/"},{"@type":"ListItem","position":2,"name":"\u00dcr\u00fcnler","item":"https:\/\/rmaplastik.com\/en\/urunler\/"},{"@type":"ListItem","position":3,"name":"RS 1001 &#8211; 1000 LT Kar\u0131\u015ft\u0131r\u0131c\u0131l\u0131 Silo Tank"}]},{"@type":"WebSite","@id":"https:\/\/rmaplastik.com\/en\/#website","url":"https:\/\/rmaplastik.com\/en\/","name":"RMA Plastik","description":"","publisher":{"@id":"https:\/\/rmaplastik.com\/en\/#organization"},"potentialAction":[{"@type":"SearchAction","target":{"@type":"EntryPoint","urlTemplate":"https:\/\/rmaplastik.com\/en\/?s={search_term_string}"},"query-input":"required name=search_term_string"}],"inLanguage":"en-US"},{"@type":"Organization","@id":"https:\/\/rmaplastik.com\/en\/#organization","name":"RMA Plastik","url":"https:\/\/rmaplastik.com\/en\/","logo":{"@type":"ImageObject","inLanguage":"en-US","@id":"https:\/\/rmaplastik.com\/en\/#\/schema\/logo\/image\/","url":"https:\/\/rmaplastik.com\/wp-content\/uploads\/1.png","contentUrl":"https:\/\/rmaplastik.com\/wp-content\/uploads\/1.png","width":179,"height":62,"caption":"RMA Plastik"},"image":{"@id":"https:\/\/rmaplastik.com\/en\/#\/schema\/logo\/image\/"},"sameAs":["https:\/\/www.facebook.com\/rmaplastik","https:\/\/www.youtube.com\/channel\/UCXO7Np-P9Sp1mq1dMr6342w"]}]}},"_links":{"self":[{"href":"https:\/\/rmaplastik.com\/en\/wp-json\/wp\/v2\/product\/25907"}],"collection":[{"href":"https:\/\/rmaplastik.com\/en\/wp-json\/wp\/v2\/product"}],"about":[{"href":"https:\/\/rmaplastik.com\/en\/wp-json\/wp\/v2\/types\/product"}],"replies":[{"embeddable":true,"href":"https:\/\/rmaplastik.com\/en\/wp-json\/wp\/v2\/comments?post=25907"}],"wp:featuredmedia":[{"embeddable":true,"href":"https:\/\/rmaplastik.com\/en\/wp-json\/wp\/v2\/media\/25361"}],"wp:attachment":[{"href":"https:\/\/rmaplastik.com\/en\/wp-json\/wp\/v2\/media?parent=25907"}],"wp:term":[{"taxonomy":"product_cat","embeddable":true,"href":"https:\/\/rmaplastik.com\/en\/wp-json\/wp\/v2\/product_cat?post=25907"},{"taxonomy":"product_tag","embeddable":true,"href":"https:\/\/rmaplastik.com\/en\/wp-json\/wp\/v2\/product_tag?post=25907"}],"curies":[{"name":"wp","href":"https:\/\/api.w.org\/{rel}","templated":true}]}}