{"id":25884,"date":"2017-02-03T13:27:12","date_gmt":"2017-02-03T11:27:12","guid":{"rendered":"http:\/\/rmaplastik.com\/urun\/7000-lt-salamura-tanki-mersin\/"},"modified":"2017-03-14T12:35:31","modified_gmt":"2017-03-14T10:35:31","slug":"rds-7000-7000-lt-salamura-tanki-mersin","status":"publish","type":"product","link":"https:\/\/rmaplastik.com\/en\/urun\/rds-7000-7000-lt-salamura-tanki-mersin\/","title":{"rendered":"RDS 7000 &#8211; 7000 LT Salamura Tank\u0131"},"content":{"rendered":"<ul>\n<li>\u00d6zellikle zeytin salamuras\u0131nda kullan\u0131l\u0131r.<\/li>\n<li>\u00dcst a\u011f\u0131z k\u0131sm\u0131 komple a\u00e7\u0131k olup, delikli bask\u0131 seperat\u00f6r\u00fc vard\u0131r. Seperat\u00f6r kapa\u011f\u0131n \u00fczerinde numune alma kapa\u011f\u0131 vard\u0131r.<\/li>\n<li>\u0130stenilirse \u00fcst \u00f6rt\u00fc kapa\u011f\u0131 kullan\u0131l\u0131r.<\/li>\n<li>\u0130\u00e7erisine konulan malzeme ile reaksiyona girmez.<\/li>\n<li>G\u0131da kodeksine uygundur.<\/li>\n<\/ul>\n","protected":false},"excerpt":{"rendered":"<table class=\"urunOzellik\">\n<thead>\n<tr>\n<th>\u00dcr\u00fcn Kodu<\/th>\n<td>RDS 7000<\/td>\n<\/tr>\n<tr>\n<th>Hacim<\/th>\n<td>7000 lt<\/td>\n<\/tr>\n<tr>\n<th>\u00c7ap<\/th>\n<td>220 cm<\/td>\n<\/tr>\n<tr>\n<th>Y\u00fckseklik<\/th>\n<td>185 cm<\/td>\n<\/tr>\n<tr>\n<th>\u00c7\u0131k\u0131\u015f<\/th>\n<td>2 in\u00e7 PE K\u00f6rtapa<\/td>\n<\/tr>\n<tr>\n<th>Kapak<\/th>\n<td>Bask\u0131 Kapak<\/td>\n<\/tr>\n<\/thead>\n<\/table>\n","protected":false},"featured_media":25342,"comment_status":"closed","ping_status":"closed","template":"","meta":[],"product_cat":[249],"product_tag":[],"yoast_head":"<!-- This site is optimized with the Yoast SEO plugin v20.1 - https:\/\/yoast.com\/wordpress\/plugins\/seo\/ -->\n<title>RDS 7000 - 7000 LT Salamura Tank\u0131 - RMA Plastik<\/title>\n<meta name=\"robots\" content=\"index, follow, max-snippet:-1, max-image-preview:large, max-video-preview:-1\" \/>\n<link rel=\"canonical\" href=\"https:\/\/rmaplastik.com\/urun\/rds-7000-7000-lt-salamura-tanki-mersin\/\" \/>\n<meta property=\"og:locale\" content=\"en_US\" \/>\n<meta property=\"og:type\" content=\"article\" \/>\n<meta property=\"og:title\" content=\"RDS 7000 - 7000 LT Salamura Tank\u0131 - RMA Plastik\" \/>\n<meta property=\"og:description\" content=\"\u00dcr\u00fcn Kodu RDS 7000   Hacim 7000 lt   \u00c7ap 220 cm   Y\u00fckseklik 185 cm   \u00c7\u0131k\u0131\u015f 2 in\u00e7 PE K\u00f6rtapa   Kapak Bask\u0131 Kapak\" \/>\n<meta property=\"og:url\" content=\"https:\/\/rmaplastik.com\/urun\/rds-7000-7000-lt-salamura-tanki-mersin\/\" \/>\n<meta property=\"og:site_name\" content=\"RMA Plastik\" \/>\n<meta property=\"article:publisher\" content=\"https:\/\/www.facebook.com\/rmaplastik\" \/>\n<meta property=\"article:modified_time\" content=\"2017-03-14T10:35:31+00:00\" \/>\n<meta property=\"og:image\" content=\"https:\/\/rmaplastik.com\/wp-content\/uploads\/2017\/02\/salamura270x193.png\" \/>\n\t<meta property=\"og:image:width\" content=\"270\" \/>\n\t<meta property=\"og:image:height\" content=\"193\" \/>\n\t<meta property=\"og:image:type\" content=\"image\/png\" \/>\n<meta name=\"twitter:card\" content=\"summary_large_image\" \/>\n<script type=\"application\/ld+json\" class=\"yoast-schema-graph\">{\"@context\":\"https:\/\/schema.org\",\"@graph\":[{\"@type\":\"WebPage\",\"@id\":\"https:\/\/rmaplastik.com\/urun\/rds-7000-7000-lt-salamura-tanki-mersin\/\",\"url\":\"https:\/\/rmaplastik.com\/urun\/rds-7000-7000-lt-salamura-tanki-mersin\/\",\"name\":\"RDS 7000 - 7000 LT Salamura Tank\u0131 - RMA Plastik\",\"isPartOf\":{\"@id\":\"https:\/\/rmaplastik.com\/en\/#website\"},\"datePublished\":\"2017-02-03T11:27:12+00:00\",\"dateModified\":\"2017-03-14T10:35:31+00:00\",\"breadcrumb\":{\"@id\":\"https:\/\/rmaplastik.com\/urun\/rds-7000-7000-lt-salamura-tanki-mersin\/#breadcrumb\"},\"inLanguage\":\"en-US\",\"potentialAction\":[{\"@type\":\"ReadAction\",\"target\":[\"https:\/\/rmaplastik.com\/urun\/rds-7000-7000-lt-salamura-tanki-mersin\/\"]}]},{\"@type\":\"BreadcrumbList\",\"@id\":\"https:\/\/rmaplastik.com\/urun\/rds-7000-7000-lt-salamura-tanki-mersin\/#breadcrumb\",\"itemListElement\":[{\"@type\":\"ListItem\",\"position\":1,\"name\":\"Anasayfa\",\"item\":\"https:\/\/rmaplastik.com\/en\/\"},{\"@type\":\"ListItem\",\"position\":2,\"name\":\"\u00dcr\u00fcnler\",\"item\":\"https:\/\/rmaplastik.com\/en\/urunler\/\"},{\"@type\":\"ListItem\",\"position\":3,\"name\":\"RDS 7000 &#8211; 7000 LT Salamura Tank\u0131\"}]},{\"@type\":\"WebSite\",\"@id\":\"https:\/\/rmaplastik.com\/en\/#website\",\"url\":\"https:\/\/rmaplastik.com\/en\/\",\"name\":\"RMA Plastik\",\"description\":\"\",\"publisher\":{\"@id\":\"https:\/\/rmaplastik.com\/en\/#organization\"},\"potentialAction\":[{\"@type\":\"SearchAction\",\"target\":{\"@type\":\"EntryPoint\",\"urlTemplate\":\"https:\/\/rmaplastik.com\/en\/?s={search_term_string}\"},\"query-input\":\"required name=search_term_string\"}],\"inLanguage\":\"en-US\"},{\"@type\":\"Organization\",\"@id\":\"https:\/\/rmaplastik.com\/en\/#organization\",\"name\":\"RMA Plastik\",\"url\":\"https:\/\/rmaplastik.com\/en\/\",\"logo\":{\"@type\":\"ImageObject\",\"inLanguage\":\"en-US\",\"@id\":\"https:\/\/rmaplastik.com\/en\/#\/schema\/logo\/image\/\",\"url\":\"https:\/\/rmaplastik.com\/wp-content\/uploads\/1.png\",\"contentUrl\":\"https:\/\/rmaplastik.com\/wp-content\/uploads\/1.png\",\"width\":179,\"height\":62,\"caption\":\"RMA Plastik\"},\"image\":{\"@id\":\"https:\/\/rmaplastik.com\/en\/#\/schema\/logo\/image\/\"},\"sameAs\":[\"https:\/\/www.facebook.com\/rmaplastik\",\"https:\/\/www.youtube.com\/channel\/UCXO7Np-P9Sp1mq1dMr6342w\"]}]}<\/script>\n<!-- \/ Yoast SEO plugin. -->","yoast_head_json":{"title":"RDS 7000 - 7000 LT Salamura Tank\u0131 - RMA Plastik","robots":{"index":"index","follow":"follow","max-snippet":"max-snippet:-1","max-image-preview":"max-image-preview:large","max-video-preview":"max-video-preview:-1"},"canonical":"https:\/\/rmaplastik.com\/urun\/rds-7000-7000-lt-salamura-tanki-mersin\/","og_locale":"en_US","og_type":"article","og_title":"RDS 7000 - 7000 LT Salamura Tank\u0131 - RMA Plastik","og_description":"\u00dcr\u00fcn Kodu RDS 7000   Hacim 7000 lt   \u00c7ap 220 cm   Y\u00fckseklik 185 cm   \u00c7\u0131k\u0131\u015f 2 in\u00e7 PE K\u00f6rtapa   Kapak Bask\u0131 Kapak","og_url":"https:\/\/rmaplastik.com\/urun\/rds-7000-7000-lt-salamura-tanki-mersin\/","og_site_name":"RMA Plastik","article_publisher":"https:\/\/www.facebook.com\/rmaplastik","article_modified_time":"2017-03-14T10:35:31+00:00","og_image":[{"width":270,"height":193,"url":"https:\/\/rmaplastik.com\/wp-content\/uploads\/2017\/02\/salamura270x193.png","type":"image\/png"}],"twitter_card":"summary_large_image","schema":{"@context":"https:\/\/schema.org","@graph":[{"@type":"WebPage","@id":"https:\/\/rmaplastik.com\/urun\/rds-7000-7000-lt-salamura-tanki-mersin\/","url":"https:\/\/rmaplastik.com\/urun\/rds-7000-7000-lt-salamura-tanki-mersin\/","name":"RDS 7000 - 7000 LT Salamura Tank\u0131 - RMA Plastik","isPartOf":{"@id":"https:\/\/rmaplastik.com\/en\/#website"},"datePublished":"2017-02-03T11:27:12+00:00","dateModified":"2017-03-14T10:35:31+00:00","breadcrumb":{"@id":"https:\/\/rmaplastik.com\/urun\/rds-7000-7000-lt-salamura-tanki-mersin\/#breadcrumb"},"inLanguage":"en-US","potentialAction":[{"@type":"ReadAction","target":["https:\/\/rmaplastik.com\/urun\/rds-7000-7000-lt-salamura-tanki-mersin\/"]}]},{"@type":"BreadcrumbList","@id":"https:\/\/rmaplastik.com\/urun\/rds-7000-7000-lt-salamura-tanki-mersin\/#breadcrumb","itemListElement":[{"@type":"ListItem","position":1,"name":"Anasayfa","item":"https:\/\/rmaplastik.com\/en\/"},{"@type":"ListItem","position":2,"name":"\u00dcr\u00fcnler","item":"https:\/\/rmaplastik.com\/en\/urunler\/"},{"@type":"ListItem","position":3,"name":"RDS 7000 &#8211; 7000 LT Salamura Tank\u0131"}]},{"@type":"WebSite","@id":"https:\/\/rmaplastik.com\/en\/#website","url":"https:\/\/rmaplastik.com\/en\/","name":"RMA Plastik","description":"","publisher":{"@id":"https:\/\/rmaplastik.com\/en\/#organization"},"potentialAction":[{"@type":"SearchAction","target":{"@type":"EntryPoint","urlTemplate":"https:\/\/rmaplastik.com\/en\/?s={search_term_string}"},"query-input":"required name=search_term_string"}],"inLanguage":"en-US"},{"@type":"Organization","@id":"https:\/\/rmaplastik.com\/en\/#organization","name":"RMA Plastik","url":"https:\/\/rmaplastik.com\/en\/","logo":{"@type":"ImageObject","inLanguage":"en-US","@id":"https:\/\/rmaplastik.com\/en\/#\/schema\/logo\/image\/","url":"https:\/\/rmaplastik.com\/wp-content\/uploads\/1.png","contentUrl":"https:\/\/rmaplastik.com\/wp-content\/uploads\/1.png","width":179,"height":62,"caption":"RMA Plastik"},"image":{"@id":"https:\/\/rmaplastik.com\/en\/#\/schema\/logo\/image\/"},"sameAs":["https:\/\/www.facebook.com\/rmaplastik","https:\/\/www.youtube.com\/channel\/UCXO7Np-P9Sp1mq1dMr6342w"]}]}},"_links":{"self":[{"href":"https:\/\/rmaplastik.com\/en\/wp-json\/wp\/v2\/product\/25884"}],"collection":[{"href":"https:\/\/rmaplastik.com\/en\/wp-json\/wp\/v2\/product"}],"about":[{"href":"https:\/\/rmaplastik.com\/en\/wp-json\/wp\/v2\/types\/product"}],"replies":[{"embeddable":true,"href":"https:\/\/rmaplastik.com\/en\/wp-json\/wp\/v2\/comments?post=25884"}],"wp:featuredmedia":[{"embeddable":true,"href":"https:\/\/rmaplastik.com\/en\/wp-json\/wp\/v2\/media\/25342"}],"wp:attachment":[{"href":"https:\/\/rmaplastik.com\/en\/wp-json\/wp\/v2\/media?parent=25884"}],"wp:term":[{"taxonomy":"product_cat","embeddable":true,"href":"https:\/\/rmaplastik.com\/en\/wp-json\/wp\/v2\/product_cat?post=25884"},{"taxonomy":"product_tag","embeddable":true,"href":"https:\/\/rmaplastik.com\/en\/wp-json\/wp\/v2\/product_tag?post=25884"}],"curies":[{"name":"wp","href":"https:\/\/api.w.org\/{rel}","templated":true}]}}