{"id":25866,"date":"2017-02-03T12:31:23","date_gmt":"2017-02-03T10:31:23","guid":{"rendered":"http:\/\/rmaplastik.com\/urun\/200-lt-polietilen-klor-tanki-2\/"},"modified":"2017-05-02T11:40:18","modified_gmt":"2017-05-02T08:40:18","slug":"rdk-200-200-lt-polietilen-klor-tanki-mersin","status":"publish","type":"product","link":"https:\/\/rmaplastik.com\/en\/urun\/rdk-200-200-lt-polietilen-klor-tanki-mersin\/","title":{"rendered":"RDK 200 &#8211; 200 LT Polietilen Klor Tank\u0131"},"content":{"rendered":"<ul>\n<li>Ar\u0131tma firmalar\u0131n\u0131n kimyasal \u00fcnite kurmalar\u0131nda dozajlama tank\u0131 olarak kullan\u0131l\u0131r<\/li>\n<li>Kimyasala mukavimdir<\/li>\n<li>\u0130\u00e7erisine konulan malzeme ile tepkimeye girmez<\/li>\n<li>\u0130stenilen renklerde \u00fcretim yap\u0131l\u0131r<\/li>\n<li>PE depolar\u0131n \u00fczerine istenilirse mikser tak\u0131labilir<\/li>\n<\/ul>\n","protected":false},"excerpt":{"rendered":"<table class=\"urunOzellik\">\n<thead>\n<tr>\n<th>\u00dcr\u00fcn Kodu<\/th>\n<td>RDK\u00a0200<\/td>\n<\/tr>\n<tr>\n<th>Hacim<\/th>\n<td>200\u00a0lt<\/td>\n<\/tr>\n<tr>\n<th>Geni\u015flik<\/th>\n<td>58\u00a0cm<\/td>\n<\/tr>\n<tr>\n<th>Y\u00fckseklik<\/th>\n<td>86\u00a0cm<\/td>\n<\/tr>\n<\/thead>\n<\/table>\n","protected":false},"featured_media":27516,"comment_status":"closed","ping_status":"closed","template":"","meta":[],"product_cat":[247],"product_tag":[],"yoast_head":"<!-- This site is optimized with the Yoast SEO plugin v20.1 - https:\/\/yoast.com\/wordpress\/plugins\/seo\/ -->\n<title>RDK 200 - 200 LT Polietilen Klor Tank\u0131 - RMA Plastik<\/title>\n<meta name=\"robots\" content=\"index, follow, max-snippet:-1, max-image-preview:large, max-video-preview:-1\" \/>\n<link rel=\"canonical\" href=\"https:\/\/rmaplastik.com\/en\/product\/rdk-200-200-lt-polietilen-klor-tanki-mersin\/\" \/>\n<meta property=\"og:locale\" content=\"en_US\" \/>\n<meta property=\"og:type\" content=\"article\" \/>\n<meta property=\"og:title\" content=\"RDK 200 - 200 LT Polietilen Klor Tank\u0131 - RMA Plastik\" \/>\n<meta property=\"og:description\" content=\"\u00dcr\u00fcn Kodu RDK\u00a0200   Hacim 200\u00a0lt   Geni\u015flik 58\u00a0cm   Y\u00fckseklik 86\u00a0cm\" \/>\n<meta property=\"og:url\" content=\"https:\/\/rmaplastik.com\/en\/product\/rdk-200-200-lt-polietilen-klor-tanki-mersin\/\" \/>\n<meta property=\"og:site_name\" content=\"RMA Plastik\" \/>\n<meta property=\"article:publisher\" content=\"https:\/\/www.facebook.com\/rmaplastik\" \/>\n<meta property=\"article:modified_time\" content=\"2017-05-02T08:40:18+00:00\" \/>\n<meta property=\"og:image\" content=\"https:\/\/rmaplastik.com\/wp-content\/uploads\/2017\/02\/rdk-200-2.jpg\" \/>\n\t<meta property=\"og:image:width\" content=\"720\" \/>\n\t<meta property=\"og:image:height\" content=\"710\" \/>\n\t<meta property=\"og:image:type\" content=\"image\/jpeg\" \/>\n<meta name=\"twitter:card\" content=\"summary_large_image\" \/>\n<script type=\"application\/ld+json\" class=\"yoast-schema-graph\">{\"@context\":\"https:\/\/schema.org\",\"@graph\":[{\"@type\":\"WebPage\",\"@id\":\"https:\/\/rmaplastik.com\/en\/product\/rdk-200-200-lt-polietilen-klor-tanki-mersin\/\",\"url\":\"https:\/\/rmaplastik.com\/en\/product\/rdk-200-200-lt-polietilen-klor-tanki-mersin\/\",\"name\":\"RDK 200 - 200 LT Polietilen Klor Tank\u0131 - RMA Plastik\",\"isPartOf\":{\"@id\":\"https:\/\/rmaplastik.com\/en\/#website\"},\"datePublished\":\"2017-02-03T10:31:23+00:00\",\"dateModified\":\"2017-05-02T08:40:18+00:00\",\"breadcrumb\":{\"@id\":\"https:\/\/rmaplastik.com\/en\/product\/rdk-200-200-lt-polietilen-klor-tanki-mersin\/#breadcrumb\"},\"inLanguage\":\"en-US\",\"potentialAction\":[{\"@type\":\"ReadAction\",\"target\":[\"https:\/\/rmaplastik.com\/en\/product\/rdk-200-200-lt-polietilen-klor-tanki-mersin\/\"]}]},{\"@type\":\"BreadcrumbList\",\"@id\":\"https:\/\/rmaplastik.com\/en\/product\/rdk-200-200-lt-polietilen-klor-tanki-mersin\/#breadcrumb\",\"itemListElement\":[{\"@type\":\"ListItem\",\"position\":1,\"name\":\"Anasayfa\",\"item\":\"https:\/\/rmaplastik.com\/en\/\"},{\"@type\":\"ListItem\",\"position\":2,\"name\":\"\u00dcr\u00fcnler\",\"item\":\"https:\/\/rmaplastik.com\/en\/urunler\/\"},{\"@type\":\"ListItem\",\"position\":3,\"name\":\"RDK 200 &#8211; 200 LT Polietilen Klor Tank\u0131\"}]},{\"@type\":\"WebSite\",\"@id\":\"https:\/\/rmaplastik.com\/en\/#website\",\"url\":\"https:\/\/rmaplastik.com\/en\/\",\"name\":\"RMA Plastik\",\"description\":\"\",\"publisher\":{\"@id\":\"https:\/\/rmaplastik.com\/en\/#organization\"},\"potentialAction\":[{\"@type\":\"SearchAction\",\"target\":{\"@type\":\"EntryPoint\",\"urlTemplate\":\"https:\/\/rmaplastik.com\/en\/?s={search_term_string}\"},\"query-input\":\"required name=search_term_string\"}],\"inLanguage\":\"en-US\"},{\"@type\":\"Organization\",\"@id\":\"https:\/\/rmaplastik.com\/en\/#organization\",\"name\":\"RMA Plastik\",\"url\":\"https:\/\/rmaplastik.com\/en\/\",\"logo\":{\"@type\":\"ImageObject\",\"inLanguage\":\"en-US\",\"@id\":\"https:\/\/rmaplastik.com\/en\/#\/schema\/logo\/image\/\",\"url\":\"https:\/\/rmaplastik.com\/wp-content\/uploads\/1.png\",\"contentUrl\":\"https:\/\/rmaplastik.com\/wp-content\/uploads\/1.png\",\"width\":179,\"height\":62,\"caption\":\"RMA Plastik\"},\"image\":{\"@id\":\"https:\/\/rmaplastik.com\/en\/#\/schema\/logo\/image\/\"},\"sameAs\":[\"https:\/\/www.facebook.com\/rmaplastik\",\"https:\/\/www.youtube.com\/channel\/UCXO7Np-P9Sp1mq1dMr6342w\"]}]}<\/script>\n<!-- \/ Yoast SEO plugin. -->","yoast_head_json":{"title":"RDK 200 - 200 LT Polietilen Klor Tank\u0131 - RMA Plastik","robots":{"index":"index","follow":"follow","max-snippet":"max-snippet:-1","max-image-preview":"max-image-preview:large","max-video-preview":"max-video-preview:-1"},"canonical":"https:\/\/rmaplastik.com\/en\/product\/rdk-200-200-lt-polietilen-klor-tanki-mersin\/","og_locale":"en_US","og_type":"article","og_title":"RDK 200 - 200 LT Polietilen Klor Tank\u0131 - RMA Plastik","og_description":"\u00dcr\u00fcn Kodu RDK\u00a0200   Hacim 200\u00a0lt   Geni\u015flik 58\u00a0cm   Y\u00fckseklik 86\u00a0cm","og_url":"https:\/\/rmaplastik.com\/en\/product\/rdk-200-200-lt-polietilen-klor-tanki-mersin\/","og_site_name":"RMA Plastik","article_publisher":"https:\/\/www.facebook.com\/rmaplastik","article_modified_time":"2017-05-02T08:40:18+00:00","og_image":[{"width":720,"height":710,"url":"https:\/\/rmaplastik.com\/wp-content\/uploads\/2017\/02\/rdk-200-2.jpg","type":"image\/jpeg"}],"twitter_card":"summary_large_image","schema":{"@context":"https:\/\/schema.org","@graph":[{"@type":"WebPage","@id":"https:\/\/rmaplastik.com\/en\/product\/rdk-200-200-lt-polietilen-klor-tanki-mersin\/","url":"https:\/\/rmaplastik.com\/en\/product\/rdk-200-200-lt-polietilen-klor-tanki-mersin\/","name":"RDK 200 - 200 LT Polietilen Klor Tank\u0131 - RMA Plastik","isPartOf":{"@id":"https:\/\/rmaplastik.com\/en\/#website"},"datePublished":"2017-02-03T10:31:23+00:00","dateModified":"2017-05-02T08:40:18+00:00","breadcrumb":{"@id":"https:\/\/rmaplastik.com\/en\/product\/rdk-200-200-lt-polietilen-klor-tanki-mersin\/#breadcrumb"},"inLanguage":"en-US","potentialAction":[{"@type":"ReadAction","target":["https:\/\/rmaplastik.com\/en\/product\/rdk-200-200-lt-polietilen-klor-tanki-mersin\/"]}]},{"@type":"BreadcrumbList","@id":"https:\/\/rmaplastik.com\/en\/product\/rdk-200-200-lt-polietilen-klor-tanki-mersin\/#breadcrumb","itemListElement":[{"@type":"ListItem","position":1,"name":"Anasayfa","item":"https:\/\/rmaplastik.com\/en\/"},{"@type":"ListItem","position":2,"name":"\u00dcr\u00fcnler","item":"https:\/\/rmaplastik.com\/en\/urunler\/"},{"@type":"ListItem","position":3,"name":"RDK 200 &#8211; 200 LT Polietilen Klor Tank\u0131"}]},{"@type":"WebSite","@id":"https:\/\/rmaplastik.com\/en\/#website","url":"https:\/\/rmaplastik.com\/en\/","name":"RMA Plastik","description":"","publisher":{"@id":"https:\/\/rmaplastik.com\/en\/#organization"},"potentialAction":[{"@type":"SearchAction","target":{"@type":"EntryPoint","urlTemplate":"https:\/\/rmaplastik.com\/en\/?s={search_term_string}"},"query-input":"required name=search_term_string"}],"inLanguage":"en-US"},{"@type":"Organization","@id":"https:\/\/rmaplastik.com\/en\/#organization","name":"RMA Plastik","url":"https:\/\/rmaplastik.com\/en\/","logo":{"@type":"ImageObject","inLanguage":"en-US","@id":"https:\/\/rmaplastik.com\/en\/#\/schema\/logo\/image\/","url":"https:\/\/rmaplastik.com\/wp-content\/uploads\/1.png","contentUrl":"https:\/\/rmaplastik.com\/wp-content\/uploads\/1.png","width":179,"height":62,"caption":"RMA Plastik"},"image":{"@id":"https:\/\/rmaplastik.com\/en\/#\/schema\/logo\/image\/"},"sameAs":["https:\/\/www.facebook.com\/rmaplastik","https:\/\/www.youtube.com\/channel\/UCXO7Np-P9Sp1mq1dMr6342w"]}]}},"_links":{"self":[{"href":"https:\/\/rmaplastik.com\/en\/wp-json\/wp\/v2\/product\/25866"}],"collection":[{"href":"https:\/\/rmaplastik.com\/en\/wp-json\/wp\/v2\/product"}],"about":[{"href":"https:\/\/rmaplastik.com\/en\/wp-json\/wp\/v2\/types\/product"}],"replies":[{"embeddable":true,"href":"https:\/\/rmaplastik.com\/en\/wp-json\/wp\/v2\/comments?post=25866"}],"wp:featuredmedia":[{"embeddable":true,"href":"https:\/\/rmaplastik.com\/en\/wp-json\/wp\/v2\/media\/27516"}],"wp:attachment":[{"href":"https:\/\/rmaplastik.com\/en\/wp-json\/wp\/v2\/media?parent=25866"}],"wp:term":[{"taxonomy":"product_cat","embeddable":true,"href":"https:\/\/rmaplastik.com\/en\/wp-json\/wp\/v2\/product_cat?post=25866"},{"taxonomy":"product_tag","embeddable":true,"href":"https:\/\/rmaplastik.com\/en\/wp-json\/wp\/v2\/product_tag?post=25866"}],"curies":[{"name":"wp","href":"https:\/\/api.w.org\/{rel}","templated":true}]}}