{"id":25555,"date":"2017-02-02T17:44:42","date_gmt":"2017-02-02T15:44:42","guid":{"rendered":"http:\/\/rmaplastik.com\/urun\/2000-lt-polietilen-dikey-su-deposu-mersin\/"},"modified":"2017-05-01T11:10:01","modified_gmt":"2017-05-01T08:10:01","slug":"rd-2000-2000-lt-polietilen-dikey-su-deposu-mersin","status":"publish","type":"product","link":"https:\/\/rmaplastik.com\/en\/urun\/rd-2000-2000-lt-polietilen-dikey-su-deposu-mersin\/","title":{"rendered":"RD 2000 &#8211; 2000 LT Polietilen Dikey Su Deposu"},"content":{"rendered":"<ul>\n<li class=\"li4\"><span class=\"s2\">G\u0131daya uygunluk sertifikal\u0131d\u0131r.<\/span><\/li>\n<li class=\"li4\"><span class=\"s2\">D\u00fc\u015f\u00fck yo\u011funlukta oldu\u011fu i\u00e7in esnek bir yap\u0131ya sahiptir.<\/span><\/li>\n<li class=\"li4\"><span class=\"s2\">G\u00fcne\u015f \u0131\u015f\u0131\u011f\u0131ndan etkilenmez. UV katk\u0131l\u0131d\u0131r. <\/span><\/li>\n<li class=\"li4\"><span class=\"s2\">Tat, koku de\u011fi\u015fikli\u011fi olu\u015fmaz.<\/span><\/li>\n<li class=\"li4\"><span class=\"s2\">Hijyeniktir, kanserojen madde i\u00e7ermez.<\/span><\/li>\n<li class=\"li4\"><span class=\"s2\">Kimyasallarla reaksiyona girmez ve m\u00fckemmel kimyasal dayan\u0131kl\u0131l\u0131\u011f\u0131 vard\u0131r.<\/span><\/li>\n<li class=\"li4\"><span class=\"s2\">Ekonomik ve uzun \u00f6m\u00fcrl\u00fcd\u00fcr.<\/span><\/li>\n<li class=\"li4\"><span class=\"s2\">Monoblok tek par\u00e7a olup, kaynak, per\u00e7in, punta, lehim gibi birle\u015ftirme yoktur.<\/span><\/li>\n<li class=\"li4\"><span class=\"s2\">G\u00f6zeneksiz ve emmeye kar\u015f\u0131 dayan\u0131kl\u0131 oldu\u011fu i\u00e7in yosun tutmaz, mantar ve k\u00fcf olu\u015fmaz.<\/span><\/li>\n<li class=\"li4\"><span class=\"s2\">\u00c7\u00fcr\u00fcmez, \u00e7atlamaz, e\u011filmez, par\u00e7alanmaz ve bozulmaz.<\/span><\/li>\n<li class=\"li4\"><span class=\"s2\">Darbelere kar\u015f\u0131 dayan\u0131kl\u0131d\u0131r.<\/span><\/li>\n<li class=\"li4\"><span class=\"s2\">Korozif maddelere, ya\u011f ve petrole, ha\u015ferelere, deniz tuzu ile di\u011fer \u00e7evresel etkenlere kar\u015f\u0131 dayan\u0131kl\u0131d\u0131r<\/span><\/li>\n<\/ul>\n","protected":false},"excerpt":{"rendered":"<table class=\"urunOzellik\">\n<thead>\n<tr>\n<th>\u00dcr\u00fcn Kodu<\/th>\n<td>RD 2000<\/td>\n<\/tr>\n<tr>\n<th>Hacim<\/th>\n<td>2.000 lt<\/td>\n<\/tr>\n<tr>\n<th>\u00c7ap<\/th>\n<td>132 cm<\/td>\n<\/tr>\n<tr>\n<th>Y\u00fckseklik<\/th>\n<td>155 cm<\/td>\n<\/tr>\n<tr>\n<th>Kapak \u00c7ap\u0131<\/th>\n<td>40 cm<\/td>\n<\/tr>\n<tr>\n<th>\u00c7\u0131k\u0131\u015f<\/th>\n<td>1&#8243; Pirin\u00e7<\/td>\n<\/tr>\n<\/thead>\n<\/table>\n","protected":false},"featured_media":25241,"comment_status":"closed","ping_status":"closed","template":"","meta":[],"product_cat":[241],"product_tag":[],"yoast_head":"<!-- This site is optimized with the Yoast SEO plugin v20.1 - https:\/\/yoast.com\/wordpress\/plugins\/seo\/ -->\n<title>RD 2000 - 2000 LT Polietilen Dikey Su Deposu - RMA Plastik<\/title>\n<meta name=\"robots\" content=\"index, follow, max-snippet:-1, max-image-preview:large, max-video-preview:-1\" \/>\n<link rel=\"canonical\" href=\"https:\/\/rmaplastik.com\/en\/product\/rd-2000-2000-lt-polietilen-dikey-su-deposu-mersin\/\" \/>\n<meta property=\"og:locale\" content=\"en_US\" \/>\n<meta property=\"og:type\" content=\"article\" \/>\n<meta property=\"og:title\" content=\"RD 2000 - 2000 LT Polietilen Dikey Su Deposu - RMA Plastik\" \/>\n<meta property=\"og:description\" content=\"\u00dcr\u00fcn Kodu RD 2000   Hacim 2.000 lt   \u00c7ap 132 cm   Y\u00fckseklik 155 cm   Kapak \u00c7ap\u0131 40 cm   \u00c7\u0131k\u0131\u015f 1&quot; Pirin\u00e7\" \/>\n<meta property=\"og:url\" content=\"https:\/\/rmaplastik.com\/en\/product\/rd-2000-2000-lt-polietilen-dikey-su-deposu-mersin\/\" \/>\n<meta property=\"og:site_name\" content=\"RMA Plastik\" \/>\n<meta property=\"article:publisher\" content=\"https:\/\/www.facebook.com\/rmaplastik\" \/>\n<meta property=\"article:modified_time\" content=\"2017-05-01T08:10:01+00:00\" \/>\n<meta property=\"og:image\" content=\"https:\/\/rmaplastik.com\/wp-content\/uploads\/2017\/02\/rd-2000.png\" \/>\n\t<meta property=\"og:image:width\" content=\"266\" \/>\n\t<meta property=\"og:image:height\" content=\"334\" \/>\n\t<meta property=\"og:image:type\" content=\"image\/png\" \/>\n<meta name=\"twitter:card\" content=\"summary_large_image\" \/>\n<meta name=\"twitter:label1\" content=\"Est. reading time\" \/>\n\t<meta name=\"twitter:data1\" content=\"1 minute\" \/>\n<script type=\"application\/ld+json\" class=\"yoast-schema-graph\">{\"@context\":\"https:\/\/schema.org\",\"@graph\":[{\"@type\":\"WebPage\",\"@id\":\"https:\/\/rmaplastik.com\/en\/product\/rd-2000-2000-lt-polietilen-dikey-su-deposu-mersin\/\",\"url\":\"https:\/\/rmaplastik.com\/en\/product\/rd-2000-2000-lt-polietilen-dikey-su-deposu-mersin\/\",\"name\":\"RD 2000 - 2000 LT Polietilen Dikey Su Deposu - RMA Plastik\",\"isPartOf\":{\"@id\":\"https:\/\/rmaplastik.com\/en\/#website\"},\"datePublished\":\"2017-02-02T15:44:42+00:00\",\"dateModified\":\"2017-05-01T08:10:01+00:00\",\"breadcrumb\":{\"@id\":\"https:\/\/rmaplastik.com\/en\/product\/rd-2000-2000-lt-polietilen-dikey-su-deposu-mersin\/#breadcrumb\"},\"inLanguage\":\"en-US\",\"potentialAction\":[{\"@type\":\"ReadAction\",\"target\":[\"https:\/\/rmaplastik.com\/en\/product\/rd-2000-2000-lt-polietilen-dikey-su-deposu-mersin\/\"]}]},{\"@type\":\"BreadcrumbList\",\"@id\":\"https:\/\/rmaplastik.com\/en\/product\/rd-2000-2000-lt-polietilen-dikey-su-deposu-mersin\/#breadcrumb\",\"itemListElement\":[{\"@type\":\"ListItem\",\"position\":1,\"name\":\"Anasayfa\",\"item\":\"https:\/\/rmaplastik.com\/en\/\"},{\"@type\":\"ListItem\",\"position\":2,\"name\":\"\u00dcr\u00fcnler\",\"item\":\"https:\/\/rmaplastik.com\/en\/urunler\/\"},{\"@type\":\"ListItem\",\"position\":3,\"name\":\"RD 2000 &#8211; 2000 LT Polietilen Dikey Su Deposu\"}]},{\"@type\":\"WebSite\",\"@id\":\"https:\/\/rmaplastik.com\/en\/#website\",\"url\":\"https:\/\/rmaplastik.com\/en\/\",\"name\":\"RMA Plastik\",\"description\":\"\",\"publisher\":{\"@id\":\"https:\/\/rmaplastik.com\/en\/#organization\"},\"potentialAction\":[{\"@type\":\"SearchAction\",\"target\":{\"@type\":\"EntryPoint\",\"urlTemplate\":\"https:\/\/rmaplastik.com\/en\/?s={search_term_string}\"},\"query-input\":\"required name=search_term_string\"}],\"inLanguage\":\"en-US\"},{\"@type\":\"Organization\",\"@id\":\"https:\/\/rmaplastik.com\/en\/#organization\",\"name\":\"RMA Plastik\",\"url\":\"https:\/\/rmaplastik.com\/en\/\",\"logo\":{\"@type\":\"ImageObject\",\"inLanguage\":\"en-US\",\"@id\":\"https:\/\/rmaplastik.com\/en\/#\/schema\/logo\/image\/\",\"url\":\"https:\/\/rmaplastik.com\/wp-content\/uploads\/1.png\",\"contentUrl\":\"https:\/\/rmaplastik.com\/wp-content\/uploads\/1.png\",\"width\":179,\"height\":62,\"caption\":\"RMA Plastik\"},\"image\":{\"@id\":\"https:\/\/rmaplastik.com\/en\/#\/schema\/logo\/image\/\"},\"sameAs\":[\"https:\/\/www.facebook.com\/rmaplastik\",\"https:\/\/www.youtube.com\/channel\/UCXO7Np-P9Sp1mq1dMr6342w\"]}]}<\/script>\n<!-- \/ Yoast SEO plugin. -->","yoast_head_json":{"title":"RD 2000 - 2000 LT Polietilen Dikey Su Deposu - RMA Plastik","robots":{"index":"index","follow":"follow","max-snippet":"max-snippet:-1","max-image-preview":"max-image-preview:large","max-video-preview":"max-video-preview:-1"},"canonical":"https:\/\/rmaplastik.com\/en\/product\/rd-2000-2000-lt-polietilen-dikey-su-deposu-mersin\/","og_locale":"en_US","og_type":"article","og_title":"RD 2000 - 2000 LT Polietilen Dikey Su Deposu - RMA Plastik","og_description":"\u00dcr\u00fcn Kodu RD 2000   Hacim 2.000 lt   \u00c7ap 132 cm   Y\u00fckseklik 155 cm   Kapak \u00c7ap\u0131 40 cm   \u00c7\u0131k\u0131\u015f 1\" Pirin\u00e7","og_url":"https:\/\/rmaplastik.com\/en\/product\/rd-2000-2000-lt-polietilen-dikey-su-deposu-mersin\/","og_site_name":"RMA Plastik","article_publisher":"https:\/\/www.facebook.com\/rmaplastik","article_modified_time":"2017-05-01T08:10:01+00:00","og_image":[{"width":266,"height":334,"url":"https:\/\/rmaplastik.com\/wp-content\/uploads\/2017\/02\/rd-2000.png","type":"image\/png"}],"twitter_card":"summary_large_image","twitter_misc":{"Est. reading time":"1 minute"},"schema":{"@context":"https:\/\/schema.org","@graph":[{"@type":"WebPage","@id":"https:\/\/rmaplastik.com\/en\/product\/rd-2000-2000-lt-polietilen-dikey-su-deposu-mersin\/","url":"https:\/\/rmaplastik.com\/en\/product\/rd-2000-2000-lt-polietilen-dikey-su-deposu-mersin\/","name":"RD 2000 - 2000 LT Polietilen Dikey Su Deposu - RMA Plastik","isPartOf":{"@id":"https:\/\/rmaplastik.com\/en\/#website"},"datePublished":"2017-02-02T15:44:42+00:00","dateModified":"2017-05-01T08:10:01+00:00","breadcrumb":{"@id":"https:\/\/rmaplastik.com\/en\/product\/rd-2000-2000-lt-polietilen-dikey-su-deposu-mersin\/#breadcrumb"},"inLanguage":"en-US","potentialAction":[{"@type":"ReadAction","target":["https:\/\/rmaplastik.com\/en\/product\/rd-2000-2000-lt-polietilen-dikey-su-deposu-mersin\/"]}]},{"@type":"BreadcrumbList","@id":"https:\/\/rmaplastik.com\/en\/product\/rd-2000-2000-lt-polietilen-dikey-su-deposu-mersin\/#breadcrumb","itemListElement":[{"@type":"ListItem","position":1,"name":"Anasayfa","item":"https:\/\/rmaplastik.com\/en\/"},{"@type":"ListItem","position":2,"name":"\u00dcr\u00fcnler","item":"https:\/\/rmaplastik.com\/en\/urunler\/"},{"@type":"ListItem","position":3,"name":"RD 2000 &#8211; 2000 LT Polietilen Dikey Su Deposu"}]},{"@type":"WebSite","@id":"https:\/\/rmaplastik.com\/en\/#website","url":"https:\/\/rmaplastik.com\/en\/","name":"RMA Plastik","description":"","publisher":{"@id":"https:\/\/rmaplastik.com\/en\/#organization"},"potentialAction":[{"@type":"SearchAction","target":{"@type":"EntryPoint","urlTemplate":"https:\/\/rmaplastik.com\/en\/?s={search_term_string}"},"query-input":"required name=search_term_string"}],"inLanguage":"en-US"},{"@type":"Organization","@id":"https:\/\/rmaplastik.com\/en\/#organization","name":"RMA Plastik","url":"https:\/\/rmaplastik.com\/en\/","logo":{"@type":"ImageObject","inLanguage":"en-US","@id":"https:\/\/rmaplastik.com\/en\/#\/schema\/logo\/image\/","url":"https:\/\/rmaplastik.com\/wp-content\/uploads\/1.png","contentUrl":"https:\/\/rmaplastik.com\/wp-content\/uploads\/1.png","width":179,"height":62,"caption":"RMA Plastik"},"image":{"@id":"https:\/\/rmaplastik.com\/en\/#\/schema\/logo\/image\/"},"sameAs":["https:\/\/www.facebook.com\/rmaplastik","https:\/\/www.youtube.com\/channel\/UCXO7Np-P9Sp1mq1dMr6342w"]}]}},"_links":{"self":[{"href":"https:\/\/rmaplastik.com\/en\/wp-json\/wp\/v2\/product\/25555"}],"collection":[{"href":"https:\/\/rmaplastik.com\/en\/wp-json\/wp\/v2\/product"}],"about":[{"href":"https:\/\/rmaplastik.com\/en\/wp-json\/wp\/v2\/types\/product"}],"replies":[{"embeddable":true,"href":"https:\/\/rmaplastik.com\/en\/wp-json\/wp\/v2\/comments?post=25555"}],"wp:featuredmedia":[{"embeddable":true,"href":"https:\/\/rmaplastik.com\/en\/wp-json\/wp\/v2\/media\/25241"}],"wp:attachment":[{"href":"https:\/\/rmaplastik.com\/en\/wp-json\/wp\/v2\/media?parent=25555"}],"wp:term":[{"taxonomy":"product_cat","embeddable":true,"href":"https:\/\/rmaplastik.com\/en\/wp-json\/wp\/v2\/product_cat?post=25555"},{"taxonomy":"product_tag","embeddable":true,"href":"https:\/\/rmaplastik.com\/en\/wp-json\/wp\/v2\/product_tag?post=25555"}],"curies":[{"name":"wp","href":"https:\/\/api.w.org\/{rel}","templated":true}]}}