{"id":25484,"date":"2017-02-02T12:35:17","date_gmt":"2017-02-02T10:35:17","guid":{"rendered":"http:\/\/rmaplastik.com\/urun\/2500-lt-adblue-tanki\/"},"modified":"2017-03-14T12:12:04","modified_gmt":"2017-03-14T10:12:04","slug":"2500-lt-adblue-tanki","status":"publish","type":"product","link":"https:\/\/rmaplastik.com\/en\/urun\/2500-lt-adblue-tanki\/","title":{"rendered":"2500 LT Adblue Tank\u0131"},"content":{"rendered":"<ul>\n<li>\u0130\u00e7 ve D\u0131\u015f Depo olmak \u00fczere 2 par\u00e7ad\u0131r.<\/li>\n<li>\u0130\u00e7 depo tek par\u00e7ad\u0131r.(monobloktur)<\/li>\n<li>D\u0131\u015f depo (2 par\u00e7adan olu\u015fmaktad\u0131r).<\/li>\n<li>Emniyet tank\u0131 olarakta kullan\u0131l\u0131r.<\/li>\n<li>Polietilen malzemeden \u00fcretilmi\u015ftir.<\/li>\n<li>Esnek ve darbelere kar\u015f\u0131 dayanakl\u0131d\u0131r.<\/li>\n<li>Hava \u015fartlar\u0131ndan etkilenmez.<\/li>\n<li>\u0130stenilen renkte \u00fcretim yap\u0131l\u0131r.<\/li>\n<li>1000-2500-5000 ve 10000 lt \u00fcretmekteyiz.<\/li>\n<li>A\u00e7ma kapa\u011f\u0131 kilitlidir.<\/li>\n<\/ul>\n","protected":false},"excerpt":{"rendered":"<h6>Depo \u00d6l\u00e7\u00fcleri<\/h6>\n<table class=\"urunOzellik\">\n<thead>\n<tr>\n<th>\u00dcr\u00fcn Kodu<\/th>\n<td>2500 litre AdBlue Tank\u0131<\/td>\n<\/tr>\n<tr>\n<th>\u00c7ap<\/th>\n<td>154 cm<\/td>\n<\/tr>\n<tr>\n<th>Y\u00fckseklik<\/th>\n<td>188-134 cm<\/td>\n<\/tr>\n<tr>\n<th>Uzunluk<\/th>\n<td>204 cm<\/td>\n<\/tr>\n<tr>\n<th>Kapak<\/th>\n<td>70&#215;50 cm<\/td>\n<\/tr>\n<\/thead>\n<\/table>\n<h6>Emniyet Tank\u0131 \u00d6l\u00e7\u00fcleri<\/h6>\n<table class=\"urunOzellik\">\n<thead>\n<tr>\n<th>\u00dcr\u00fcn Kodu<\/th>\n<td>2500 litre AdBlue Tank\u0131<\/td>\n<\/tr>\n<tr>\n<th>\u00c7ap<\/th>\n<td>125 cm<\/td>\n<\/tr>\n<tr>\n<th>Y\u00fckseklik<\/th>\n<td>125 cm<\/td>\n<\/tr>\n<tr>\n<th>Uzunluk<\/th>\n<td>\u00a0200 cm<\/td>\n<\/tr>\n<tr>\n<th>Kapak<\/th>\n<td>\u00c7ap<\/td>\n<\/tr>\n<\/thead>\n<\/table>\n","protected":false},"featured_media":25482,"comment_status":"closed","ping_status":"closed","template":"","meta":[],"product_cat":[215],"product_tag":[],"yoast_head":"<!-- This site is optimized with the Yoast SEO plugin v20.1 - https:\/\/yoast.com\/wordpress\/plugins\/seo\/ -->\n<title>2500 LT Adblue Tank\u0131 - RMA Plastik<\/title>\n<meta name=\"robots\" content=\"index, follow, max-snippet:-1, max-image-preview:large, max-video-preview:-1\" \/>\n<link rel=\"canonical\" href=\"https:\/\/rmaplastik.com\/en\/product\/2500-lt-adblue-tanki\/\" \/>\n<meta property=\"og:locale\" content=\"en_US\" \/>\n<meta property=\"og:type\" content=\"article\" \/>\n<meta property=\"og:title\" content=\"2500 LT Adblue Tank\u0131 - RMA Plastik\" \/>\n<meta property=\"og:description\" content=\"Depo \u00d6l\u00e7\u00fcleri    \u00dcr\u00fcn Kodu 2500 litre AdBlue Tank\u0131   \u00c7ap 154 cm   Y\u00fckseklik 188-134 cm   Uzunluk 204 cm   Kapak 70x50 cm    Emniyet Tank\u0131 \u00d6l\u00e7\u00fcleri    \u00dcr\u00fcn Kodu 2500 litre AdBlue Tank\u0131   \u00c7ap 125 cm   Y\u00fckseklik 125 cm   Uzunluk \u00a0200 cm   Kapak \u00c7ap\" \/>\n<meta property=\"og:url\" content=\"https:\/\/rmaplastik.com\/en\/product\/2500-lt-adblue-tanki\/\" \/>\n<meta property=\"og:site_name\" content=\"RMA Plastik\" \/>\n<meta property=\"article:publisher\" content=\"https:\/\/www.facebook.com\/rmaplastik\" \/>\n<meta property=\"article:modified_time\" content=\"2017-03-14T10:12:04+00:00\" \/>\n<meta property=\"og:image\" content=\"https:\/\/rmaplastik.com\/wp-content\/uploads\/2017\/02\/adblue-1.png\" \/>\n\t<meta property=\"og:image:width\" content=\"602\" \/>\n\t<meta property=\"og:image:height\" content=\"522\" \/>\n\t<meta property=\"og:image:type\" content=\"image\/png\" \/>\n<meta name=\"twitter:card\" content=\"summary_large_image\" \/>\n<script type=\"application\/ld+json\" class=\"yoast-schema-graph\">{\"@context\":\"https:\/\/schema.org\",\"@graph\":[{\"@type\":\"WebPage\",\"@id\":\"https:\/\/rmaplastik.com\/en\/product\/2500-lt-adblue-tanki\/\",\"url\":\"https:\/\/rmaplastik.com\/en\/product\/2500-lt-adblue-tanki\/\",\"name\":\"2500 LT Adblue Tank\u0131 - RMA Plastik\",\"isPartOf\":{\"@id\":\"https:\/\/rmaplastik.com\/en\/#website\"},\"datePublished\":\"2017-02-02T10:35:17+00:00\",\"dateModified\":\"2017-03-14T10:12:04+00:00\",\"breadcrumb\":{\"@id\":\"https:\/\/rmaplastik.com\/en\/product\/2500-lt-adblue-tanki\/#breadcrumb\"},\"inLanguage\":\"en-US\",\"potentialAction\":[{\"@type\":\"ReadAction\",\"target\":[\"https:\/\/rmaplastik.com\/en\/product\/2500-lt-adblue-tanki\/\"]}]},{\"@type\":\"BreadcrumbList\",\"@id\":\"https:\/\/rmaplastik.com\/en\/product\/2500-lt-adblue-tanki\/#breadcrumb\",\"itemListElement\":[{\"@type\":\"ListItem\",\"position\":1,\"name\":\"Anasayfa\",\"item\":\"https:\/\/rmaplastik.com\/en\/\"},{\"@type\":\"ListItem\",\"position\":2,\"name\":\"\u00dcr\u00fcnler\",\"item\":\"https:\/\/rmaplastik.com\/en\/urunler\/\"},{\"@type\":\"ListItem\",\"position\":3,\"name\":\"2500 LT Adblue Tank\u0131\"}]},{\"@type\":\"WebSite\",\"@id\":\"https:\/\/rmaplastik.com\/en\/#website\",\"url\":\"https:\/\/rmaplastik.com\/en\/\",\"name\":\"RMA Plastik\",\"description\":\"\",\"publisher\":{\"@id\":\"https:\/\/rmaplastik.com\/en\/#organization\"},\"potentialAction\":[{\"@type\":\"SearchAction\",\"target\":{\"@type\":\"EntryPoint\",\"urlTemplate\":\"https:\/\/rmaplastik.com\/en\/?s={search_term_string}\"},\"query-input\":\"required name=search_term_string\"}],\"inLanguage\":\"en-US\"},{\"@type\":\"Organization\",\"@id\":\"https:\/\/rmaplastik.com\/en\/#organization\",\"name\":\"RMA Plastik\",\"url\":\"https:\/\/rmaplastik.com\/en\/\",\"logo\":{\"@type\":\"ImageObject\",\"inLanguage\":\"en-US\",\"@id\":\"https:\/\/rmaplastik.com\/en\/#\/schema\/logo\/image\/\",\"url\":\"https:\/\/rmaplastik.com\/wp-content\/uploads\/1.png\",\"contentUrl\":\"https:\/\/rmaplastik.com\/wp-content\/uploads\/1.png\",\"width\":179,\"height\":62,\"caption\":\"RMA Plastik\"},\"image\":{\"@id\":\"https:\/\/rmaplastik.com\/en\/#\/schema\/logo\/image\/\"},\"sameAs\":[\"https:\/\/www.facebook.com\/rmaplastik\",\"https:\/\/www.youtube.com\/channel\/UCXO7Np-P9Sp1mq1dMr6342w\"]}]}<\/script>\n<!-- \/ Yoast SEO plugin. -->","yoast_head_json":{"title":"2500 LT Adblue Tank\u0131 - RMA Plastik","robots":{"index":"index","follow":"follow","max-snippet":"max-snippet:-1","max-image-preview":"max-image-preview:large","max-video-preview":"max-video-preview:-1"},"canonical":"https:\/\/rmaplastik.com\/en\/product\/2500-lt-adblue-tanki\/","og_locale":"en_US","og_type":"article","og_title":"2500 LT Adblue Tank\u0131 - RMA Plastik","og_description":"Depo \u00d6l\u00e7\u00fcleri    \u00dcr\u00fcn Kodu 2500 litre AdBlue Tank\u0131   \u00c7ap 154 cm   Y\u00fckseklik 188-134 cm   Uzunluk 204 cm   Kapak 70x50 cm    Emniyet Tank\u0131 \u00d6l\u00e7\u00fcleri    \u00dcr\u00fcn Kodu 2500 litre AdBlue Tank\u0131   \u00c7ap 125 cm   Y\u00fckseklik 125 cm   Uzunluk \u00a0200 cm   Kapak \u00c7ap","og_url":"https:\/\/rmaplastik.com\/en\/product\/2500-lt-adblue-tanki\/","og_site_name":"RMA Plastik","article_publisher":"https:\/\/www.facebook.com\/rmaplastik","article_modified_time":"2017-03-14T10:12:04+00:00","og_image":[{"width":602,"height":522,"url":"https:\/\/rmaplastik.com\/wp-content\/uploads\/2017\/02\/adblue-1.png","type":"image\/png"}],"twitter_card":"summary_large_image","schema":{"@context":"https:\/\/schema.org","@graph":[{"@type":"WebPage","@id":"https:\/\/rmaplastik.com\/en\/product\/2500-lt-adblue-tanki\/","url":"https:\/\/rmaplastik.com\/en\/product\/2500-lt-adblue-tanki\/","name":"2500 LT Adblue Tank\u0131 - RMA Plastik","isPartOf":{"@id":"https:\/\/rmaplastik.com\/en\/#website"},"datePublished":"2017-02-02T10:35:17+00:00","dateModified":"2017-03-14T10:12:04+00:00","breadcrumb":{"@id":"https:\/\/rmaplastik.com\/en\/product\/2500-lt-adblue-tanki\/#breadcrumb"},"inLanguage":"en-US","potentialAction":[{"@type":"ReadAction","target":["https:\/\/rmaplastik.com\/en\/product\/2500-lt-adblue-tanki\/"]}]},{"@type":"BreadcrumbList","@id":"https:\/\/rmaplastik.com\/en\/product\/2500-lt-adblue-tanki\/#breadcrumb","itemListElement":[{"@type":"ListItem","position":1,"name":"Anasayfa","item":"https:\/\/rmaplastik.com\/en\/"},{"@type":"ListItem","position":2,"name":"\u00dcr\u00fcnler","item":"https:\/\/rmaplastik.com\/en\/urunler\/"},{"@type":"ListItem","position":3,"name":"2500 LT Adblue Tank\u0131"}]},{"@type":"WebSite","@id":"https:\/\/rmaplastik.com\/en\/#website","url":"https:\/\/rmaplastik.com\/en\/","name":"RMA Plastik","description":"","publisher":{"@id":"https:\/\/rmaplastik.com\/en\/#organization"},"potentialAction":[{"@type":"SearchAction","target":{"@type":"EntryPoint","urlTemplate":"https:\/\/rmaplastik.com\/en\/?s={search_term_string}"},"query-input":"required name=search_term_string"}],"inLanguage":"en-US"},{"@type":"Organization","@id":"https:\/\/rmaplastik.com\/en\/#organization","name":"RMA Plastik","url":"https:\/\/rmaplastik.com\/en\/","logo":{"@type":"ImageObject","inLanguage":"en-US","@id":"https:\/\/rmaplastik.com\/en\/#\/schema\/logo\/image\/","url":"https:\/\/rmaplastik.com\/wp-content\/uploads\/1.png","contentUrl":"https:\/\/rmaplastik.com\/wp-content\/uploads\/1.png","width":179,"height":62,"caption":"RMA Plastik"},"image":{"@id":"https:\/\/rmaplastik.com\/en\/#\/schema\/logo\/image\/"},"sameAs":["https:\/\/www.facebook.com\/rmaplastik","https:\/\/www.youtube.com\/channel\/UCXO7Np-P9Sp1mq1dMr6342w"]}]}},"_links":{"self":[{"href":"https:\/\/rmaplastik.com\/en\/wp-json\/wp\/v2\/product\/25484"}],"collection":[{"href":"https:\/\/rmaplastik.com\/en\/wp-json\/wp\/v2\/product"}],"about":[{"href":"https:\/\/rmaplastik.com\/en\/wp-json\/wp\/v2\/types\/product"}],"replies":[{"embeddable":true,"href":"https:\/\/rmaplastik.com\/en\/wp-json\/wp\/v2\/comments?post=25484"}],"wp:featuredmedia":[{"embeddable":true,"href":"https:\/\/rmaplastik.com\/en\/wp-json\/wp\/v2\/media\/25482"}],"wp:attachment":[{"href":"https:\/\/rmaplastik.com\/en\/wp-json\/wp\/v2\/media?parent=25484"}],"wp:term":[{"taxonomy":"product_cat","embeddable":true,"href":"https:\/\/rmaplastik.com\/en\/wp-json\/wp\/v2\/product_cat?post=25484"},{"taxonomy":"product_tag","embeddable":true,"href":"https:\/\/rmaplastik.com\/en\/wp-json\/wp\/v2\/product_tag?post=25484"}],"curies":[{"name":"wp","href":"https:\/\/api.w.org\/{rel}","templated":true}]}}