{"id":25480,"date":"2017-02-02T12:19:59","date_gmt":"2017-02-02T10:19:59","guid":{"rendered":"http:\/\/rmaplastik.com\/urun\/1000-lt-zirai-ilaclama-tanki-rz-1002\/"},"modified":"2017-03-14T12:09:31","modified_gmt":"2017-03-14T10:09:31","slug":"rz-1002-1000-lt-zirai-ilaclama-tanki","status":"publish","type":"product","link":"https:\/\/rmaplastik.com\/en\/urun\/rz-1002-1000-lt-zirai-ilaclama-tanki\/","title":{"rendered":"RZ 1002 &#8211; 1000 LT Zirai \u0130la\u00e7lama Tank\u0131"},"content":{"rendered":"<ul>\n<li>\u0130thal polietilen ham maddeden \u00fcretilir.<\/li>\n<li>G\u00fcne\u015f \u0131\u015f\u0131\u011f\u0131n\u0131 ge\u00e7irmez.<\/li>\n<li>Hijyeniktir, s\u0131cak ve so\u011fuk havadan etkilenmez.<\/li>\n<li>Darbelere dayan\u0131kl\u0131d\u0131r \u0130\u00e7erisine konulan malzeme ile reaksiyona girmez.<\/li>\n<li>Kimyasal maddelere kar\u015f\u0131 mukavemetlidir.<\/li>\n<li>B\u00fct\u00fcn \u00fcr\u00fcnler mono blok yap\u0131ya sahiptir.<\/li>\n<li>\u0130stenilen renkte \u00fcretim yap\u0131l\u0131r.<\/li>\n<\/ul>\n","protected":false},"excerpt":{"rendered":"<table class=\"urunOzellik\">\n<thead>\n<tr>\n<th>\u00dcr\u00fcn Kodu<\/th>\n<td>RZ 1002 uysan<\/td>\n<\/tr>\n<tr>\n<th>Hacim<\/th>\n<td>1000 lt<\/td>\n<\/tr>\n<tr>\n<th>Uzunluk<\/th>\n<td>154 cm<\/td>\n<\/tr>\n<tr>\n<th>Geni\u015flik<\/th>\n<td>74 cm<\/td>\n<\/tr>\n<tr>\n<th>Y\u00fckseklik<\/th>\n<td>123 cm<\/td>\n<\/tr>\n<\/thead>\n<\/table>\n","protected":false},"featured_media":25467,"comment_status":"closed","ping_status":"closed","template":"","meta":[],"product_cat":[],"product_tag":[],"yoast_head":"<!-- This site is optimized with the Yoast SEO plugin v20.1 - https:\/\/yoast.com\/wordpress\/plugins\/seo\/ -->\n<title>RZ 1002 - 1000 LT Zirai \u0130la\u00e7lama Tank\u0131 - RMA Plastik<\/title>\n<meta name=\"robots\" content=\"index, follow, max-snippet:-1, max-image-preview:large, max-video-preview:-1\" \/>\n<link rel=\"canonical\" href=\"https:\/\/rmaplastik.com\/urun\/rz-1002-1000-lt-zirai-ilaclama-tanki\/\" \/>\n<meta property=\"og:locale\" content=\"en_US\" \/>\n<meta property=\"og:type\" content=\"article\" \/>\n<meta property=\"og:title\" content=\"RZ 1002 - 1000 LT Zirai \u0130la\u00e7lama Tank\u0131 - RMA Plastik\" \/>\n<meta property=\"og:description\" content=\"\u00dcr\u00fcn Kodu RZ 1002 uysan   Hacim 1000 lt   Uzunluk 154 cm   Geni\u015flik 74 cm   Y\u00fckseklik 123 cm\" \/>\n<meta property=\"og:url\" content=\"https:\/\/rmaplastik.com\/urun\/rz-1002-1000-lt-zirai-ilaclama-tanki\/\" \/>\n<meta property=\"og:site_name\" content=\"RMA Plastik\" \/>\n<meta property=\"article:publisher\" content=\"https:\/\/www.facebook.com\/rmaplastik\" \/>\n<meta property=\"article:modified_time\" content=\"2017-03-14T10:09:31+00:00\" \/>\n<meta property=\"og:image\" content=\"https:\/\/rmaplastik.com\/wp-content\/uploads\/2017\/02\/rz1001.png\" \/>\n\t<meta property=\"og:image:width\" content=\"539\" \/>\n\t<meta property=\"og:image:height\" content=\"522\" \/>\n\t<meta property=\"og:image:type\" content=\"image\/png\" \/>\n<meta name=\"twitter:card\" content=\"summary_large_image\" \/>\n<script type=\"application\/ld+json\" class=\"yoast-schema-graph\">{\"@context\":\"https:\/\/schema.org\",\"@graph\":[{\"@type\":\"WebPage\",\"@id\":\"https:\/\/rmaplastik.com\/urun\/rz-1002-1000-lt-zirai-ilaclama-tanki\/\",\"url\":\"https:\/\/rmaplastik.com\/urun\/rz-1002-1000-lt-zirai-ilaclama-tanki\/\",\"name\":\"RZ 1002 - 1000 LT Zirai \u0130la\u00e7lama Tank\u0131 - RMA Plastik\",\"isPartOf\":{\"@id\":\"https:\/\/rmaplastik.com\/en\/#website\"},\"datePublished\":\"2017-02-02T10:19:59+00:00\",\"dateModified\":\"2017-03-14T10:09:31+00:00\",\"breadcrumb\":{\"@id\":\"https:\/\/rmaplastik.com\/urun\/rz-1002-1000-lt-zirai-ilaclama-tanki\/#breadcrumb\"},\"inLanguage\":\"en-US\",\"potentialAction\":[{\"@type\":\"ReadAction\",\"target\":[\"https:\/\/rmaplastik.com\/urun\/rz-1002-1000-lt-zirai-ilaclama-tanki\/\"]}]},{\"@type\":\"BreadcrumbList\",\"@id\":\"https:\/\/rmaplastik.com\/urun\/rz-1002-1000-lt-zirai-ilaclama-tanki\/#breadcrumb\",\"itemListElement\":[{\"@type\":\"ListItem\",\"position\":1,\"name\":\"Anasayfa\",\"item\":\"https:\/\/rmaplastik.com\/en\/\"},{\"@type\":\"ListItem\",\"position\":2,\"name\":\"\u00dcr\u00fcnler\",\"item\":\"https:\/\/rmaplastik.com\/en\/urunler\/\"},{\"@type\":\"ListItem\",\"position\":3,\"name\":\"RZ 1002 &#8211; 1000 LT Zirai \u0130la\u00e7lama Tank\u0131\"}]},{\"@type\":\"WebSite\",\"@id\":\"https:\/\/rmaplastik.com\/en\/#website\",\"url\":\"https:\/\/rmaplastik.com\/en\/\",\"name\":\"RMA Plastik\",\"description\":\"\",\"publisher\":{\"@id\":\"https:\/\/rmaplastik.com\/en\/#organization\"},\"potentialAction\":[{\"@type\":\"SearchAction\",\"target\":{\"@type\":\"EntryPoint\",\"urlTemplate\":\"https:\/\/rmaplastik.com\/en\/?s={search_term_string}\"},\"query-input\":\"required name=search_term_string\"}],\"inLanguage\":\"en-US\"},{\"@type\":\"Organization\",\"@id\":\"https:\/\/rmaplastik.com\/en\/#organization\",\"name\":\"RMA Plastik\",\"url\":\"https:\/\/rmaplastik.com\/en\/\",\"logo\":{\"@type\":\"ImageObject\",\"inLanguage\":\"en-US\",\"@id\":\"https:\/\/rmaplastik.com\/en\/#\/schema\/logo\/image\/\",\"url\":\"https:\/\/rmaplastik.com\/wp-content\/uploads\/1.png\",\"contentUrl\":\"https:\/\/rmaplastik.com\/wp-content\/uploads\/1.png\",\"width\":179,\"height\":62,\"caption\":\"RMA Plastik\"},\"image\":{\"@id\":\"https:\/\/rmaplastik.com\/en\/#\/schema\/logo\/image\/\"},\"sameAs\":[\"https:\/\/www.facebook.com\/rmaplastik\",\"https:\/\/www.youtube.com\/channel\/UCXO7Np-P9Sp1mq1dMr6342w\"]}]}<\/script>\n<!-- \/ Yoast SEO plugin. -->","yoast_head_json":{"title":"RZ 1002 - 1000 LT Zirai \u0130la\u00e7lama Tank\u0131 - RMA Plastik","robots":{"index":"index","follow":"follow","max-snippet":"max-snippet:-1","max-image-preview":"max-image-preview:large","max-video-preview":"max-video-preview:-1"},"canonical":"https:\/\/rmaplastik.com\/urun\/rz-1002-1000-lt-zirai-ilaclama-tanki\/","og_locale":"en_US","og_type":"article","og_title":"RZ 1002 - 1000 LT Zirai \u0130la\u00e7lama Tank\u0131 - RMA Plastik","og_description":"\u00dcr\u00fcn Kodu RZ 1002 uysan   Hacim 1000 lt   Uzunluk 154 cm   Geni\u015flik 74 cm   Y\u00fckseklik 123 cm","og_url":"https:\/\/rmaplastik.com\/urun\/rz-1002-1000-lt-zirai-ilaclama-tanki\/","og_site_name":"RMA Plastik","article_publisher":"https:\/\/www.facebook.com\/rmaplastik","article_modified_time":"2017-03-14T10:09:31+00:00","og_image":[{"width":539,"height":522,"url":"https:\/\/rmaplastik.com\/wp-content\/uploads\/2017\/02\/rz1001.png","type":"image\/png"}],"twitter_card":"summary_large_image","schema":{"@context":"https:\/\/schema.org","@graph":[{"@type":"WebPage","@id":"https:\/\/rmaplastik.com\/urun\/rz-1002-1000-lt-zirai-ilaclama-tanki\/","url":"https:\/\/rmaplastik.com\/urun\/rz-1002-1000-lt-zirai-ilaclama-tanki\/","name":"RZ 1002 - 1000 LT Zirai \u0130la\u00e7lama Tank\u0131 - RMA Plastik","isPartOf":{"@id":"https:\/\/rmaplastik.com\/en\/#website"},"datePublished":"2017-02-02T10:19:59+00:00","dateModified":"2017-03-14T10:09:31+00:00","breadcrumb":{"@id":"https:\/\/rmaplastik.com\/urun\/rz-1002-1000-lt-zirai-ilaclama-tanki\/#breadcrumb"},"inLanguage":"en-US","potentialAction":[{"@type":"ReadAction","target":["https:\/\/rmaplastik.com\/urun\/rz-1002-1000-lt-zirai-ilaclama-tanki\/"]}]},{"@type":"BreadcrumbList","@id":"https:\/\/rmaplastik.com\/urun\/rz-1002-1000-lt-zirai-ilaclama-tanki\/#breadcrumb","itemListElement":[{"@type":"ListItem","position":1,"name":"Anasayfa","item":"https:\/\/rmaplastik.com\/en\/"},{"@type":"ListItem","position":2,"name":"\u00dcr\u00fcnler","item":"https:\/\/rmaplastik.com\/en\/urunler\/"},{"@type":"ListItem","position":3,"name":"RZ 1002 &#8211; 1000 LT Zirai \u0130la\u00e7lama Tank\u0131"}]},{"@type":"WebSite","@id":"https:\/\/rmaplastik.com\/en\/#website","url":"https:\/\/rmaplastik.com\/en\/","name":"RMA Plastik","description":"","publisher":{"@id":"https:\/\/rmaplastik.com\/en\/#organization"},"potentialAction":[{"@type":"SearchAction","target":{"@type":"EntryPoint","urlTemplate":"https:\/\/rmaplastik.com\/en\/?s={search_term_string}"},"query-input":"required name=search_term_string"}],"inLanguage":"en-US"},{"@type":"Organization","@id":"https:\/\/rmaplastik.com\/en\/#organization","name":"RMA Plastik","url":"https:\/\/rmaplastik.com\/en\/","logo":{"@type":"ImageObject","inLanguage":"en-US","@id":"https:\/\/rmaplastik.com\/en\/#\/schema\/logo\/image\/","url":"https:\/\/rmaplastik.com\/wp-content\/uploads\/1.png","contentUrl":"https:\/\/rmaplastik.com\/wp-content\/uploads\/1.png","width":179,"height":62,"caption":"RMA Plastik"},"image":{"@id":"https:\/\/rmaplastik.com\/en\/#\/schema\/logo\/image\/"},"sameAs":["https:\/\/www.facebook.com\/rmaplastik","https:\/\/www.youtube.com\/channel\/UCXO7Np-P9Sp1mq1dMr6342w"]}]}},"_links":{"self":[{"href":"https:\/\/rmaplastik.com\/en\/wp-json\/wp\/v2\/product\/25480"}],"collection":[{"href":"https:\/\/rmaplastik.com\/en\/wp-json\/wp\/v2\/product"}],"about":[{"href":"https:\/\/rmaplastik.com\/en\/wp-json\/wp\/v2\/types\/product"}],"replies":[{"embeddable":true,"href":"https:\/\/rmaplastik.com\/en\/wp-json\/wp\/v2\/comments?post=25480"}],"wp:featuredmedia":[{"embeddable":true,"href":"https:\/\/rmaplastik.com\/en\/wp-json\/wp\/v2\/media\/25467"}],"wp:attachment":[{"href":"https:\/\/rmaplastik.com\/en\/wp-json\/wp\/v2\/media?parent=25480"}],"wp:term":[{"taxonomy":"product_cat","embeddable":true,"href":"https:\/\/rmaplastik.com\/en\/wp-json\/wp\/v2\/product_cat?post=25480"},{"taxonomy":"product_tag","embeddable":true,"href":"https:\/\/rmaplastik.com\/en\/wp-json\/wp\/v2\/product_tag?post=25480"}],"curies":[{"name":"wp","href":"https:\/\/api.w.org\/{rel}","templated":true}]}}