{"id":25434,"date":"2017-02-02T10:31:37","date_gmt":"2017-02-02T08:31:37","guid":{"rendered":"http:\/\/rmaplastik.com\/urun\/105-lt-kops-kutusu\/"},"modified":"2017-05-01T15:11:55","modified_gmt":"2017-05-01T12:11:55","slug":"rtk-98-105-lt-kops-kutusu","status":"publish","type":"product","link":"https:\/\/rmaplastik.com\/en\/urun\/rtk-98-105-lt-kops-kutusu\/","title":{"rendered":"RTK 98 &#8211; 105 LT Kops Kutusu"},"content":{"rendered":"<ul>\n<li class=\"p3\"><span class=\"s1\">\u00dcst \u00fcste kullan\u0131m ve ta\u015f\u0131ma kolayl\u0131\u011f\u0131 vard\u0131r.<\/span><\/li>\n<li class=\"p4\"><span class=\"s1\">\u0130stenilen renkte \u00fcretim yap\u0131labilir.\u00a0<\/span><\/li>\n<li class=\"p3\"><span class=\"s1\">Kullan\u0131\u015fl\u0131, hafif, esnek, ekonomik ve uzun \u00f6m\u00fcrl\u00fcd\u00fcr. <\/span><\/li>\n<li class=\"p3\"><span class=\"s1\">Hijyeniktir, kanserojen madde i\u00e7ermez.<\/span><\/li>\n<li class=\"p3\"><span class=\"s1\">Darbelere kar\u015f\u0131 dayan\u0131kl\u0131d\u0131r. <\/span><\/li>\n<li class=\"p3\"><span class=\"s1\">\u00c7\u00fcr\u00fcmez, \u00e7atlamaz, e\u011filmez, par\u00e7alanmaz ve bozulmaz. <\/span><\/li>\n<li class=\"p3\"><span class=\"s1\">UV katk\u0131l\u0131d\u0131r.<\/span><\/li>\n<li class=\"p3\"><span class=\"s1\">Kimyasallarla (tekstil boyalar\u0131yla vs) reaksiyona girmez ve m\u00fckemmel dayan\u0131kl\u0131l\u0131\u011f\u0131 vard\u0131r.<\/span><\/li>\n<li class=\"p3\"><span class=\"s1\">G\u00f6zeneksiz ve emmeye kar\u015f\u0131 dayan\u0131kl\u0131 oldu\u011fu i\u00e7in yosun tutmaz, mantar ve k\u00fcf olu\u015fmaz. <\/span><\/li>\n<li class=\"p3\"><span class=\"s1\">Plastik g\u00f6vde monoblok yani tek par\u00e7a olup, kaynak, per\u00e7in, punta, lehim gibi birle\u015ftirme yoktur. Dolay\u0131s\u0131yla i\u00e7erisine konulan kuma\u015fa zarar vermez. <\/span><\/li>\n<li class=\"p3\"><span class=\"s1\">Korozif maddelere, ya\u011f ve petrole, ha\u015ferelere, deniz tuzu ile di\u011fer \u00e7evresel etkenlere kar\u015f\u0131 dayan\u0131kl\u0131d\u0131r.<\/span><\/li>\n<\/ul>\n","protected":false},"excerpt":{"rendered":"<table class=\"urunOzellik\">\n<thead>\n<tr>\n<th>\u00dcr\u00fcn Kodu<\/th>\n<td>RTK 98<\/td>\n<\/tr>\n<tr>\n<th>Hacim<\/th>\n<td>105 lt<\/td>\n<\/tr>\n<tr>\n<th>Uzunluk<\/th>\n<td>65 cm<\/td>\n<\/tr>\n<tr>\n<th>Geni\u015flik<\/th>\n<td>31 cm<\/td>\n<\/tr>\n<tr>\n<th>Y\u00fckseklik<\/th>\n<td>54 cm<\/td>\n<\/tr>\n<\/thead>\n<\/table>\n","protected":false},"featured_media":25418,"comment_status":"closed","ping_status":"closed","template":"","meta":[],"product_cat":[210],"product_tag":[],"yoast_head":"<!-- This site is optimized with the Yoast SEO plugin v20.1 - https:\/\/yoast.com\/wordpress\/plugins\/seo\/ -->\n<title>RTK 98 - 105 LT Kops Kutusu - RMA Plastik<\/title>\n<meta name=\"robots\" content=\"index, follow, max-snippet:-1, max-image-preview:large, max-video-preview:-1\" \/>\n<link rel=\"canonical\" href=\"https:\/\/rmaplastik.com\/en\/product\/rtk-98-105-lt-kops-kutusu\/\" \/>\n<meta property=\"og:locale\" content=\"en_US\" \/>\n<meta property=\"og:type\" content=\"article\" \/>\n<meta property=\"og:title\" content=\"RTK 98 - 105 LT Kops Kutusu - RMA Plastik\" \/>\n<meta property=\"og:description\" content=\"\u00dcr\u00fcn Kodu RTK 98   Hacim 105 lt   Uzunluk 65 cm   Geni\u015flik 31 cm   Y\u00fckseklik 54 cm\" \/>\n<meta property=\"og:url\" content=\"https:\/\/rmaplastik.com\/en\/product\/rtk-98-105-lt-kops-kutusu\/\" \/>\n<meta property=\"og:site_name\" content=\"RMA Plastik\" \/>\n<meta property=\"article:publisher\" content=\"https:\/\/www.facebook.com\/rmaplastik\" \/>\n<meta property=\"article:modified_time\" content=\"2017-05-01T12:11:55+00:00\" \/>\n<meta property=\"og:image\" content=\"https:\/\/rmaplastik.com\/wp-content\/uploads\/2017\/02\/kops1.png\" \/>\n\t<meta property=\"og:image:width\" content=\"642\" \/>\n\t<meta property=\"og:image:height\" content=\"501\" \/>\n\t<meta property=\"og:image:type\" content=\"image\/png\" \/>\n<meta name=\"twitter:card\" content=\"summary_large_image\" \/>\n<meta name=\"twitter:label1\" content=\"Est. reading time\" \/>\n\t<meta name=\"twitter:data1\" content=\"1 minute\" \/>\n<script type=\"application\/ld+json\" class=\"yoast-schema-graph\">{\"@context\":\"https:\/\/schema.org\",\"@graph\":[{\"@type\":\"WebPage\",\"@id\":\"https:\/\/rmaplastik.com\/en\/product\/rtk-98-105-lt-kops-kutusu\/\",\"url\":\"https:\/\/rmaplastik.com\/en\/product\/rtk-98-105-lt-kops-kutusu\/\",\"name\":\"RTK 98 - 105 LT Kops Kutusu - RMA Plastik\",\"isPartOf\":{\"@id\":\"https:\/\/rmaplastik.com\/en\/#website\"},\"datePublished\":\"2017-02-02T08:31:37+00:00\",\"dateModified\":\"2017-05-01T12:11:55+00:00\",\"breadcrumb\":{\"@id\":\"https:\/\/rmaplastik.com\/en\/product\/rtk-98-105-lt-kops-kutusu\/#breadcrumb\"},\"inLanguage\":\"en-US\",\"potentialAction\":[{\"@type\":\"ReadAction\",\"target\":[\"https:\/\/rmaplastik.com\/en\/product\/rtk-98-105-lt-kops-kutusu\/\"]}]},{\"@type\":\"BreadcrumbList\",\"@id\":\"https:\/\/rmaplastik.com\/en\/product\/rtk-98-105-lt-kops-kutusu\/#breadcrumb\",\"itemListElement\":[{\"@type\":\"ListItem\",\"position\":1,\"name\":\"Anasayfa\",\"item\":\"https:\/\/rmaplastik.com\/en\/\"},{\"@type\":\"ListItem\",\"position\":2,\"name\":\"\u00dcr\u00fcnler\",\"item\":\"https:\/\/rmaplastik.com\/en\/urunler\/\"},{\"@type\":\"ListItem\",\"position\":3,\"name\":\"RTK 98 &#8211; 105 LT Kops Kutusu\"}]},{\"@type\":\"WebSite\",\"@id\":\"https:\/\/rmaplastik.com\/en\/#website\",\"url\":\"https:\/\/rmaplastik.com\/en\/\",\"name\":\"RMA Plastik\",\"description\":\"\",\"publisher\":{\"@id\":\"https:\/\/rmaplastik.com\/en\/#organization\"},\"potentialAction\":[{\"@type\":\"SearchAction\",\"target\":{\"@type\":\"EntryPoint\",\"urlTemplate\":\"https:\/\/rmaplastik.com\/en\/?s={search_term_string}\"},\"query-input\":\"required name=search_term_string\"}],\"inLanguage\":\"en-US\"},{\"@type\":\"Organization\",\"@id\":\"https:\/\/rmaplastik.com\/en\/#organization\",\"name\":\"RMA Plastik\",\"url\":\"https:\/\/rmaplastik.com\/en\/\",\"logo\":{\"@type\":\"ImageObject\",\"inLanguage\":\"en-US\",\"@id\":\"https:\/\/rmaplastik.com\/en\/#\/schema\/logo\/image\/\",\"url\":\"https:\/\/rmaplastik.com\/wp-content\/uploads\/1.png\",\"contentUrl\":\"https:\/\/rmaplastik.com\/wp-content\/uploads\/1.png\",\"width\":179,\"height\":62,\"caption\":\"RMA Plastik\"},\"image\":{\"@id\":\"https:\/\/rmaplastik.com\/en\/#\/schema\/logo\/image\/\"},\"sameAs\":[\"https:\/\/www.facebook.com\/rmaplastik\",\"https:\/\/www.youtube.com\/channel\/UCXO7Np-P9Sp1mq1dMr6342w\"]}]}<\/script>\n<!-- \/ Yoast SEO plugin. -->","yoast_head_json":{"title":"RTK 98 - 105 LT Kops Kutusu - RMA Plastik","robots":{"index":"index","follow":"follow","max-snippet":"max-snippet:-1","max-image-preview":"max-image-preview:large","max-video-preview":"max-video-preview:-1"},"canonical":"https:\/\/rmaplastik.com\/en\/product\/rtk-98-105-lt-kops-kutusu\/","og_locale":"en_US","og_type":"article","og_title":"RTK 98 - 105 LT Kops Kutusu - RMA Plastik","og_description":"\u00dcr\u00fcn Kodu RTK 98   Hacim 105 lt   Uzunluk 65 cm   Geni\u015flik 31 cm   Y\u00fckseklik 54 cm","og_url":"https:\/\/rmaplastik.com\/en\/product\/rtk-98-105-lt-kops-kutusu\/","og_site_name":"RMA Plastik","article_publisher":"https:\/\/www.facebook.com\/rmaplastik","article_modified_time":"2017-05-01T12:11:55+00:00","og_image":[{"width":642,"height":501,"url":"https:\/\/rmaplastik.com\/wp-content\/uploads\/2017\/02\/kops1.png","type":"image\/png"}],"twitter_card":"summary_large_image","twitter_misc":{"Est. reading time":"1 minute"},"schema":{"@context":"https:\/\/schema.org","@graph":[{"@type":"WebPage","@id":"https:\/\/rmaplastik.com\/en\/product\/rtk-98-105-lt-kops-kutusu\/","url":"https:\/\/rmaplastik.com\/en\/product\/rtk-98-105-lt-kops-kutusu\/","name":"RTK 98 - 105 LT Kops Kutusu - RMA Plastik","isPartOf":{"@id":"https:\/\/rmaplastik.com\/en\/#website"},"datePublished":"2017-02-02T08:31:37+00:00","dateModified":"2017-05-01T12:11:55+00:00","breadcrumb":{"@id":"https:\/\/rmaplastik.com\/en\/product\/rtk-98-105-lt-kops-kutusu\/#breadcrumb"},"inLanguage":"en-US","potentialAction":[{"@type":"ReadAction","target":["https:\/\/rmaplastik.com\/en\/product\/rtk-98-105-lt-kops-kutusu\/"]}]},{"@type":"BreadcrumbList","@id":"https:\/\/rmaplastik.com\/en\/product\/rtk-98-105-lt-kops-kutusu\/#breadcrumb","itemListElement":[{"@type":"ListItem","position":1,"name":"Anasayfa","item":"https:\/\/rmaplastik.com\/en\/"},{"@type":"ListItem","position":2,"name":"\u00dcr\u00fcnler","item":"https:\/\/rmaplastik.com\/en\/urunler\/"},{"@type":"ListItem","position":3,"name":"RTK 98 &#8211; 105 LT Kops Kutusu"}]},{"@type":"WebSite","@id":"https:\/\/rmaplastik.com\/en\/#website","url":"https:\/\/rmaplastik.com\/en\/","name":"RMA Plastik","description":"","publisher":{"@id":"https:\/\/rmaplastik.com\/en\/#organization"},"potentialAction":[{"@type":"SearchAction","target":{"@type":"EntryPoint","urlTemplate":"https:\/\/rmaplastik.com\/en\/?s={search_term_string}"},"query-input":"required name=search_term_string"}],"inLanguage":"en-US"},{"@type":"Organization","@id":"https:\/\/rmaplastik.com\/en\/#organization","name":"RMA Plastik","url":"https:\/\/rmaplastik.com\/en\/","logo":{"@type":"ImageObject","inLanguage":"en-US","@id":"https:\/\/rmaplastik.com\/en\/#\/schema\/logo\/image\/","url":"https:\/\/rmaplastik.com\/wp-content\/uploads\/1.png","contentUrl":"https:\/\/rmaplastik.com\/wp-content\/uploads\/1.png","width":179,"height":62,"caption":"RMA Plastik"},"image":{"@id":"https:\/\/rmaplastik.com\/en\/#\/schema\/logo\/image\/"},"sameAs":["https:\/\/www.facebook.com\/rmaplastik","https:\/\/www.youtube.com\/channel\/UCXO7Np-P9Sp1mq1dMr6342w"]}]}},"_links":{"self":[{"href":"https:\/\/rmaplastik.com\/en\/wp-json\/wp\/v2\/product\/25434"}],"collection":[{"href":"https:\/\/rmaplastik.com\/en\/wp-json\/wp\/v2\/product"}],"about":[{"href":"https:\/\/rmaplastik.com\/en\/wp-json\/wp\/v2\/types\/product"}],"replies":[{"embeddable":true,"href":"https:\/\/rmaplastik.com\/en\/wp-json\/wp\/v2\/comments?post=25434"}],"wp:featuredmedia":[{"embeddable":true,"href":"https:\/\/rmaplastik.com\/en\/wp-json\/wp\/v2\/media\/25418"}],"wp:attachment":[{"href":"https:\/\/rmaplastik.com\/en\/wp-json\/wp\/v2\/media?parent=25434"}],"wp:term":[{"taxonomy":"product_cat","embeddable":true,"href":"https:\/\/rmaplastik.com\/en\/wp-json\/wp\/v2\/product_cat?post=25434"},{"taxonomy":"product_tag","embeddable":true,"href":"https:\/\/rmaplastik.com\/en\/wp-json\/wp\/v2\/product_tag?post=25434"}],"curies":[{"name":"wp","href":"https:\/\/api.w.org\/{rel}","templated":true}]}}