{"id":7600,"date":"2016-02-25T11:09:01","date_gmt":"2016-02-25T09:09:01","guid":{"rendered":"http:\/\/democontent.codex-themes.com\/thegem-agencies\/?page_id=7600"},"modified":"2021-05-07T05:24:58","modified_gmt":"2021-05-07T02:24:58","slug":"sirket-profili","status":"publish","type":"page","link":"https:\/\/rmaplastik.com\/en\/about-us\/","title":{"rendered":"About Us"},"content":{"rendered":"<p>[vc_row][vc_column]<div class=\"clearboth\"><\/div><div class=\"gem-divider \" style=\"margin-top: 24px;\"><\/div>[vc_single_image image=&#8221;27055&#8243; img_size=&#8221;full&#8221; style=&#8221;vc_box_border&#8221;]<div class=\"clearboth\"><\/div><div class=\"gem-divider \" style=\"\"><\/div>[vc_column_text]RMA Yat\u0131r\u0131m Makina \u0130n\u015faat Sanayi ve Ticaret Limited \u015eirketi (\u201cRMA Plastic\u201d) was established in 1998 at Mersin Organized Industrial Zone. RMA Plastic produces polyethylene products by using the rotational moulding (rotational casting or rotomoulding) technology.[\/vc_column_text][vc_column_text]RMA Plastic supply its productions to food, chemicals, automotive, agriculture, plastic and textile sectors. It produces different shape, color and size products ranging from 10 liter to 42000 liters.[\/vc_column_text][vc_column_text]We have a wide range of products; water and acid tanks, food (olive oil, fruit juice, vinegar, milk, pickles etc) storage and carriage containers, salt tanks, agricultural spraying tanks, septic tanks, latex glue tanks, truck fenders, pallets, trash cans, recycle bins, tanks with mixer, traffic sign and barriers, sumps for gas stations, fuel-oil storage tanks, calf shelters, IBC tanks, floaters, playgrounds, acid pools, glucose and fructose tanks, textile carts, rope dyeing buckets, cops buckets, dustpans, tanks with streamer, bunkers, boats and canoes, first aid board (stretcher), decorative plastic products (led tables, led flower pots).<\/p>\n<p>The advantage of rotational moulds from other plastic processing methods such as blow moulding and injection is that new moulds could be made easily in short time and costs are much lower. With the dedicated machine track and mould workshop, RMA Plastic designs new products and easily manufactures moulds for such products in order to respond the needs and requirements of its customs. Moreover, RMA Plastic builds metal construction parts for its products in line with its customs\u2019 desires.<br \/>\nIn 2012, RMA Plastic has established its second production facility in Beylikd\u00fcz\u00fc, Istanbul in order to increase its production capacity and to quickly respond the Increasing demand of market.[\/vc_column_text]<div class=\"clearboth\"><\/div><div class=\"gem-divider \" style=\"margin-bottom: 40px;\"><\/div>[vc_column_text]<\/p>\n<h4>MISSION &amp; VISION<\/h4>\n<p>[\/vc_column_text]<div class=\"clearboth\"><\/div><div class=\"gem-divider \" style=\"margin-bottom: 20px;\"><\/div>[vc_column_text]Our main purpose is to achieve sustainable performance and devolopment by way of improving our management standards, product quality and range. We aim to become leader producer in Turkish market and make our products more available in global markets by developing products and solutions enhancing our customers\u2019 industrial activities. While doing this, we act in optimum corporate behaviour to our employees, customers, our society and environment.[\/vc_column_text][\/vc_column][\/vc_row][vc_row full_width=&#8221;stretch_row_content&#8221; parallax=&#8221;content-moving-fade&#8221; parallax_image=&#8221;27061&#8243; css_animation=&#8221;none&#8221; css=&#8221;.vc_custom_1490262076968{margin-top: 30px !important;padding-top: 30px !important;}&#8221;][vc_column]<div class=\"clearboth\"><\/div><div class=\"gem-divider \" style=\"margin-top: 80px;\"><\/div><div class=\"centered-box\"><div class=\"gem-icon gem-icon-pack-material gem-icon-size-large  gem-icon-shape-hexagon\" style=\"border-color: #f0f3f2;opacity: 1;\"><div class=\"gem-icon-shape-hexagon-back\"><div class=\"gem-icon-shape-hexagon-back-inner\"><div class=\"gem-icon-shape-hexagon-back-inner-before\" style=\"background-color: #f0f3f2\"><\/div><\/div><\/div><div class=\"gem-icon-shape-hexagon-top\"><div class=\"gem-icon-shape-hexagon-top-inner\"><div class=\"gem-icon-shape-hexagon-top-inner-before\" style=\"background-color: #f0f3f2;\"><\/div><\/div><\/div><div class=\"gem-icon-inner\" style=\"background-color: #f0f3f2;\"><span class=\"gem-icon-half-1\" style=\"color: #00bcd4;\"><span class=\"back-angle\">&#xf57f;<\/span><\/span><span class=\"gem-icon-half-2\" style=\"color: #00bcd4;\"><span class=\"back-angle\">&#xf57f;<\/span><\/span><\/div><\/div><\/div><div class=\"clearboth\"><\/div><div class=\"gem-divider \" style=\"margin-top: 60px;\"><\/div>[vc_column_text]<\/p>\n<div class=\"title-h2\" style=\"text-align: center; color: #fff;\">NUMBERS OF RMA PLASTIC<\/div>\n<p>[\/vc_column_text]<div class=\"clearboth\"><\/div><div class=\"gem-divider \" style=\"margin-top: 40px;\"><\/div><div class=\"clearboth\"><\/div><div class=\"gem-divider \" style=\"margin-bottom: 121px;\"><\/div>[\/vc_column][\/vc_row][vc_row][vc_column]<div class=\"clearboth\"><\/div><div class=\"gem-divider \" style=\"margin-bottom: 40px;\"><\/div>[\/vc_column][\/vc_row][vc_row full_width=&#8221;stretch_row_content&#8221;][vc_column width=&#8221;1\/4&#8243;][\/vc_column][vc_column width=&#8221;1\/4&#8243; el_class=&#8221;teams_page_vertical_4x&#8221;]<div data-number-format=\"(ddd).ddd\" class=\"gem-counter-box gem-counter-style-vertical lazy-loading lazy-loading-not-hide\" data-ll-item-delay=\"0\"><div class=\"gem-counter-team image-size-xlarge\"><div class=\"gem-team row inline-row gem-team-style-counter\">\n<div class=\"col-xs-12 inline-column\"> <div id=\"post-27537\" class=\"team-person centered-box default-background post-27537 thegem_team_person type-thegem_team_person status-publish has-post-thumbnail hentry\"> <div class=\"team-person-image\"><img  title=\"\" width=\"400\" height=\"400\" src=\"https:\/\/rmaplastik.com\/wp-content\/uploads\/2017\/02\/istanbul-fabrika-1-thegem-person.jpg\" class=\"img-responsive wp-post-image\"  alt=\"istanbul-fabrika-1-thegem-person MERSIN FACTORY\"  loading=\"lazy\" \/><\/div> <div class=\"team-person-info\"> <div class=\"team-person-name title-h2\"><span class=\"light\">ISTANBUL FACTORY<\/span><\/div> <div class=\"team-person-position date-color styled-subtitle\">RMA PLASTIC<\/div> <\/div> <\/div>\n<\/div><\/div><\/div><div class=\"gem-counters-list\"><div class=\"gem-counter gem-counter-size-medium gem-counter-effect-background-reverse\"><div class=\"gem-counter-connector\" style=\"background-color: #99a9b5\"><\/div><div class=\"gem-counter-inner\" style=\"background-color: #f0f3f2\"><div class=\"gem-counter-icon\"><div class=\"gem-icon gem-icon-pack-material gem-icon-size-medium  gem-icon-shape-circle\" style=\"border-color: #46485c;opacity: 1;\"><div class=\"gem-icon-inner\" style=\"background-color: #46485c;\"><span class=\"gem-icon-half-1\" style=\"color: #00bcd4;\"><span class=\"back-angle\">&#xf5a3;<\/span><\/span><span class=\"gem-icon-half-2\" style=\"color: #00bcd4;\"><span class=\"back-angle\">&#xf5a3;<\/span><\/span><\/div><\/div><\/div><div class=\"gem-counter-number\" style=\"color: #00bcd4\"><div class=\"gem-counter-odometer\" data-to=\"350\">0<\/div><\/div><div class=\"gem-counter-text styled-subtitle\">Product Type<\/div><\/div><\/div><div class=\"gem-counter gem-counter-size-medium gem-counter-effect-background-reverse\"><div class=\"gem-counter-connector\" style=\"background-color: #99a9b5\"><\/div><div class=\"gem-counter-inner\" style=\"background-color: #f0f3f2\"><div class=\"gem-counter-icon\"><div class=\"gem-icon gem-icon-pack-material gem-icon-size-medium  gem-icon-shape-circle\" style=\"border-color: #46485c;opacity: 1;\"><div class=\"gem-icon-inner\" style=\"background-color: #46485c;\"><span class=\"gem-icon-half-1\" style=\"color: #00bcd4;\"><span class=\"back-angle\">&#xf219;<\/span><\/span><span class=\"gem-icon-half-2\" style=\"color: #00bcd4;\"><span class=\"back-angle\">&#xf219;<\/span><\/span><\/div><\/div><\/div><div class=\"gem-counter-number\" style=\"color: #00bcd4\"><div class=\"gem-counter-odometer\" data-to=\"18\">0<\/div><\/div><div class=\"gem-counter-text styled-subtitle\">Staff<\/div><\/div><\/div><div class=\"gem-counter gem-counter-size-medium gem-counter-effect-background-reverse\"><div class=\"gem-counter-connector\" style=\"background-color: #99a9b5\"><\/div><div class=\"gem-counter-inner\" style=\"background-color: #f0f3f2\"><div class=\"gem-counter-icon\"><div class=\"gem-icon gem-icon-pack-material gem-icon-size-medium  gem-icon-shape-circle\" style=\"border-color: #46485c;opacity: 1;\"><div class=\"gem-icon-inner\" style=\"background-color: #46485c;\"><span class=\"gem-icon-half-1\" style=\"color: #00bcd4;\"><span class=\"back-angle\">&#xf217;<\/span><\/span><span class=\"gem-icon-half-2\" style=\"color: #00bcd4;\"><span class=\"back-angle\">&#xf217;<\/span><\/span><\/div><\/div><\/div><div class=\"gem-counter-number\" style=\"color: #00bcd4\"><div class=\"gem-counter-odometer\" data-to=\"6000\">0<\/div><\/div><div class=\"gem-counter-text styled-subtitle\">m2 Production Facility<\/div><\/div><\/div><\/div><\/div>[\/vc_column][vc_column width=&#8221;1\/4&#8243; el_class=&#8221;teams_page_vertical_5x&#8221;]<div data-number-format=\"(ddd).ddd\" class=\"gem-counter-box gem-counter-style-vertical lazy-loading lazy-loading-not-hide\" data-ll-item-delay=\"0\"><div class=\"gem-counter-team image-size-xlarge\"><div class=\"gem-team row inline-row gem-team-style-counter\">\n<div class=\"col-xs-12 inline-column\"> <div id=\"post-27539\" class=\"team-person centered-box default-background post-27539 thegem_team_person type-thegem_team_person status-publish has-post-thumbnail hentry\"> <div class=\"team-person-image\"><img  title=\"\" width=\"400\" height=\"400\" src=\"https:\/\/rmaplastik.com\/wp-content\/uploads\/2017\/02\/mersin-fabrika-iletisim-thegem-person.jpg\" class=\"img-responsive wp-post-image\"  alt=\"mersin-fabrika-iletisim-thegem-person MERSIN FACTORY\"  loading=\"lazy\" \/><\/div> <div class=\"team-person-info\"> <div class=\"team-person-name title-h2\"><span class=\"light\">MERSIN FACTORY<\/span><\/div> <div class=\"team-person-position date-color styled-subtitle\">RMA PLASTIC<\/div> <\/div> <\/div>\n<\/div><\/div><\/div><div class=\"gem-counters-list\"><div class=\"gem-counter gem-counter-size-medium gem-counter-effect-background-reverse\"><div class=\"gem-counter-connector\" style=\"background-color: #99a9b5\"><\/div><div class=\"gem-counter-inner\" style=\"background-color: #f0f3f2\"><div class=\"gem-counter-icon\"><div class=\"gem-icon gem-icon-pack-material gem-icon-size-medium  gem-icon-shape-circle\" style=\"border-color: #46485c;opacity: 1;\"><div class=\"gem-icon-inner\" style=\"background-color: #46485c;\"><span class=\"gem-icon-half-1\" style=\"color: #00bcd4;\"><span class=\"back-angle\">&#xf5a3;<\/span><\/span><span class=\"gem-icon-half-2\" style=\"color: #00bcd4;\"><span class=\"back-angle\">&#xf5a3;<\/span><\/span><\/div><\/div><\/div><div class=\"gem-counter-number\" style=\"color: #00bcd4\"><div class=\"gem-counter-odometer\" data-to=\"800\">0<\/div><\/div><div class=\"gem-counter-text styled-subtitle\">Product Type<\/div><\/div><\/div><div class=\"gem-counter gem-counter-size-medium gem-counter-effect-background-reverse\"><div class=\"gem-counter-connector\" style=\"background-color: #99a9b5\"><\/div><div class=\"gem-counter-inner\" style=\"background-color: #f0f3f2\"><div class=\"gem-counter-icon\"><div class=\"gem-icon gem-icon-pack-material gem-icon-size-medium  gem-icon-shape-circle\" style=\"border-color: #46485c;opacity: 1;\"><div class=\"gem-icon-inner\" style=\"background-color: #46485c;\"><span class=\"gem-icon-half-1\" style=\"color: #00bcd4;\"><span class=\"back-angle\">&#xf219;<\/span><\/span><span class=\"gem-icon-half-2\" style=\"color: #00bcd4;\"><span class=\"back-angle\">&#xf219;<\/span><\/span><\/div><\/div><\/div><div class=\"gem-counter-number\" style=\"color: #00bcd4\"><div class=\"gem-counter-odometer\" data-to=\"54\">0<\/div><\/div><div class=\"gem-counter-text styled-subtitle\">Staff<\/div><\/div><\/div><div class=\"gem-counter gem-counter-size-medium gem-counter-effect-background-reverse\"><div class=\"gem-counter-connector\" style=\"background-color: #99a9b5\"><\/div><div class=\"gem-counter-inner\" style=\"background-color: #f0f3f2\"><div class=\"gem-counter-icon\"><div class=\"gem-icon gem-icon-pack-material gem-icon-size-medium  gem-icon-shape-circle\" style=\"border-color: #46485c;opacity: 1;\"><div class=\"gem-icon-inner\" style=\"background-color: #46485c;\"><span class=\"gem-icon-half-1\" style=\"color: #00bcd4;\"><span class=\"back-angle\">&#xf217;<\/span><\/span><span class=\"gem-icon-half-2\" style=\"color: #00bcd4;\"><span class=\"back-angle\">&#xf217;<\/span><\/span><\/div><\/div><\/div><div class=\"gem-counter-number\" style=\"color: #00bcd4\"><div class=\"gem-counter-odometer\" data-to=\"12500\">0<\/div><\/div><div class=\"gem-counter-text styled-subtitle\">m2 Production Facility<\/div><\/div><\/div><\/div><\/div>[\/vc_column][vc_column width=&#8221;1\/4&#8243;][\/vc_column][\/vc_row][vc_row][vc_column]<div class=\"clearboth\"><\/div><div class=\"gem-divider \" style=\"margin-bottom: 40px;\"><\/div>[\/vc_column][\/vc_row]<\/p>","protected":false},"excerpt":{"rendered":"<p>[vc_row][vc_column][vc_single_image image=&#8221;27055&#8243; img_size=&#8221;full&#8221; style=&#8221;vc_box_border&#8221;][vc_column_text]RMA Yat\u0131r\u0131m Makina \u0130n\u015faat Sanayi ve Ticaret Limited \u015eirketi (\u201cRMA Plastic\u201d) was established in 1998 at Mersin&#8230;<\/p>\n","protected":false},"author":1,"featured_media":0,"parent":0,"menu_order":0,"comment_status":"closed","ping_status":"closed","template":"","meta":[],"yoast_head":"<!-- This site is optimized with the Yoast SEO plugin v20.1 - https:\/\/yoast.com\/wordpress\/plugins\/seo\/ -->\n<title>About Us - RMA Plastik<\/title>\n<meta name=\"robots\" content=\"index, follow, max-snippet:-1, max-image-preview:large, max-video-preview:-1\" \/>\n<link rel=\"canonical\" href=\"https:\/\/rmaplastik.com\/sirket-profili\/\" \/>\n<meta property=\"og:locale\" content=\"en_US\" \/>\n<meta property=\"og:type\" content=\"article\" \/>\n<meta property=\"og:title\" content=\"[:tr]\u015eirket Profili[:en]About Us[:] - RMA Plastik\" \/>\n<meta property=\"og:description\" content=\"[vc_row][vc_column][vc_single_image image=&#8221;27055&#8243; img_size=&#8221;full&#8221; style=&#8221;vc_box_border&#8221;][vc_column_text]RMA Yat\u0131r\u0131m Makina \u0130n\u015faat Sanayi ve Ticaret Limited \u015eirketi (\u201cRMA Plastic\u201d) was established in 1998 at Mersin...\" \/>\n<meta property=\"og:url\" content=\"https:\/\/rmaplastik.com\/sirket-profili\/\" \/>\n<meta property=\"og:site_name\" content=\"RMA Plastik\" \/>\n<meta property=\"article:publisher\" content=\"https:\/\/www.facebook.com\/rmaplastik\" \/>\n<meta property=\"article:modified_time\" content=\"2021-05-07T02:24:58+00:00\" \/>\n<meta name=\"twitter:card\" content=\"summary_large_image\" \/>\n<meta name=\"twitter:label1\" content=\"Est. reading time\" \/>\n\t<meta name=\"twitter:data1\" content=\"9 minutes\" \/>\n<script type=\"application\/ld+json\" class=\"yoast-schema-graph\">{\"@context\":\"https:\/\/schema.org\",\"@graph\":[{\"@type\":\"WebPage\",\"@id\":\"https:\/\/rmaplastik.com\/sirket-profili\/\",\"url\":\"https:\/\/rmaplastik.com\/sirket-profili\/\",\"name\":\"[:tr]\u015eirket Profili[:en]About Us[:] - RMA Plastik\",\"isPartOf\":{\"@id\":\"https:\/\/rmaplastik.com\/en\/#website\"},\"datePublished\":\"2016-02-25T09:09:01+00:00\",\"dateModified\":\"2021-05-07T02:24:58+00:00\",\"breadcrumb\":{\"@id\":\"https:\/\/rmaplastik.com\/sirket-profili\/#breadcrumb\"},\"inLanguage\":\"en-US\",\"potentialAction\":[{\"@type\":\"ReadAction\",\"target\":[\"https:\/\/rmaplastik.com\/sirket-profili\/\"]}]},{\"@type\":\"BreadcrumbList\",\"@id\":\"https:\/\/rmaplastik.com\/sirket-profili\/#breadcrumb\",\"itemListElement\":[{\"@type\":\"ListItem\",\"position\":1,\"name\":\"Anasayfa\",\"item\":\"https:\/\/rmaplastik.com\/en\/\"},{\"@type\":\"ListItem\",\"position\":2,\"name\":\"\u015eirket Profili\"}]},{\"@type\":\"WebSite\",\"@id\":\"https:\/\/rmaplastik.com\/en\/#website\",\"url\":\"https:\/\/rmaplastik.com\/en\/\",\"name\":\"RMA Plastik\",\"description\":\"\",\"publisher\":{\"@id\":\"https:\/\/rmaplastik.com\/en\/#organization\"},\"potentialAction\":[{\"@type\":\"SearchAction\",\"target\":{\"@type\":\"EntryPoint\",\"urlTemplate\":\"https:\/\/rmaplastik.com\/en\/?s={search_term_string}\"},\"query-input\":\"required name=search_term_string\"}],\"inLanguage\":\"en-US\"},{\"@type\":\"Organization\",\"@id\":\"https:\/\/rmaplastik.com\/en\/#organization\",\"name\":\"RMA Plastik\",\"url\":\"https:\/\/rmaplastik.com\/en\/\",\"logo\":{\"@type\":\"ImageObject\",\"inLanguage\":\"en-US\",\"@id\":\"https:\/\/rmaplastik.com\/en\/#\/schema\/logo\/image\/\",\"url\":\"https:\/\/rmaplastik.com\/wp-content\/uploads\/1.png\",\"contentUrl\":\"https:\/\/rmaplastik.com\/wp-content\/uploads\/1.png\",\"width\":179,\"height\":62,\"caption\":\"RMA Plastik\"},\"image\":{\"@id\":\"https:\/\/rmaplastik.com\/en\/#\/schema\/logo\/image\/\"},\"sameAs\":[\"https:\/\/www.facebook.com\/rmaplastik\",\"https:\/\/www.youtube.com\/channel\/UCXO7Np-P9Sp1mq1dMr6342w\"]}]}<\/script>\n<!-- \/ Yoast SEO plugin. -->","yoast_head_json":{"title":"[:tr]\u015eirket Profili[:en]About Us[:] - RMA Plastik","robots":{"index":"index","follow":"follow","max-snippet":"max-snippet:-1","max-image-preview":"max-image-preview:large","max-video-preview":"max-video-preview:-1"},"canonical":"https:\/\/rmaplastik.com\/sirket-profili\/","og_locale":"en_US","og_type":"article","og_title":"[:tr]\u015eirket Profili[:en]About Us[:] - RMA Plastik","og_description":"[vc_row][vc_column][vc_single_image image=&#8221;27055&#8243; img_size=&#8221;full&#8221; style=&#8221;vc_box_border&#8221;][vc_column_text]RMA Yat\u0131r\u0131m Makina \u0130n\u015faat Sanayi ve Ticaret Limited \u015eirketi (\u201cRMA Plastic\u201d) was established in 1998 at Mersin...","og_url":"https:\/\/rmaplastik.com\/sirket-profili\/","og_site_name":"RMA Plastik","article_publisher":"https:\/\/www.facebook.com\/rmaplastik","article_modified_time":"2021-05-07T02:24:58+00:00","twitter_card":"summary_large_image","twitter_misc":{"Est. reading time":"9 minutes"},"schema":{"@context":"https:\/\/schema.org","@graph":[{"@type":"WebPage","@id":"https:\/\/rmaplastik.com\/sirket-profili\/","url":"https:\/\/rmaplastik.com\/sirket-profili\/","name":"[:tr]\u015eirket Profili[:en]About Us[:] - RMA Plastik","isPartOf":{"@id":"https:\/\/rmaplastik.com\/en\/#website"},"datePublished":"2016-02-25T09:09:01+00:00","dateModified":"2021-05-07T02:24:58+00:00","breadcrumb":{"@id":"https:\/\/rmaplastik.com\/sirket-profili\/#breadcrumb"},"inLanguage":"en-US","potentialAction":[{"@type":"ReadAction","target":["https:\/\/rmaplastik.com\/sirket-profili\/"]}]},{"@type":"BreadcrumbList","@id":"https:\/\/rmaplastik.com\/sirket-profili\/#breadcrumb","itemListElement":[{"@type":"ListItem","position":1,"name":"Anasayfa","item":"https:\/\/rmaplastik.com\/en\/"},{"@type":"ListItem","position":2,"name":"\u015eirket Profili"}]},{"@type":"WebSite","@id":"https:\/\/rmaplastik.com\/en\/#website","url":"https:\/\/rmaplastik.com\/en\/","name":"RMA Plastik","description":"","publisher":{"@id":"https:\/\/rmaplastik.com\/en\/#organization"},"potentialAction":[{"@type":"SearchAction","target":{"@type":"EntryPoint","urlTemplate":"https:\/\/rmaplastik.com\/en\/?s={search_term_string}"},"query-input":"required name=search_term_string"}],"inLanguage":"en-US"},{"@type":"Organization","@id":"https:\/\/rmaplastik.com\/en\/#organization","name":"RMA Plastik","url":"https:\/\/rmaplastik.com\/en\/","logo":{"@type":"ImageObject","inLanguage":"en-US","@id":"https:\/\/rmaplastik.com\/en\/#\/schema\/logo\/image\/","url":"https:\/\/rmaplastik.com\/wp-content\/uploads\/1.png","contentUrl":"https:\/\/rmaplastik.com\/wp-content\/uploads\/1.png","width":179,"height":62,"caption":"RMA Plastik"},"image":{"@id":"https:\/\/rmaplastik.com\/en\/#\/schema\/logo\/image\/"},"sameAs":["https:\/\/www.facebook.com\/rmaplastik","https:\/\/www.youtube.com\/channel\/UCXO7Np-P9Sp1mq1dMr6342w"]}]}},"_links":{"self":[{"href":"https:\/\/rmaplastik.com\/en\/wp-json\/wp\/v2\/pages\/7600"}],"collection":[{"href":"https:\/\/rmaplastik.com\/en\/wp-json\/wp\/v2\/pages"}],"about":[{"href":"https:\/\/rmaplastik.com\/en\/wp-json\/wp\/v2\/types\/page"}],"author":[{"embeddable":true,"href":"https:\/\/rmaplastik.com\/en\/wp-json\/wp\/v2\/users\/1"}],"replies":[{"embeddable":true,"href":"https:\/\/rmaplastik.com\/en\/wp-json\/wp\/v2\/comments?post=7600"}],"version-history":[{"count":89,"href":"https:\/\/rmaplastik.com\/en\/wp-json\/wp\/v2\/pages\/7600\/revisions"}],"predecessor-version":[{"id":28177,"href":"https:\/\/rmaplastik.com\/en\/wp-json\/wp\/v2\/pages\/7600\/revisions\/28177"}],"wp:attachment":[{"href":"https:\/\/rmaplastik.com\/en\/wp-json\/wp\/v2\/media?parent=7600"}],"curies":[{"name":"wp","href":"https:\/\/api.w.org\/{rel}","templated":true}]}}