{"id":25822,"date":"2017-02-03T07:16:14","date_gmt":"2017-02-03T05:16:14","guid":{"rendered":"http:\/\/rmaplastik.com\/?page_id=25822"},"modified":"2017-03-13T11:48:38","modified_gmt":"2017-03-13T09:48:38","slug":"kullanim-kosullari","status":"publish","type":"page","link":"https:\/\/rmaplastik.com\/en\/kullanim-kosullari\/","title":{"rendered":"Kullan\u0131m Ko\u015fullar\u0131"},"content":{"rendered":"<p>[vc_row][vc_column][vc_text_separator title_level=&#8221;h5&#8243; title_light=&#8221;1&#8243; title=&#8221;Tank\u0131n Yeri&#8221; color=&#8221;custom&#8221; style=&#8221;shadow&#8221; accent_color=&#8221;#212331&#8243;]<div class=\"clearboth\"><\/div><div class=\"gem-divider \" style=\"margin-top: 14px;\"><\/div>[vc_column_text]<\/p>\n<p>Tank\u0131 beton d\u00f6k\u00fclm\u00fc\u015f, yerden az y\u00fcksek, monolitik (tek par\u00e7a), temiz ve d\u00fczg\u00fcn bir zemine yerle\u015ftiriniz. Tank ile zemin aras\u0131nda ta\u015f, \u00e7\u00f6p vs gibi bir \u015fey kalmad\u0131\u011f\u0131ndan emin olunuz. Alt\u0131nda ufak da olsa ta\u015f bulunan, e\u011fimli veya toprak zemine yerle\u015ftirilmi\u015f tanklar\u0131n patlama riski bulundu\u011fundan bu tanklar garanti kapsam\u0131na girmez.<\/p>\n<p>Tank\u0131 en az \u00e7al\u0131\u015fan ve ekipman trafi\u011finin oldu\u011fu ve s\u0131caktan ve ate\u015ften yeterince uzakta bir yere yerle\u015ftiriniz. Tank\u0131, tanka kolayca m\u00fcdahale edebilece\u011finiz, \u00e7ok kere yer de\u011fi\u015ftirmenize sebep olmayacak, gelecekte tank\u0131 kolayca denetleyebilece\u011finiz ve y\u0131ll\u0131k kontrolleri yapabilece\u011finiz bir yere yerle\u015ftirmeniz \u00f6nemlidir. Tank\u0131n \u00e7ok kere yer de\u011fi\u015ftirilmesi, tank\u0131n yer de\u011fi\u015ftirilme s\u0131ras\u0131nda hasar g\u00f6rme riskini artt\u0131r\u0131r.<\/p>\n<p>[\/vc_column_text]<div class=\"clearboth\"><\/div><div class=\"gem-divider \" style=\"margin-top: 30px;\"><\/div>[vc_text_separator title_level=&#8221;h5&#8243; title_light=&#8221;1&#8243; title=&#8221;Kullanma, Bak\u0131m ve Muhafaza&#8221; color=&#8221;custom&#8221; style=&#8221;shadow&#8221; accent_color=&#8221;#212331&#8243;]<div class=\"clearboth\"><\/div><div class=\"gem-divider \" style=\"margin-top: 14px;\"><\/div>[vc_column_text]<\/p>\n<p class=\"p1\"><span class=\"s1\"><b><i>Tanklar\u0131n \u00fczerine \u00e7\u0131kmay\u0131n, \u00fczerinde hareket etmeyin<\/i><\/b>! Tank y\u00fczeyleri esnek ve kaygan olup, a\u011f\u0131rl\u0131k kald\u0131rmaya m\u00fcsait de\u011fildir. <b><i>Tanklar\u0131 dolu iken ta\u015f\u0131may\u0131n\u0131z ve yerini de\u011fi\u015ftirmeyiniz<\/i><\/b>!<span class=\"Apple-converted-space\">\u00a0 <\/span>Tanklar\u0131 mutlaka vin\u00e7 veya forklift yard\u0131m\u0131yla indiriniz. Tanklar\u0131 giri\u015f ve \u00e7\u0131k\u0131\u015f yerlerinden tutarak kald\u0131rmay\u0131n\u0131z ve hareket ettirmeyiniz. Tank\u0131n ve \u00e7\u0131k\u0131\u015flar\u0131n herhangi bir darbe almamas\u0131 gerekmektedir. <\/span><\/p>\n<p class=\"p1\"><span class=\"s1\">Tanklar\u0131n bo\u015falt\u0131m s\u0131ras\u0131nda bas\u0131n\u00e7 veya vakum i\u00e7in yeterli havaland\u0131rma sa\u011fland\u0131\u011f\u0131n\u0131; dolum s\u0131ras\u0131nda ise fazla bas\u0131n\u00e7 olu\u015fmad\u0131\u011f\u0131n\u0131 ve tank\u0131n \u015fi\u015fmedi\u011fini kontrol ediniz. Aksi bir durum varsa tank\u0131n dolum ve bo\u015falt\u0131m\u0131n\u0131 durdurunuz.<span class=\"Apple-converted-space\">\u00a0 <\/span>Tanklar\u0131n i\u00e7ine hava bas\u0131nc\u0131 (bar-at\u00fc) uygulamay\u0131n\u0131z. <\/span><\/p>\n<p class=\"p1\"><span class=\"s1\">Tanklar\u0131 ile kullan\u0131lacak sabit tesisat aras\u0131nda mutlaka esnek (fleksi) hortum kullan\u0131n\u0131z. Fleksi\/esnek ba\u011flant\u0131lar ile hortumlar\u0131n do\u011fru i\u015fledi\u011fini ve s\u0131zd\u0131rmad\u0131\u011f\u0131n\u0131 kontrol ediniz. Vana, hortum ve boru tesisat\u0131 i\u00e7in yeterli deste\u011fin bulundu\u011fundan ve do\u011fru \u015fekilde monte edildi\u011fini ve s\u0131z\u0131nt\u0131 yapmad\u0131\u011f\u0131n\u0131 kontrol ediniz. <\/span><\/p>\n<p class=\"p1\"><span class=\"s1\">Contalarda yorulma olup olmad\u0131\u011f\u0131n\u0131 s\u0131k\u00e7a kontrol ediniz. Yorulma tespit edilmesi halinde contalar\u0131 de\u011fi\u015ftiriniz. \u00c7\u0131k\u0131\u015f ve tertibattaki c\u0131vata torklar\u0131n\u0131 kontrol ediniz ve gerekmesi halinde s\u0131k\u0131\u015ft\u0131r\u0131p d\u00fczeltiniz. <\/span><\/p>\n<p class=\"p1\"><span class=\"s1\">Tank\u0131n hem i\u00e7 hem de d\u0131\u015f y\u00fczeyinde k\u0131r\u0131lmaya sebebiyet verebilecek gerilim\/stres belirtilerini kontrol ediniz. \u00d6r\u00fcmcek a\u011f\u0131 veya bu\u011fulanmaya benzer bir g\u00f6r\u00fcnt\u00fc olup olmad\u0131\u011f\u0131na bak\u0131n\u0131z.<\/span><\/p>\n<p>[\/vc_column_text]<div class=\"clearboth\"><\/div><div class=\"gem-divider \" style=\"margin-top: 30px;\"><\/div>[vc_text_separator title_level=&#8221;h5&#8243; title_light=&#8221;1&#8243; title=&#8221;Y\u0131ll\u0131k Kontrol&#8221; color=&#8221;custom&#8221; style=&#8221;shadow&#8221; accent_color=&#8221;#212331&#8243;]<div class=\"clearboth\"><\/div><div class=\"gem-divider \" style=\"margin-top: 14px;\"><\/div>[vc_column_text]<\/p>\n<p class=\"p1\"><span class=\"s1\">B\u00fct\u00fcn polietilen tanklar, yeni bir tank olmas\u0131na bak\u0131lmaks\u0131z\u0131n, rutin ve dikkatli denetime tabi tutulmal\u0131d\u0131r. Tank\u0131n, tankta muhafaza edilen \u00fcr\u00fcn\u00fcn ve \u00e7al\u0131\u015fanlar\u0131n g\u00fcvenli\u011fi i\u00e7in burada belirtilen tank denetimleri y\u0131lda en az bir kere yerine getirilmelidir. Tankta gerilim k\u0131r\u0131lmas\u0131, y\u00fczey \u00e7atlamas\u0131, k\u0131r\u0131lganla\u015fma ve gevreme g\u00f6r\u00fclmesi halinde tank mutlaka tamir edilmeli veya de\u011fi\u015ftirilmelidir. <\/span><\/p>\n<ul>\n<li class=\"li2\"><span class=\"s3\">Tank\u0131 bo\u015falt\u0131n\u0131z, tank\u0131 temizleyiniz ve tank\u0131n i\u00e7inde s\u0131v\u0131 kalmad\u0131\u011f\u0131ndan emin olunuz. <\/span><\/li>\n<li class=\"li2\"><span class=\"s3\">Tank\u0131n i\u00e7inde ve d\u0131\u015f\u0131nda herhangi bir \u00e7atlak, k\u0131r\u0131lganla\u015fma veya gevreme izi var m\u0131 diye kontrol ediniz. Tank\u0131 kontrol ederken, \u00e7\u0131k\u0131\u015fa, tanka monte edilen tesisata ve tank\u0131n birle\u015fim ve k\u00f6\u015fe k\u0131s\u0131mlar\u0131na \u00f6nem veriniz ve dikkatlice inceleyiniz. Tank\u0131n i\u00e7ini kontrol ederken mutlaka el feneri kullan\u0131p, tank\u0131n b\u00fct\u00fcn k\u00f6\u015feleri ve birle\u015fim yerlerini dikkatlice kontrol etti\u011finizden emin olunuz. Gerilim\/strese ba\u011fl\u0131 \u00e7atlaklar\u0131n tank\u0131n d\u0131\u015f y\u00fczeyinden \u00f6nce i\u00e7 y\u00fczeyinde olu\u015fmas\u0131 sebebiyle tank\u0131n i\u00e7 y\u00fczeyinin kontrol\u00fc \u00e7ok \u00f6nemlidir. Tanklardaki \u00e7atlaklar \u00e7o\u011funlukla tank\u0131n i\u00e7 y\u00fczeyinden ba\u015flamakta olup zamanla d\u0131\u015f y\u00fczeyinde belirmektedir.\u00a0<\/span><\/li>\n<li class=\"li2\"><span class=\"s3\">Genel korozyon ve bozulma izleri ile s\u0131z\u0131nt\u0131lar i\u00e7in giri\u015f ve \u00e7\u0131k\u0131\u015flar\u0131, esnek ba\u011flant\u0131 hortumlar\u0131n\u0131 ve contalar\u0131 kontrol ediniz. <\/span><\/li>\n<\/ul>\n<p>[\/vc_column_text]<div class=\"clearboth\"><\/div><div class=\"gem-divider \" style=\"margin-top: 30px;\"><\/div>[vc_text_separator title_level=&#8221;h5&#8243; title_light=&#8221;1&#8243; title=&#8221;Nakliye&#8221; color=&#8221;custom&#8221; style=&#8221;shadow&#8221; accent_color=&#8221;#212331&#8243;]<div class=\"clearboth\"><\/div><div class=\"gem-divider \" style=\"margin-top: 14px;\"><\/div>[vc_column_text]<\/p>\n<p class=\"p1\"><span class=\"s1\">Firmam\u0131z \u00fcr\u00fcnlerin nakliyesinden sorumlu de\u011fildir. \u00dcr\u00fcnlerin al\u0131c\u0131 firma taraf\u0131ndan ayarlanan ara\u00e7lara y\u00fcklenmesi firmam\u0131z\u0131n sorumlulu\u011funda olup, yolda ve indirme s\u0131ras\u0131nda olu\u015fabilecek kazalar, hasarlar ve gecikmelerden firmam\u0131z sorumlu de\u011fildir. <\/span><\/p>\n<p>[\/vc_column_text]<div class=\"clearboth\"><\/div><div class=\"gem-divider \" style=\"margin-top: 30px;\"><\/div>[vc_text_separator title_level=&#8221;h5&#8243; title_light=&#8221;1&#8243; title=&#8221;Garanti&#8221; color=&#8221;custom&#8221; style=&#8221;shadow&#8221; accent_color=&#8221;#212331&#8243;]<div class=\"clearboth\"><\/div><div class=\"gem-divider \" style=\"margin-top: 14px;\"><\/div>[vc_column_text]<\/p>\n<p class=\"p1\"><span class=\"s1\">\u00dcr\u00fcnlerimiz \u00fcretim hatalar\u0131na kar\u015f\u0131 <strong>2 y\u0131l<\/strong> garantilidir. <\/span><span class=\"s2\">Kullan\u0131m ko\u015fullar\u0131na uyulmamas\u0131 ve tanklar\u0131n belirtilen ama\u00e7 d\u0131\u015f\u0131nda kullan\u0131lmas\u0131 sebebiyle meydana gelecek hasarlardan firmam\u0131z sorumlu de\u011fildir.<\/span><\/p>\n<p>[\/vc_column_text]<div class=\"clearboth\"><\/div><div class=\"gem-divider \" style=\"margin-top: 30px;\"><\/div><div class=\"clearboth\"><\/div><div class=\"gem-divider \" style=\"margin-top: 30px;\"><\/div>[\/vc_column][\/vc_row]<\/p>\n","protected":false},"excerpt":{"rendered":"<p>[vc_row][vc_column][vc_text_separator title_level=&#8221;h5&#8243; title_light=&#8221;1&#8243; title=&#8221;Tank\u0131n Yeri&#8221; color=&#8221;custom&#8221; style=&#8221;shadow&#8221; accent_color=&#8221;#212331&#8243;][vc_column_text] Tank\u0131 beton d\u00f6k\u00fclm\u00fc\u015f, yerden az y\u00fcksek, monolitik (tek par\u00e7a), temiz ve d\u00fczg\u00fcn&#8230;<\/p>\n","protected":false},"author":1,"featured_media":0,"parent":0,"menu_order":0,"comment_status":"closed","ping_status":"closed","template":"","meta":[],"yoast_head":"<!-- This site is optimized with the Yoast SEO plugin v20.1 - https:\/\/yoast.com\/wordpress\/plugins\/seo\/ -->\n<title>Kullan\u0131m Ko\u015fullar\u0131 - RMA Plastik<\/title>\n<meta name=\"robots\" content=\"index, follow, max-snippet:-1, max-image-preview:large, max-video-preview:-1\" \/>\n<link rel=\"canonical\" href=\"https:\/\/rmaplastik.com\/en\/kullanim-kosullari\/\" \/>\n<meta property=\"og:locale\" content=\"en_US\" \/>\n<meta property=\"og:type\" content=\"article\" \/>\n<meta property=\"og:title\" content=\"Kullan\u0131m Ko\u015fullar\u0131 - RMA Plastik\" \/>\n<meta property=\"og:description\" content=\"[vc_row][vc_column][vc_text_separator title_level=&#8221;h5&#8243; title_light=&#8221;1&#8243; title=&#8221;Tank\u0131n Yeri&#8221; color=&#8221;custom&#8221; style=&#8221;shadow&#8221; accent_color=&#8221;#212331&#8243;][vc_column_text] Tank\u0131 beton d\u00f6k\u00fclm\u00fc\u015f, yerden az y\u00fcksek, monolitik (tek par\u00e7a), temiz ve d\u00fczg\u00fcn...\" \/>\n<meta property=\"og:url\" content=\"https:\/\/rmaplastik.com\/en\/kullanim-kosullari\/\" \/>\n<meta property=\"og:site_name\" content=\"RMA Plastik\" \/>\n<meta property=\"article:publisher\" content=\"https:\/\/www.facebook.com\/rmaplastik\" \/>\n<meta property=\"article:modified_time\" content=\"2017-03-13T09:48:38+00:00\" \/>\n<meta name=\"twitter:card\" content=\"summary_large_image\" \/>\n<meta name=\"twitter:label1\" content=\"Est. reading time\" \/>\n\t<meta name=\"twitter:data1\" content=\"4 minutes\" \/>\n<script type=\"application\/ld+json\" class=\"yoast-schema-graph\">{\"@context\":\"https:\/\/schema.org\",\"@graph\":[{\"@type\":\"WebPage\",\"@id\":\"https:\/\/rmaplastik.com\/en\/kullanim-kosullari\/\",\"url\":\"https:\/\/rmaplastik.com\/en\/kullanim-kosullari\/\",\"name\":\"Kullan\u0131m Ko\u015fullar\u0131 - RMA Plastik\",\"isPartOf\":{\"@id\":\"https:\/\/rmaplastik.com\/en\/#website\"},\"datePublished\":\"2017-02-03T05:16:14+00:00\",\"dateModified\":\"2017-03-13T09:48:38+00:00\",\"breadcrumb\":{\"@id\":\"https:\/\/rmaplastik.com\/en\/kullanim-kosullari\/#breadcrumb\"},\"inLanguage\":\"en-US\",\"potentialAction\":[{\"@type\":\"ReadAction\",\"target\":[\"https:\/\/rmaplastik.com\/en\/kullanim-kosullari\/\"]}]},{\"@type\":\"BreadcrumbList\",\"@id\":\"https:\/\/rmaplastik.com\/en\/kullanim-kosullari\/#breadcrumb\",\"itemListElement\":[{\"@type\":\"ListItem\",\"position\":1,\"name\":\"Anasayfa\",\"item\":\"https:\/\/rmaplastik.com\/en\/\"},{\"@type\":\"ListItem\",\"position\":2,\"name\":\"Kullan\u0131m Ko\u015fullar\u0131\"}]},{\"@type\":\"WebSite\",\"@id\":\"https:\/\/rmaplastik.com\/en\/#website\",\"url\":\"https:\/\/rmaplastik.com\/en\/\",\"name\":\"RMA Plastik\",\"description\":\"\",\"publisher\":{\"@id\":\"https:\/\/rmaplastik.com\/en\/#organization\"},\"potentialAction\":[{\"@type\":\"SearchAction\",\"target\":{\"@type\":\"EntryPoint\",\"urlTemplate\":\"https:\/\/rmaplastik.com\/en\/?s={search_term_string}\"},\"query-input\":\"required name=search_term_string\"}],\"inLanguage\":\"en-US\"},{\"@type\":\"Organization\",\"@id\":\"https:\/\/rmaplastik.com\/en\/#organization\",\"name\":\"RMA Plastik\",\"url\":\"https:\/\/rmaplastik.com\/en\/\",\"logo\":{\"@type\":\"ImageObject\",\"inLanguage\":\"en-US\",\"@id\":\"https:\/\/rmaplastik.com\/en\/#\/schema\/logo\/image\/\",\"url\":\"https:\/\/rmaplastik.com\/wp-content\/uploads\/1.png\",\"contentUrl\":\"https:\/\/rmaplastik.com\/wp-content\/uploads\/1.png\",\"width\":179,\"height\":62,\"caption\":\"RMA Plastik\"},\"image\":{\"@id\":\"https:\/\/rmaplastik.com\/en\/#\/schema\/logo\/image\/\"},\"sameAs\":[\"https:\/\/www.facebook.com\/rmaplastik\",\"https:\/\/www.youtube.com\/channel\/UCXO7Np-P9Sp1mq1dMr6342w\"]}]}<\/script>\n<!-- \/ Yoast SEO plugin. -->","yoast_head_json":{"title":"Kullan\u0131m Ko\u015fullar\u0131 - RMA Plastik","robots":{"index":"index","follow":"follow","max-snippet":"max-snippet:-1","max-image-preview":"max-image-preview:large","max-video-preview":"max-video-preview:-1"},"canonical":"https:\/\/rmaplastik.com\/en\/kullanim-kosullari\/","og_locale":"en_US","og_type":"article","og_title":"Kullan\u0131m Ko\u015fullar\u0131 - RMA Plastik","og_description":"[vc_row][vc_column][vc_text_separator title_level=&#8221;h5&#8243; title_light=&#8221;1&#8243; title=&#8221;Tank\u0131n Yeri&#8221; color=&#8221;custom&#8221; style=&#8221;shadow&#8221; accent_color=&#8221;#212331&#8243;][vc_column_text] Tank\u0131 beton d\u00f6k\u00fclm\u00fc\u015f, yerden az y\u00fcksek, monolitik (tek par\u00e7a), temiz ve d\u00fczg\u00fcn...","og_url":"https:\/\/rmaplastik.com\/en\/kullanim-kosullari\/","og_site_name":"RMA Plastik","article_publisher":"https:\/\/www.facebook.com\/rmaplastik","article_modified_time":"2017-03-13T09:48:38+00:00","twitter_card":"summary_large_image","twitter_misc":{"Est. reading time":"4 minutes"},"schema":{"@context":"https:\/\/schema.org","@graph":[{"@type":"WebPage","@id":"https:\/\/rmaplastik.com\/en\/kullanim-kosullari\/","url":"https:\/\/rmaplastik.com\/en\/kullanim-kosullari\/","name":"Kullan\u0131m Ko\u015fullar\u0131 - RMA Plastik","isPartOf":{"@id":"https:\/\/rmaplastik.com\/en\/#website"},"datePublished":"2017-02-03T05:16:14+00:00","dateModified":"2017-03-13T09:48:38+00:00","breadcrumb":{"@id":"https:\/\/rmaplastik.com\/en\/kullanim-kosullari\/#breadcrumb"},"inLanguage":"en-US","potentialAction":[{"@type":"ReadAction","target":["https:\/\/rmaplastik.com\/en\/kullanim-kosullari\/"]}]},{"@type":"BreadcrumbList","@id":"https:\/\/rmaplastik.com\/en\/kullanim-kosullari\/#breadcrumb","itemListElement":[{"@type":"ListItem","position":1,"name":"Anasayfa","item":"https:\/\/rmaplastik.com\/en\/"},{"@type":"ListItem","position":2,"name":"Kullan\u0131m Ko\u015fullar\u0131"}]},{"@type":"WebSite","@id":"https:\/\/rmaplastik.com\/en\/#website","url":"https:\/\/rmaplastik.com\/en\/","name":"RMA Plastik","description":"","publisher":{"@id":"https:\/\/rmaplastik.com\/en\/#organization"},"potentialAction":[{"@type":"SearchAction","target":{"@type":"EntryPoint","urlTemplate":"https:\/\/rmaplastik.com\/en\/?s={search_term_string}"},"query-input":"required name=search_term_string"}],"inLanguage":"en-US"},{"@type":"Organization","@id":"https:\/\/rmaplastik.com\/en\/#organization","name":"RMA Plastik","url":"https:\/\/rmaplastik.com\/en\/","logo":{"@type":"ImageObject","inLanguage":"en-US","@id":"https:\/\/rmaplastik.com\/en\/#\/schema\/logo\/image\/","url":"https:\/\/rmaplastik.com\/wp-content\/uploads\/1.png","contentUrl":"https:\/\/rmaplastik.com\/wp-content\/uploads\/1.png","width":179,"height":62,"caption":"RMA Plastik"},"image":{"@id":"https:\/\/rmaplastik.com\/en\/#\/schema\/logo\/image\/"},"sameAs":["https:\/\/www.facebook.com\/rmaplastik","https:\/\/www.youtube.com\/channel\/UCXO7Np-P9Sp1mq1dMr6342w"]}]}},"_links":{"self":[{"href":"https:\/\/rmaplastik.com\/en\/wp-json\/wp\/v2\/pages\/25822"}],"collection":[{"href":"https:\/\/rmaplastik.com\/en\/wp-json\/wp\/v2\/pages"}],"about":[{"href":"https:\/\/rmaplastik.com\/en\/wp-json\/wp\/v2\/types\/page"}],"author":[{"embeddable":true,"href":"https:\/\/rmaplastik.com\/en\/wp-json\/wp\/v2\/users\/1"}],"replies":[{"embeddable":true,"href":"https:\/\/rmaplastik.com\/en\/wp-json\/wp\/v2\/comments?post=25822"}],"version-history":[{"count":18,"href":"https:\/\/rmaplastik.com\/en\/wp-json\/wp\/v2\/pages\/25822\/revisions"}],"predecessor-version":[{"id":26914,"href":"https:\/\/rmaplastik.com\/en\/wp-json\/wp\/v2\/pages\/25822\/revisions\/26914"}],"wp:attachment":[{"href":"https:\/\/rmaplastik.com\/en\/wp-json\/wp\/v2\/media?parent=25822"}],"curies":[{"name":"wp","href":"https:\/\/api.w.org\/{rel}","templated":true}]}}