{"id":25419,"date":"2017-02-02T09:48:05","date_gmt":"2017-02-02T07:48:05","guid":{"rendered":"http:\/\/rmaplastik.com\/?page_id=25419"},"modified":"2017-04-14T17:18:41","modified_gmt":"2017-04-14T14:18:41","slug":"banka-bilgileri","status":"publish","type":"page","link":"https:\/\/rmaplastik.com\/en\/banka-bilgileri\/","title":{"rendered":"Banka Bilgileri"},"content":{"rendered":"<p>[vc_row][vc_column][vc_tta_tour style=&#8221;modern&#8221; color=&#8221;grey&#8221; active_section=&#8221;1&#8243;][vc_tta_section add_icon=&#8221;true&#8221; title=&#8221;T\u00fcrkiye \u0130\u015f Bankas\u0131&#8221; tab_id=&#8221;1486068775368-2b3abbfa-fd5a&#8221; i_icon_elegant=&#8221;gem-print-icon gem-icon-pack-elegant arrow_triangle-right&#8221;]<\/p>\n<div class=\"gem-table gem-table-responsive gem-table-style-3 row-headers\">\n<div style=\"margin-bottom: 20px;\">\n<h4>T\u00fcrkiye \u0130\u015f Bankas\u0131 Hesap Bilgilerimiz<\/h4>\n<\/div>\n<table style=\"width: 100%;\">\n<tbody>\n<tr>\n<td>IBAN<\/td>\n<td>TR85 0006 4000 0011 4680 0599 11<\/td>\n<\/tr>\n<\/tbody>\n<\/table>\n<\/div>\n<p>[\/vc_tta_section][vc_tta_section add_icon=&#8221;true&#8221; title=&#8221;Halkbank&#8221; tab_id=&#8221;1486071050695-73ee135a-46b5&#8243; i_icon_elegant=&#8221;gem-print-icon gem-icon-pack-elegant arrow_triangle-right&#8221;]<\/p>\n<div class=\"gem-table gem-table-responsive gem-table-style-3 row-headers\">\n<div style=\"margin-bottom: 20px;\">\n<h4>Halkbank\u00a0Hesap Bilgilerimiz<\/h4>\n<\/div>\n<table style=\"width: 100%;\">\n<tbody>\n<tr>\n<td>IBAN<\/td>\n<td>TR54 0001 2009 5920 0010 0000 76<\/td>\n<\/tr>\n<\/tbody>\n<\/table>\n<\/div>\n<p>[\/vc_tta_section][vc_tta_section add_icon=&#8221;true&#8221; title=&#8221;Garanti Bankas\u0131&#8221; tab_id=&#8221;1486068775314-68733163-0220&#8243; i_icon_elegant=&#8221;gem-print-icon gem-icon-pack-elegant arrow_triangle-right&#8221;]<\/p>\n<div class=\"gem-table gem-table-responsive gem-table-style-3 row-headers\">\n<div style=\"margin-bottom: 20px;\">\n<h4>Garanti Bankas\u0131 Hesap Bilgilerimiz<\/h4>\n<\/div>\n<table style=\"width: 100%;\">\n<tbody>\n<tr>\n<td>IBAN<\/td>\n<td>TR40 0006 2001 1730 0006 2991 36<\/td>\n<\/tr>\n<\/tbody>\n<\/table>\n<\/div>\n<p>[\/vc_tta_section][\/vc_tta_tour][\/vc_column][\/vc_row][vc_row][vc_column]<div class=\"clearboth\"><\/div><div class=\"gem-divider \" style=\"margin-bottom: 40px;\"><\/div>[\/vc_column][\/vc_row]<\/p>\n","protected":false},"excerpt":{"rendered":"<p>[vc_row][vc_column][vc_tta_tour style=&#8221;modern&#8221; color=&#8221;grey&#8221; active_section=&#8221;1&#8243;][vc_tta_section add_icon=&#8221;true&#8221; title=&#8221;T\u00fcrkiye \u0130\u015f Bankas\u0131&#8221; tab_id=&#8221;1486068775368-2b3abbfa-fd5a&#8221; i_icon_elegant=&#8221;gem-print-icon gem-icon-pack-elegant arrow_triangle-right&#8221;][\/vc_tta_section][vc_tta_section add_icon=&#8221;true&#8221; title=&#8221;Halkbank&#8221; tab_id=&#8221;1486071050695-73ee135a-46b5&#8243; i_icon_elegant=&#8221;gem-print-icon gem-icon-pack-elegant arrow_triangle-right&#8221;][\/vc_tta_section][vc_tta_section add_icon=&#8221;true&#8221; title=&#8221;Garanti&#8230;<\/p>\n","protected":false},"author":1,"featured_media":0,"parent":0,"menu_order":0,"comment_status":"closed","ping_status":"closed","template":"","meta":[],"yoast_head":"<!-- This site is optimized with the Yoast SEO plugin v20.1 - https:\/\/yoast.com\/wordpress\/plugins\/seo\/ -->\n<title>Banka Bilgileri - RMA Plastik<\/title>\n<meta name=\"robots\" content=\"index, follow, max-snippet:-1, max-image-preview:large, max-video-preview:-1\" \/>\n<link rel=\"canonical\" href=\"https:\/\/rmaplastik.com\/en\/banka-bilgileri\/\" \/>\n<meta property=\"og:locale\" content=\"en_US\" \/>\n<meta property=\"og:type\" content=\"article\" \/>\n<meta property=\"og:title\" content=\"Banka Bilgileri - RMA Plastik\" \/>\n<meta property=\"og:description\" content=\"[vc_row][vc_column][vc_tta_tour style=&#8221;modern&#8221; color=&#8221;grey&#8221; active_section=&#8221;1&#8243;][vc_tta_section add_icon=&#8221;true&#8221; title=&#8221;T\u00fcrkiye \u0130\u015f Bankas\u0131&#8221; tab_id=&#8221;1486068775368-2b3abbfa-fd5a&#8221; i_icon_elegant=&#8221;gem-print-icon gem-icon-pack-elegant arrow_triangle-right&#8221;][\/vc_tta_section][vc_tta_section add_icon=&#8221;true&#8221; title=&#8221;Halkbank&#8221; tab_id=&#8221;1486071050695-73ee135a-46b5&#8243; i_icon_elegant=&#8221;gem-print-icon gem-icon-pack-elegant arrow_triangle-right&#8221;][\/vc_tta_section][vc_tta_section add_icon=&#8221;true&#8221; title=&#8221;Garanti...\" \/>\n<meta property=\"og:url\" content=\"https:\/\/rmaplastik.com\/en\/banka-bilgileri\/\" \/>\n<meta property=\"og:site_name\" content=\"RMA Plastik\" \/>\n<meta property=\"article:publisher\" content=\"https:\/\/www.facebook.com\/rmaplastik\" \/>\n<meta property=\"article:modified_time\" content=\"2017-04-14T14:18:41+00:00\" \/>\n<meta name=\"twitter:card\" content=\"summary_large_image\" \/>\n<meta name=\"twitter:label1\" content=\"Est. reading time\" \/>\n\t<meta name=\"twitter:data1\" content=\"1 minute\" \/>\n<script type=\"application\/ld+json\" class=\"yoast-schema-graph\">{\"@context\":\"https:\/\/schema.org\",\"@graph\":[{\"@type\":\"WebPage\",\"@id\":\"https:\/\/rmaplastik.com\/en\/banka-bilgileri\/\",\"url\":\"https:\/\/rmaplastik.com\/en\/banka-bilgileri\/\",\"name\":\"Banka Bilgileri - RMA Plastik\",\"isPartOf\":{\"@id\":\"https:\/\/rmaplastik.com\/en\/#website\"},\"datePublished\":\"2017-02-02T07:48:05+00:00\",\"dateModified\":\"2017-04-14T14:18:41+00:00\",\"breadcrumb\":{\"@id\":\"https:\/\/rmaplastik.com\/en\/banka-bilgileri\/#breadcrumb\"},\"inLanguage\":\"en-US\",\"potentialAction\":[{\"@type\":\"ReadAction\",\"target\":[\"https:\/\/rmaplastik.com\/en\/banka-bilgileri\/\"]}]},{\"@type\":\"BreadcrumbList\",\"@id\":\"https:\/\/rmaplastik.com\/en\/banka-bilgileri\/#breadcrumb\",\"itemListElement\":[{\"@type\":\"ListItem\",\"position\":1,\"name\":\"Anasayfa\",\"item\":\"https:\/\/rmaplastik.com\/en\/\"},{\"@type\":\"ListItem\",\"position\":2,\"name\":\"Banka Bilgileri\"}]},{\"@type\":\"WebSite\",\"@id\":\"https:\/\/rmaplastik.com\/en\/#website\",\"url\":\"https:\/\/rmaplastik.com\/en\/\",\"name\":\"RMA Plastik\",\"description\":\"\",\"publisher\":{\"@id\":\"https:\/\/rmaplastik.com\/en\/#organization\"},\"potentialAction\":[{\"@type\":\"SearchAction\",\"target\":{\"@type\":\"EntryPoint\",\"urlTemplate\":\"https:\/\/rmaplastik.com\/en\/?s={search_term_string}\"},\"query-input\":\"required name=search_term_string\"}],\"inLanguage\":\"en-US\"},{\"@type\":\"Organization\",\"@id\":\"https:\/\/rmaplastik.com\/en\/#organization\",\"name\":\"RMA Plastik\",\"url\":\"https:\/\/rmaplastik.com\/en\/\",\"logo\":{\"@type\":\"ImageObject\",\"inLanguage\":\"en-US\",\"@id\":\"https:\/\/rmaplastik.com\/en\/#\/schema\/logo\/image\/\",\"url\":\"https:\/\/rmaplastik.com\/wp-content\/uploads\/1.png\",\"contentUrl\":\"https:\/\/rmaplastik.com\/wp-content\/uploads\/1.png\",\"width\":179,\"height\":62,\"caption\":\"RMA Plastik\"},\"image\":{\"@id\":\"https:\/\/rmaplastik.com\/en\/#\/schema\/logo\/image\/\"},\"sameAs\":[\"https:\/\/www.facebook.com\/rmaplastik\",\"https:\/\/www.youtube.com\/channel\/UCXO7Np-P9Sp1mq1dMr6342w\"]}]}<\/script>\n<!-- \/ Yoast SEO plugin. -->","yoast_head_json":{"title":"Banka Bilgileri - RMA Plastik","robots":{"index":"index","follow":"follow","max-snippet":"max-snippet:-1","max-image-preview":"max-image-preview:large","max-video-preview":"max-video-preview:-1"},"canonical":"https:\/\/rmaplastik.com\/en\/banka-bilgileri\/","og_locale":"en_US","og_type":"article","og_title":"Banka Bilgileri - RMA Plastik","og_description":"[vc_row][vc_column][vc_tta_tour style=&#8221;modern&#8221; color=&#8221;grey&#8221; active_section=&#8221;1&#8243;][vc_tta_section add_icon=&#8221;true&#8221; title=&#8221;T\u00fcrkiye \u0130\u015f Bankas\u0131&#8221; tab_id=&#8221;1486068775368-2b3abbfa-fd5a&#8221; i_icon_elegant=&#8221;gem-print-icon gem-icon-pack-elegant arrow_triangle-right&#8221;][\/vc_tta_section][vc_tta_section add_icon=&#8221;true&#8221; title=&#8221;Halkbank&#8221; tab_id=&#8221;1486071050695-73ee135a-46b5&#8243; i_icon_elegant=&#8221;gem-print-icon gem-icon-pack-elegant arrow_triangle-right&#8221;][\/vc_tta_section][vc_tta_section add_icon=&#8221;true&#8221; title=&#8221;Garanti...","og_url":"https:\/\/rmaplastik.com\/en\/banka-bilgileri\/","og_site_name":"RMA Plastik","article_publisher":"https:\/\/www.facebook.com\/rmaplastik","article_modified_time":"2017-04-14T14:18:41+00:00","twitter_card":"summary_large_image","twitter_misc":{"Est. reading time":"1 minute"},"schema":{"@context":"https:\/\/schema.org","@graph":[{"@type":"WebPage","@id":"https:\/\/rmaplastik.com\/en\/banka-bilgileri\/","url":"https:\/\/rmaplastik.com\/en\/banka-bilgileri\/","name":"Banka Bilgileri - RMA Plastik","isPartOf":{"@id":"https:\/\/rmaplastik.com\/en\/#website"},"datePublished":"2017-02-02T07:48:05+00:00","dateModified":"2017-04-14T14:18:41+00:00","breadcrumb":{"@id":"https:\/\/rmaplastik.com\/en\/banka-bilgileri\/#breadcrumb"},"inLanguage":"en-US","potentialAction":[{"@type":"ReadAction","target":["https:\/\/rmaplastik.com\/en\/banka-bilgileri\/"]}]},{"@type":"BreadcrumbList","@id":"https:\/\/rmaplastik.com\/en\/banka-bilgileri\/#breadcrumb","itemListElement":[{"@type":"ListItem","position":1,"name":"Anasayfa","item":"https:\/\/rmaplastik.com\/en\/"},{"@type":"ListItem","position":2,"name":"Banka Bilgileri"}]},{"@type":"WebSite","@id":"https:\/\/rmaplastik.com\/en\/#website","url":"https:\/\/rmaplastik.com\/en\/","name":"RMA Plastik","description":"","publisher":{"@id":"https:\/\/rmaplastik.com\/en\/#organization"},"potentialAction":[{"@type":"SearchAction","target":{"@type":"EntryPoint","urlTemplate":"https:\/\/rmaplastik.com\/en\/?s={search_term_string}"},"query-input":"required name=search_term_string"}],"inLanguage":"en-US"},{"@type":"Organization","@id":"https:\/\/rmaplastik.com\/en\/#organization","name":"RMA Plastik","url":"https:\/\/rmaplastik.com\/en\/","logo":{"@type":"ImageObject","inLanguage":"en-US","@id":"https:\/\/rmaplastik.com\/en\/#\/schema\/logo\/image\/","url":"https:\/\/rmaplastik.com\/wp-content\/uploads\/1.png","contentUrl":"https:\/\/rmaplastik.com\/wp-content\/uploads\/1.png","width":179,"height":62,"caption":"RMA Plastik"},"image":{"@id":"https:\/\/rmaplastik.com\/en\/#\/schema\/logo\/image\/"},"sameAs":["https:\/\/www.facebook.com\/rmaplastik","https:\/\/www.youtube.com\/channel\/UCXO7Np-P9Sp1mq1dMr6342w"]}]}},"_links":{"self":[{"href":"https:\/\/rmaplastik.com\/en\/wp-json\/wp\/v2\/pages\/25419"}],"collection":[{"href":"https:\/\/rmaplastik.com\/en\/wp-json\/wp\/v2\/pages"}],"about":[{"href":"https:\/\/rmaplastik.com\/en\/wp-json\/wp\/v2\/types\/page"}],"author":[{"embeddable":true,"href":"https:\/\/rmaplastik.com\/en\/wp-json\/wp\/v2\/users\/1"}],"replies":[{"embeddable":true,"href":"https:\/\/rmaplastik.com\/en\/wp-json\/wp\/v2\/comments?post=25419"}],"version-history":[{"count":25,"href":"https:\/\/rmaplastik.com\/en\/wp-json\/wp\/v2\/pages\/25419\/revisions"}],"predecessor-version":[{"id":27277,"href":"https:\/\/rmaplastik.com\/en\/wp-json\/wp\/v2\/pages\/25419\/revisions\/27277"}],"wp:attachment":[{"href":"https:\/\/rmaplastik.com\/en\/wp-json\/wp\/v2\/media?parent=25419"}],"curies":[{"name":"wp","href":"https:\/\/api.w.org\/{rel}","templated":true}]}}